{"id":102,"date":"2014-06-06T23:22:20","date_gmt":"2014-06-06T21:22:20","guid":{"rendered":"http:\/\/www.khgi.agh.edu.pl\/?page_id=102"},"modified":"2024-12-04T08:19:32","modified_gmt":"2024-12-04T07:19:32","slug":"profesorowie","status":"publish","type":"page","link":"https:\/\/www.khgi.agh.edu.pl\/?page_id=102","title":{"rendered":"Profesorowie"},"content":{"rendered":"<p><span style=\"color: #0000ff;\"><a href=\"http:\/\/www.khgi.agh.edu.pl\/?page_id=311\"><strong style=\"color: #3366ff;\"><span style=\"color: #0000ff;\"><strong>prof. dr hab. Ewa Kmiecik\u00a0<\/strong><\/span><span style=\"color: #0000ff;\"><strong>\u2013 Dziekan WGGiO\u015a<\/strong><\/span><\/strong><\/a><\/span><\/p>\n<p><a href=\"http:\/\/www.khgi.agh.edu.pl\/?page_id=317\"><span style=\"color: #0000ff;\"><strong>dr hab. in\u017c. Adam Postawa, prof. AGH\u00a0\u2013 Kierownik Katedry<\/strong><\/span><\/a><\/p>\n<p><span style=\"color: #0000ff;\"><strong><a style=\"color: #0000ff;\" href=\"http:\/\/www.khgi.agh.edu.pl\/?page_id=295\">dr hab. in\u017c. Mariusz Czop, prof. AGH<\/a><\/strong><\/span><\/p>\n<p><span style=\"color: #0000ff;\"> <strong> <a style=\"color: #0000ff;\" href=\"http:\/\/www.khgi.agh.edu.pl\/?page_id=298\">dr hab. in\u017c. Robert Duda, prof. AGH<\/a><\/strong><\/span><\/p>\n<p><span style=\"color: #0000ff;\"><strong><a title=\"prof. dr hab. in\u017c. Grzegorz Malina\" href=\"http:\/\/www.khgi.agh.edu.pl\/?page_id=272\"><span style=\"color: #0000ff;\">prof. dr hab. in\u017c. Grzegorz Malina<\/span><\/a><\/strong><\/span><\/p>\n<p><span style=\"color: #0000ff;\"><strong><a href=\"http:\/\/www.khgi.agh.edu.pl\/?page_id=278\"><span style=\"color: #0000ff;\">prof. dr hab. in\u017c. Jacek Motyka &#8211; emeryt<\/span><\/a><\/strong><\/span><\/p>\n<p><span style=\"color: #0000ff;\"><strong><a href=\"http:\/\/www.khgi.agh.edu.pl\/?page_id=1151\"><span style=\"color: #0000ff;\">dr hab. in\u017c. Kajetan d&#8217;Obyrn, prof. AGH<\/span><\/a><\/strong><\/span><\/p>\n<p><a href=\"http:\/\/www.khgi.agh.edu.pl\/?page_id=1506\"><span style=\"color: #0000ff;\"><strong>dr hab. Marek Rembi\u015b, prof. AGH<\/strong><\/span><\/a><\/p>\n<p><span style=\"color: #0000ff;\"><strong style=\"color: #3366ff;\"><a title=\"prof. dr hab. in\u017c. Stanis\u0142aw Rybicki, emeryt\" href=\"http:\/\/www.khgi.agh.edu.pl\/?page_id=284\"><span style=\"color: #0000ff;\">prof. dr hab. in\u017c. Stanis\u0142aw Rybicki &#8211; emeryt<\/span><\/a><\/strong><\/span><\/p>\n<p><span style=\"color: #0000ff;\"><strong><a title=\"prof. dr hab. in\u017c. Jadwiga Szczepa\u0144ska-Plewa, emeryt\" href=\"http:\/\/www.khgi.agh.edu.pl\/?page_id=281\"><span style=\"color: #0000ff;\">prof. dr hab. in\u017c. Jadwiga Szczepa\u0144ska-Plewa &#8211; emeryt<\/span><\/a><\/strong><\/span><\/p>\n<p><span style=\"color: #0000ff;\"><strong><a title=\"prof. dr hab. in\u017c. Andrzej Szczepa\u0144ski, emeryt\" href=\"http:\/\/www.khgi.agh.edu.pl\/?page_id=626\"><span style=\"color: #0000ff;\">prof. dr hab. in\u017c. Andrzej Szczepa\u0144ski &#8211; emeryt<\/span><\/a><\/strong><\/span><\/p>\n<p><span style=\"color: #0000ff;\"><strong><a href=\"http:\/\/www.khgi.agh.edu.pl\/?page_id=287\"><span style=\"color: #0000ff;\">dr hab. in\u017c. Stanis\u0142aw Witczak, prof. AGH &#8211; emeryt<\/span><\/a><\/strong><\/span><\/p>\n<p><span style=\"color: #0000ff;\"><strong><a title=\"dr hab.in\u017c. Henryk Wo\u017aniak - prof. AGH\" href=\"http:\/\/www.khgi.agh.edu.pl\/?page_id=267\"><span style=\"color: #0000ff;\">dr hab. in\u017c. Henryk Wo\u017aniak, prof. AGH &#8211; emeryt<\/span><\/a><\/strong><\/span><\/p>\n<p><span style=\"color: #3366ff;\">\u00a0<\/span><\/p>\n","protected":false},"excerpt":{"rendered":"<p>prof. dr hab. Ewa Kmiecik\u00a0\u2013 Dziekan WGGiO\u015a dr hab. in\u017c. Adam Postawa, prof. AGH\u00a0\u2013 Kierownik Katedry dr hab. in\u017c. Mariusz Czop, prof. AGH dr hab. in\u017c. Robert Duda, prof. AGH prof. dr hab. in\u017c. Grzegorz Malina prof. dr hab. in\u017c. Jacek Motyka &#8211; emeryt dr hab. in\u017c. Kajetan d&#8217;Obyrn, prof. AGH dr hab. Marek Rembi\u015b, [&hellip;]<\/p>\n","protected":false},"author":1,"featured_media":0,"parent":0,"menu_order":0,"comment_status":"open","ping_status":"open","template":"","meta":{"footnotes":""},"class_list":["post-102","page","type-page","status-publish","hentry"],"_links":{"self":[{"href":"https:\/\/www.khgi.agh.edu.pl\/index.php?rest_route=\/wp\/v2\/pages\/102","targetHints":{"allow":["GET"]}}],"collection":[{"href":"https:\/\/www.khgi.agh.edu.pl\/index.php?rest_route=\/wp\/v2\/pages"}],"about":[{"href":"https:\/\/www.khgi.agh.edu.pl\/index.php?rest_route=\/wp\/v2\/types\/page"}],"author":[{"embeddable":true,"href":"https:\/\/www.khgi.agh.edu.pl\/index.php?rest_route=\/wp\/v2\/users\/1"}],"replies":[{"embeddable":true,"href":"https:\/\/www.khgi.agh.edu.pl\/index.php?rest_route=%2Fwp%2Fv2%2Fcomments&post=102"}],"version-history":[{"count":40,"href":"https:\/\/www.khgi.agh.edu.pl\/index.php?rest_route=\/wp\/v2\/pages\/102\/revisions"}],"predecessor-version":[{"id":2194,"href":"https:\/\/www.khgi.agh.edu.pl\/index.php?rest_route=\/wp\/v2\/pages\/102\/revisions\/2194"}],"wp:attachment":[{"href":"https:\/\/www.khgi.agh.edu.pl\/index.php?rest_route=%2Fwp%2Fv2%2Fmedia&parent=102"}],"curies":[{"name":"wp","href":"https:\/\/api.w.org\/{rel}","templated":true}]}}