{"id":109,"date":"2014-06-06T23:24:59","date_gmt":"2014-06-06T21:24:59","guid":{"rendered":"http:\/\/www.khgi.agh.edu.pl\/?page_id=109"},"modified":"2023-10-19T15:19:05","modified_gmt":"2023-10-19T13:19:05","slug":"doktoranci","status":"publish","type":"page","link":"https:\/\/www.khgi.agh.edu.pl\/?page_id=109","title":{"rendered":"Doktoranci"},"content":{"rendered":"<p><span style=\"color: #0000ff;\"><strong><span style=\"color: #0000ff;\">mgr in\u017c. Damian Cie\u0144<br \/>\n<a style=\"color: #0000ff;\" href=\"http:\/\/www.khgi.agh.edu.pl\/?page_id=1701\">mgr in\u017c. Jakub Czurczak<\/a><br \/>\nmgr in\u017c. Andrzej Dubiniewicz<br \/>\nmgr in\u017c. Piotr Dzie\u0144<\/span><span style=\"color: #0000ff;\"><br \/>\n<\/span><\/strong><\/span><span style=\"color: #0000ff;\"><strong>mgr in\u017c. Maciej Nikiel<\/strong><\/span><\/p>\n","protected":false},"excerpt":{"rendered":"<p>mgr in\u017c. Damian Cie\u0144 mgr in\u017c. Jakub Czurczak mgr in\u017c. Andrzej Dubiniewicz mgr in\u017c. Piotr Dzie\u0144 mgr in\u017c. Maciej Nikiel<\/p>\n","protected":false},"author":1,"featured_media":0,"parent":0,"menu_order":0,"comment_status":"open","ping_status":"open","template":"","meta":{"footnotes":""},"class_list":["post-109","page","type-page","status-publish","hentry"],"_links":{"self":[{"href":"https:\/\/www.khgi.agh.edu.pl\/index.php?rest_route=\/wp\/v2\/pages\/109","targetHints":{"allow":["GET"]}}],"collection":[{"href":"https:\/\/www.khgi.agh.edu.pl\/index.php?rest_route=\/wp\/v2\/pages"}],"about":[{"href":"https:\/\/www.khgi.agh.edu.pl\/index.php?rest_route=\/wp\/v2\/types\/page"}],"author":[{"embeddable":true,"href":"https:\/\/www.khgi.agh.edu.pl\/index.php?rest_route=\/wp\/v2\/users\/1"}],"replies":[{"embeddable":true,"href":"https:\/\/www.khgi.agh.edu.pl\/index.php?rest_route=%2Fwp%2Fv2%2Fcomments&post=109"}],"version-history":[{"count":58,"href":"https:\/\/www.khgi.agh.edu.pl\/index.php?rest_route=\/wp\/v2\/pages\/109\/revisions"}],"predecessor-version":[{"id":2154,"href":"https:\/\/www.khgi.agh.edu.pl\/index.php?rest_route=\/wp\/v2\/pages\/109\/revisions\/2154"}],"wp:attachment":[{"href":"https:\/\/www.khgi.agh.edu.pl\/index.php?rest_route=%2Fwp%2Fv2%2Fmedia&parent=109"}],"curies":[{"name":"wp","href":"https:\/\/api.w.org\/{rel}","templated":true}]}}