{"id":1130,"date":"2016-10-12T18:05:26","date_gmt":"2016-10-12T16:05:26","guid":{"rendered":"http:\/\/www.khgi.agh.edu.pl\/?page_id=1130"},"modified":"2023-01-20T12:07:43","modified_gmt":"2023-01-20T11:07:43","slug":"mgr-inz-damian-pietrzak","status":"publish","type":"page","link":"https:\/\/www.khgi.agh.edu.pl\/?page_id=1130","title":{"rendered":"dr in\u017c. Damian Pietrzak"},"content":{"rendered":"<p style=\"color: #000000;\"><span style=\"color: #3366ff;\"><strong>K<\/strong><strong>ontakt<\/strong><\/span><strong><a style=\"color: #1e73be;\" href=\"http:\/\/skos.agh.edu.pl\/osoba\/andrzej-haladus-1049.html\"><br \/>\n<\/a><\/strong><\/p>\n<ul>\n<li><span style=\"color: #000000;\">A0, Laboratorium Hydrogeochemiczne KHGI, pok\u00f3j nr 017<\/span><\/li>\n<li><span style=\"color: #000000;\">A0, pok\u00f3j nr 02<\/span><\/li>\n<li><span style=\"color: #000000;\">pietrzak@agh.edu.pl<\/span><\/li>\n<\/ul>\n<p style=\"color: #000000;\"><span style=\"color: #3366ff;\"><strong>Dydaktyka:<\/strong><\/span><\/p>\n<ul>\n<li><span style=\"color: #000000;\">Hydrogeochemia<\/span><\/li>\n<li><span style=\"color: #000000;\">Zastosowanie informatyki w geologii<\/span><\/li>\n<li><span style=\"color: #000000;\">Modelowanie proces\u00f3w geodynamicznych<\/span><\/li>\n<li><span style=\"color: #000000;\">Eksploracja danych przestrzennych<\/span><\/li>\n<\/ul>\n<p><span style=\"color: #3366ff;\"><strong><a style=\"color: #3366ff;\" href=\"https:\/\/bpp.agh.edu.pl\/autor\/pietrzak-damian-26664\">Spis publikacji<\/a><\/strong><\/span><\/p>\n","protected":false},"excerpt":{"rendered":"<p>Kontakt A0, Laboratorium Hydrogeochemiczne KHGI, pok\u00f3j nr 017 A0, pok\u00f3j nr 02 pietrzak@agh.edu.pl Dydaktyka: Hydrogeochemia Zastosowanie informatyki w geologii Modelowanie proces\u00f3w geodynamicznych Eksploracja danych przestrzennych Spis publikacji<\/p>\n","protected":false},"author":1,"featured_media":0,"parent":0,"menu_order":0,"comment_status":"closed","ping_status":"closed","template":"","meta":{"footnotes":""},"class_list":["post-1130","page","type-page","status-publish","hentry"],"_links":{"self":[{"href":"https:\/\/www.khgi.agh.edu.pl\/index.php?rest_route=\/wp\/v2\/pages\/1130","targetHints":{"allow":["GET"]}}],"collection":[{"href":"https:\/\/www.khgi.agh.edu.pl\/index.php?rest_route=\/wp\/v2\/pages"}],"about":[{"href":"https:\/\/www.khgi.agh.edu.pl\/index.php?rest_route=\/wp\/v2\/types\/page"}],"author":[{"embeddable":true,"href":"https:\/\/www.khgi.agh.edu.pl\/index.php?rest_route=\/wp\/v2\/users\/1"}],"replies":[{"embeddable":true,"href":"https:\/\/www.khgi.agh.edu.pl\/index.php?rest_route=%2Fwp%2Fv2%2Fcomments&post=1130"}],"version-history":[{"count":11,"href":"https:\/\/www.khgi.agh.edu.pl\/index.php?rest_route=\/wp\/v2\/pages\/1130\/revisions"}],"predecessor-version":[{"id":2095,"href":"https:\/\/www.khgi.agh.edu.pl\/index.php?rest_route=\/wp\/v2\/pages\/1130\/revisions\/2095"}],"wp:attachment":[{"href":"https:\/\/www.khgi.agh.edu.pl\/index.php?rest_route=%2Fwp%2Fv2%2Fmedia&parent=1130"}],"curies":[{"name":"wp","href":"https:\/\/api.w.org\/{rel}","templated":true}]}}