{"id":1133,"date":"2016-10-12T18:08:06","date_gmt":"2016-10-12T16:08:06","guid":{"rendered":"http:\/\/www.khgi.agh.edu.pl\/?page_id=1133"},"modified":"2020-11-04T12:42:57","modified_gmt":"2020-11-04T11:42:57","slug":"mgr-inz-piotr-rusiniak","status":"publish","type":"page","link":"https:\/\/www.khgi.agh.edu.pl\/?page_id=1133","title":{"rendered":"mgr in\u017c. Piotr Rusiniak"},"content":{"rendered":"<p style=\"color: #000000; text-align: left;\"><span style=\"color: #3366ff;\"><strong>K<\/strong><strong>ontakt\u00a0<img loading=\"lazy\" decoding=\"async\" class=\"alignnone size-medium wp-image-1406 alignright\" src=\"http:\/\/www.khgi.agh.edu.pl\/wp-content\/uploads\/2018\/01\/Piotr-Rusiniak-225x300.jpg\" alt=\"Piotr Rusiniak\" width=\"225\" height=\"300\" srcset=\"https:\/\/www.khgi.agh.edu.pl\/wp-content\/uploads\/2018\/01\/Piotr-Rusiniak-225x300.jpg 225w, https:\/\/www.khgi.agh.edu.pl\/wp-content\/uploads\/2018\/01\/Piotr-Rusiniak.jpg 768w\" sizes=\"auto, (max-width: 225px) 100vw, 225px\" \/><\/strong><\/span><\/p>\n<ul>\n<li><span style=\"color: #000000;\">A0, pok\u00f3j nr 017<\/span><\/li>\n<li><span style=\"color: #000000;\">rusiniak@agh.edu.pl<\/span><\/li>\n<\/ul>\n<p><strong><span style=\"color: #3366ff;\">Obszar bada\u0144 naukowych:<\/span><\/strong><\/p>\n<ul style=\"color: #404040;\">\n<li style=\"font-weight: inherit; font-style: inherit; text-align: left;\"><span style=\"font-weight: inherit; font-style: inherit; color: #000000;\">Statystyczna analiza danych hydrogeochemicznych<\/span><\/li>\n<li style=\"font-weight: inherit; font-style: inherit;\"><span style=\"font-weight: inherit; font-style: inherit; color: #000000;\">Analiza zmienno\u015bci sk\u0142adu chemicznego w\u00f3d<\/span><\/li>\n<li style=\"font-weight: inherit; font-style: inherit;\"><span style=\"font-weight: inherit; font-style: inherit; color: #000000;\">Wody lecznicze<\/span><\/li>\n<li style=\"font-weight: inherit; font-style: inherit;\"><span style=\"font-weight: inherit; font-style: inherit; color: #000000;\">Hydrogeochemia w\u00f3d termalnych<\/span><\/li>\n<li style=\"font-weight: inherit; font-style: inherit;\"><span style=\"font-weight: inherit; font-style: inherit; color: #000000;\">Kontrola jako\u015bci w badaniach laboratoryjnych<\/span><\/li>\n<li style=\"font-weight: inherit; font-style: inherit;\"><span style=\"font-weight: inherit; font-style: inherit; color: #000000;\">Specjacje chemiczne, analiza specjacyjna<\/span><\/li>\n<\/ul>\n<p style=\"color: #000000;\"><span style=\"color: #3366ff;\"><strong>Dydaktyka:<\/strong><\/span><\/p>\n<ul>\n<li><span style=\"color: #000000;\">Gruntoznawstwo<\/span><\/li>\n<li><span style=\"color: #000000;\">Metody statystyczne w hydrogeologii stosowanej, geologii in\u017cynierskiej i geotechnice<\/span><\/li>\n<\/ul>\n<p><span style=\"color: #3366ff;\"><strong><a style=\"color: #3366ff;\" href=\"https:\/\/bpp.agh.edu.pl\/autor\/rusiniak-piotr-27632\">Spis publikacji<\/a><\/strong><\/span><\/p>\n","protected":false},"excerpt":{"rendered":"<p>Kontakt\u00a0 A0, pok\u00f3j nr 017 rusiniak@agh.edu.pl Obszar bada\u0144 naukowych: Statystyczna analiza danych hydrogeochemicznych Analiza zmienno\u015bci sk\u0142adu chemicznego w\u00f3d Wody lecznicze Hydrogeochemia w\u00f3d termalnych Kontrola jako\u015bci w badaniach laboratoryjnych Specjacje chemiczne, analiza specjacyjna Dydaktyka: Gruntoznawstwo Metody statystyczne w hydrogeologii stosowanej, geologii in\u017cynierskiej i geotechnice Spis publikacji<\/p>\n","protected":false},"author":1,"featured_media":0,"parent":0,"menu_order":0,"comment_status":"closed","ping_status":"closed","template":"","meta":{"footnotes":""},"class_list":["post-1133","page","type-page","status-publish","hentry"],"_links":{"self":[{"href":"https:\/\/www.khgi.agh.edu.pl\/index.php?rest_route=\/wp\/v2\/pages\/1133","targetHints":{"allow":["GET"]}}],"collection":[{"href":"https:\/\/www.khgi.agh.edu.pl\/index.php?rest_route=\/wp\/v2\/pages"}],"about":[{"href":"https:\/\/www.khgi.agh.edu.pl\/index.php?rest_route=\/wp\/v2\/types\/page"}],"author":[{"embeddable":true,"href":"https:\/\/www.khgi.agh.edu.pl\/index.php?rest_route=\/wp\/v2\/users\/1"}],"replies":[{"embeddable":true,"href":"https:\/\/www.khgi.agh.edu.pl\/index.php?rest_route=%2Fwp%2Fv2%2Fcomments&post=1133"}],"version-history":[{"count":10,"href":"https:\/\/www.khgi.agh.edu.pl\/index.php?rest_route=\/wp\/v2\/pages\/1133\/revisions"}],"predecessor-version":[{"id":1945,"href":"https:\/\/www.khgi.agh.edu.pl\/index.php?rest_route=\/wp\/v2\/pages\/1133\/revisions\/1945"}],"wp:attachment":[{"href":"https:\/\/www.khgi.agh.edu.pl\/index.php?rest_route=%2Fwp%2Fv2%2Fmedia&parent=1133"}],"curies":[{"name":"wp","href":"https:\/\/api.w.org\/{rel}","templated":true}]}}