{"id":1634,"date":"2018-09-29T19:37:45","date_gmt":"2018-09-29T17:37:45","guid":{"rendered":"http:\/\/www.khgi.agh.edu.pl\/?page_id=1634"},"modified":"2023-10-19T15:15:49","modified_gmt":"2023-10-19T13:15:49","slug":"assistant-lecturer","status":"publish","type":"page","link":"https:\/\/www.khgi.agh.edu.pl\/?page_id=1634&lang=en","title":{"rendered":"Assistant lecturer"},"content":{"rendered":"<p><span style=\"color: #0000ff;\"><strong><a style=\"color: #0000ff;\" href=\"http:\/\/www.khgi.agh.edu.pl\/?page_id=1701\">mgr in\u017c. Jakub Czurczak<\/a><a style=\"color: #0000ff;\" href=\"http:\/\/www.khgi.agh.edu.pl\/?page_id=369\"><br \/>\n<\/a><span style=\"color: #0000ff;\"><a style=\"color: #0000ff;\" href=\"http:\/\/www.khgi.agh.edu.pl\/?page_id=326\">dr in\u017c. Robert Kaczmarczyk<\/a><\/span><a style=\"color: #0000ff;\" href=\"http:\/\/www.khgi.agh.edu.pl\/?page_id=369\"><br \/>\n<\/a><a href=\"http:\/\/www.khgi.agh.edu.pl\/?page_id=386\"><span style=\"color: #0000ff;\">dr in\u017c. Dorota Pierri<\/span><br \/>\n<\/a><a style=\"color: #0000ff;\" href=\"http:\/\/www.khgi.agh.edu.pl\/?page_id=1133\">mgr in\u017c. Piotr Rusiniak<\/a><\/strong><\/span><\/p>\n","protected":false},"excerpt":{"rendered":"<p>mgr in\u017c. Jakub Czurczak dr in\u017c. Robert Kaczmarczyk dr in\u017c. Dorota Pierri mgr in\u017c. Piotr Rusiniak<\/p>\n","protected":false},"author":1,"featured_media":0,"parent":0,"menu_order":0,"comment_status":"closed","ping_status":"closed","template":"","meta":{"footnotes":""},"class_list":["post-1634","page","type-page","status-publish","hentry"],"_links":{"self":[{"href":"https:\/\/www.khgi.agh.edu.pl\/index.php?rest_route=\/wp\/v2\/pages\/1634","targetHints":{"allow":["GET"]}}],"collection":[{"href":"https:\/\/www.khgi.agh.edu.pl\/index.php?rest_route=\/wp\/v2\/pages"}],"about":[{"href":"https:\/\/www.khgi.agh.edu.pl\/index.php?rest_route=\/wp\/v2\/types\/page"}],"author":[{"embeddable":true,"href":"https:\/\/www.khgi.agh.edu.pl\/index.php?rest_route=\/wp\/v2\/users\/1"}],"replies":[{"embeddable":true,"href":"https:\/\/www.khgi.agh.edu.pl\/index.php?rest_route=%2Fwp%2Fv2%2Fcomments&post=1634"}],"version-history":[{"count":10,"href":"https:\/\/www.khgi.agh.edu.pl\/index.php?rest_route=\/wp\/v2\/pages\/1634\/revisions"}],"predecessor-version":[{"id":2150,"href":"https:\/\/www.khgi.agh.edu.pl\/index.php?rest_route=\/wp\/v2\/pages\/1634\/revisions\/2150"}],"wp:attachment":[{"href":"https:\/\/www.khgi.agh.edu.pl\/index.php?rest_route=%2Fwp%2Fv2%2Fmedia&parent=1634"}],"curies":[{"name":"wp","href":"https:\/\/api.w.org\/{rel}","templated":true}]}}