{"id":1636,"date":"2018-09-29T19:41:37","date_gmt":"2018-09-29T17:41:37","guid":{"rendered":"http:\/\/www.khgi.agh.edu.pl\/?page_id=1636"},"modified":"2023-10-19T15:16:42","modified_gmt":"2023-10-19T13:16:42","slug":"associate-professor","status":"publish","type":"page","link":"https:\/\/www.khgi.agh.edu.pl\/?page_id=1636&lang=en","title":{"rendered":"Associate professor"},"content":{"rendered":"<p><span style=\"color: #0000ff;\"><strong><a style=\"color: #0000ff;\" href=\"http:\/\/www.khgi.agh.edu.pl\/?page_id=290\">dr in\u017c. Aleksandra Borecka<\/a><\/strong><\/span><br \/>\n<span style=\"color: #0000ff;\"> <strong> <a style=\"color: #0000ff;\" href=\"http:\/\/www.khgi.agh.edu.pl\/?page_id=304\">dr in\u017c. Janusz Herzig<\/a><\/strong><\/span><br \/>\n<a href=\"http:\/\/www.khgi.agh.edu.pl\/?page_id=309\"><span style=\"color: #0000ff;\"><strong>dr in\u017c. Jaros\u0142aw Kania<br \/>\n<\/strong><\/span><\/a><strong><span style=\"color: #0000ff;\"><a style=\"color: #0000ff;\" href=\"http:\/\/www.khgi.agh.edu.pl\/?page_id=329\">dr in\u017c. Ewa Kret<\/a><br \/>\n<a style=\"color: #0000ff;\" href=\"http:\/\/www.khgi.agh.edu.pl\/?page_id=1130\">dr in\u017c. Damian Pietrzak<\/a><br \/>\n<a style=\"color: #0000ff;\" href=\"http:\/\/www.khgi.agh.edu.pl\/?page_id=369\">dr in\u017c. Klaudia Seku\u0142a<\/a><\/span><br \/>\n<\/strong><strong><a href=\"http:\/\/www.khgi.agh.edu.pl\/?page_id=333\"><span style=\"color: #0000ff;\">dr Katarzyna W\u0105tor<\/span><\/a><br \/>\n<span style=\"color: #0000ff;\"><a style=\"color: #0000ff;\" href=\"http:\/\/www.khgi.agh.edu.pl\/?page_id=336\">dr in\u017c. Robert Zdechlik<\/a><\/span><\/strong><br \/>\n<span style=\"color: #0000ff;\"> <strong><a style=\"color: #0000ff;\" href=\"http:\/\/www.khgi.agh.edu.pl\/?page_id=323\">dr in\u017c. Anna \u017burek<\/a><\/strong><\/span><\/p>\n","protected":false},"excerpt":{"rendered":"<p>dr in\u017c. Aleksandra Borecka dr in\u017c. Janusz Herzig dr in\u017c. Jaros\u0142aw Kania dr in\u017c. Ewa Kret dr in\u017c. Damian Pietrzak dr in\u017c. Klaudia Seku\u0142a dr Katarzyna W\u0105tor dr in\u017c. Robert Zdechlik dr in\u017c. Anna \u017burek<\/p>\n","protected":false},"author":1,"featured_media":0,"parent":0,"menu_order":0,"comment_status":"closed","ping_status":"closed","template":"","meta":{"footnotes":""},"class_list":["post-1636","page","type-page","status-publish","hentry"],"_links":{"self":[{"href":"https:\/\/www.khgi.agh.edu.pl\/index.php?rest_route=\/wp\/v2\/pages\/1636","targetHints":{"allow":["GET"]}}],"collection":[{"href":"https:\/\/www.khgi.agh.edu.pl\/index.php?rest_route=\/wp\/v2\/pages"}],"about":[{"href":"https:\/\/www.khgi.agh.edu.pl\/index.php?rest_route=\/wp\/v2\/types\/page"}],"author":[{"embeddable":true,"href":"https:\/\/www.khgi.agh.edu.pl\/index.php?rest_route=\/wp\/v2\/users\/1"}],"replies":[{"embeddable":true,"href":"https:\/\/www.khgi.agh.edu.pl\/index.php?rest_route=%2Fwp%2Fv2%2Fcomments&post=1636"}],"version-history":[{"count":9,"href":"https:\/\/www.khgi.agh.edu.pl\/index.php?rest_route=\/wp\/v2\/pages\/1636\/revisions"}],"predecessor-version":[{"id":2153,"href":"https:\/\/www.khgi.agh.edu.pl\/index.php?rest_route=\/wp\/v2\/pages\/1636\/revisions\/2153"}],"wp:attachment":[{"href":"https:\/\/www.khgi.agh.edu.pl\/index.php?rest_route=%2Fwp%2Fv2%2Fmedia&parent=1636"}],"curies":[{"name":"wp","href":"https:\/\/api.w.org\/{rel}","templated":true}]}}