{"id":1640,"date":"2018-09-29T19:42:29","date_gmt":"2018-09-29T17:42:29","guid":{"rendered":"http:\/\/www.khgi.agh.edu.pl\/?page_id=1640"},"modified":"2023-10-19T15:19:25","modified_gmt":"2023-10-19T13:19:25","slug":"phd","status":"publish","type":"page","link":"https:\/\/www.khgi.agh.edu.pl\/?page_id=1640&lang=en","title":{"rendered":"PhD"},"content":{"rendered":"<p><span style=\"color: #0000ff;\"><strong>mgr in\u017c. Damian Cie\u0144<br \/>\n<a style=\"color: #0000ff;\" href=\"http:\/\/www.khgi.agh.edu.pl\/?page_id=1701\">mgr in\u017c. Jakub Czurczak<\/a><br \/>\nmgr in\u017c. Andrzej Dubiniewicz<br \/>\nmgr in\u017c. Piotr Dzie\u0144<br \/>\nmgr in\u017c. Maciej Nikiel<\/strong><\/span><\/p>\n","protected":false},"excerpt":{"rendered":"<p>mgr in\u017c. Damian Cie\u0144 mgr in\u017c. Jakub Czurczak mgr in\u017c. Andrzej Dubiniewicz mgr in\u017c. Piotr Dzie\u0144 mgr in\u017c. Maciej Nikiel<\/p>\n","protected":false},"author":1,"featured_media":0,"parent":0,"menu_order":0,"comment_status":"closed","ping_status":"closed","template":"","meta":{"footnotes":""},"class_list":["post-1640","page","type-page","status-publish","hentry"],"_links":{"self":[{"href":"https:\/\/www.khgi.agh.edu.pl\/index.php?rest_route=\/wp\/v2\/pages\/1640","targetHints":{"allow":["GET"]}}],"collection":[{"href":"https:\/\/www.khgi.agh.edu.pl\/index.php?rest_route=\/wp\/v2\/pages"}],"about":[{"href":"https:\/\/www.khgi.agh.edu.pl\/index.php?rest_route=\/wp\/v2\/types\/page"}],"author":[{"embeddable":true,"href":"https:\/\/www.khgi.agh.edu.pl\/index.php?rest_route=\/wp\/v2\/users\/1"}],"replies":[{"embeddable":true,"href":"https:\/\/www.khgi.agh.edu.pl\/index.php?rest_route=%2Fwp%2Fv2%2Fcomments&post=1640"}],"version-history":[{"count":9,"href":"https:\/\/www.khgi.agh.edu.pl\/index.php?rest_route=\/wp\/v2\/pages\/1640\/revisions"}],"predecessor-version":[{"id":2155,"href":"https:\/\/www.khgi.agh.edu.pl\/index.php?rest_route=\/wp\/v2\/pages\/1640\/revisions\/2155"}],"wp:attachment":[{"href":"https:\/\/www.khgi.agh.edu.pl\/index.php?rest_route=%2Fwp%2Fv2%2Fmedia&parent=1640"}],"curies":[{"name":"wp","href":"https:\/\/api.w.org\/{rel}","templated":true}]}}