{"id":1642,"date":"2018-09-29T19:43:28","date_gmt":"2018-09-29T17:43:28","guid":{"rendered":"http:\/\/www.khgi.agh.edu.pl\/?page_id=1642"},"modified":"2023-04-05T20:27:08","modified_gmt":"2023-04-05T18:27:08","slug":"professors","status":"publish","type":"page","link":"https:\/\/www.khgi.agh.edu.pl\/?page_id=1642&lang=en","title":{"rendered":"Professors"},"content":{"rendered":"<p><a href=\"http:\/\/www.khgi.agh.edu.pl\/?page_id=311\"><strong style=\"color: #3366ff;\"><span style=\"color: #0000ff;\"><strong>prof. dr hab. Ewa Kmiecik\u00a0<\/strong><\/span><span style=\"color: #0000ff;\"><strong>\u2013 Vice-Dean for General and Student Affairs<\/strong><\/span><\/strong><\/a><\/p>\n<p><span style=\"color: #0000ff;\"><strong><a style=\"color: #0000ff;\" href=\"http:\/\/www.khgi.agh.edu.pl\/?page_id=317\">dr hab. in\u017c. Adam Postawa, prof. AGH \u2013 Vice-Dean for Education and Student Affairs<\/a><\/strong><\/span><\/p>\n<p><a href=\"http:\/\/www.khgi.agh.edu.pl\/?page_id=1506\"><span style=\"color: #0000ff;\"><strong>dr hab. Marek Rembi\u015b, prof. AGH \u2013<\/strong><\/span><span style=\"color: #0000ff;\"><strong> Head of the Department<\/strong><\/span><\/a><\/p>\n<p><span style=\"color: #0000ff;\"><strong><a style=\"color: #0000ff;\" href=\"http:\/\/www.khgi.agh.edu.pl\/?page_id=295\">dr hab. in\u017c. Mariusz Czop, prof. AGH<\/a><\/strong><\/span><\/p>\n<p><span style=\"color: #0000ff;\"> <strong> <a style=\"color: #0000ff;\" href=\"http:\/\/www.khgi.agh.edu.pl\/?page_id=298\">dr hab. in\u017c. Robert Duda, prof. AGH<\/a><\/strong><\/span><\/p>\n<p><span style=\"color: #0000ff;\"><strong><a style=\"color: #0000ff;\" title=\"prof. dr hab. in\u017c. Grzegorz Malina\" href=\"http:\/\/www.khgi.agh.edu.pl\/?page_id=272\">prof. dr hab. in\u017c. Grzegorz Malina<\/a><\/strong><\/span><\/p>\n<p><span style=\"color: #0000ff;\"><strong><a style=\"color: #0000ff;\" href=\"http:\/\/www.khgi.agh.edu.pl\/?page_id=278\">prof. dr hab. in\u017c. Jacek Motyka &#8211; retired <\/a><\/strong><\/span><\/p>\n<p><span style=\"color: #0000ff;\"><strong><a style=\"color: #0000ff;\" href=\"http:\/\/www.khgi.agh.edu.pl\/?page_id=1151\">dr hab. in\u017c. Kajetan d&#8217;Obyrn, prof. AGH<\/a><\/strong><\/span><\/p>\n<p><span style=\"color: #0000ff;\"><strong><a style=\"color: #0000ff;\" title=\"prof. dr hab. in\u017c. Stanis\u0142aw Rybicki, emeryt\" href=\"http:\/\/www.khgi.agh.edu.pl\/?page_id=284\">prof. dr hab. in\u017c. Stanis\u0142aw Rybicki &#8211; retired <\/a><\/strong><\/span><\/p>\n<p><span style=\"color: #0000ff;\"><strong><a style=\"color: #0000ff;\" title=\"prof. dr hab. in\u017c. Jadwiga Szczepa\u0144ska-Plewa, emeryt\" href=\"http:\/\/www.khgi.agh.edu.pl\/?page_id=281\">prof. dr hab. in\u017c. Jadwiga Szczepa\u0144ska-Plewa &#8211; retired <\/a><\/strong><\/span><\/p>\n<p><span style=\"color: #0000ff;\"><strong><a style=\"color: #0000ff;\" title=\"prof. dr hab. in\u017c. Andrzej Szczepa\u0144ski, emeryt\" href=\"http:\/\/www.khgi.agh.edu.pl\/?page_id=626\">prof. dr hab. in\u017c. Andrzej Szczepa\u0144ski &#8211; retired <\/a><\/strong><\/span><\/p>\n<p><span style=\"color: #0000ff;\"><strong><a style=\"color: #0000ff;\" href=\"http:\/\/www.khgi.agh.edu.pl\/?page_id=287\">dr hab. in\u017c. Stanis\u0142aw Witczak, prof. AGH &#8211; retired <\/a><\/strong><\/span><\/p>\n<p><span style=\"color: #0000ff;\"><strong><a style=\"color: #0000ff;\" title=\"dr hab.in\u017c. Henryk Wo\u017aniak - prof. AGH\" href=\"http:\/\/www.khgi.agh.edu.pl\/?page_id=267\">dr hab. in\u017c. Henryk Wo\u017aniak, prof. AGH &#8211; retired <\/a><\/strong><\/span><\/p>\n","protected":false},"excerpt":{"rendered":"<p>prof. dr hab. Ewa Kmiecik\u00a0\u2013 Vice-Dean for General and Student Affairs dr hab. in\u017c. Adam Postawa, prof. AGH \u2013 Vice-Dean for Education and Student Affairs dr hab. Marek Rembi\u015b, prof. AGH \u2013 Head of the Department dr hab. in\u017c. Mariusz Czop, prof. AGH dr hab. in\u017c. Robert Duda, prof. AGH prof. dr hab. in\u017c. Grzegorz [&hellip;]<\/p>\n","protected":false},"author":1,"featured_media":0,"parent":0,"menu_order":0,"comment_status":"closed","ping_status":"closed","template":"","meta":{"footnotes":""},"class_list":["post-1642","page","type-page","status-publish","hentry"],"_links":{"self":[{"href":"https:\/\/www.khgi.agh.edu.pl\/index.php?rest_route=\/wp\/v2\/pages\/1642","targetHints":{"allow":["GET"]}}],"collection":[{"href":"https:\/\/www.khgi.agh.edu.pl\/index.php?rest_route=\/wp\/v2\/pages"}],"about":[{"href":"https:\/\/www.khgi.agh.edu.pl\/index.php?rest_route=\/wp\/v2\/types\/page"}],"author":[{"embeddable":true,"href":"https:\/\/www.khgi.agh.edu.pl\/index.php?rest_route=\/wp\/v2\/users\/1"}],"replies":[{"embeddable":true,"href":"https:\/\/www.khgi.agh.edu.pl\/index.php?rest_route=%2Fwp%2Fv2%2Fcomments&post=1642"}],"version-history":[{"count":14,"href":"https:\/\/www.khgi.agh.edu.pl\/index.php?rest_route=\/wp\/v2\/pages\/1642\/revisions"}],"predecessor-version":[{"id":2132,"href":"https:\/\/www.khgi.agh.edu.pl\/index.php?rest_route=\/wp\/v2\/pages\/1642\/revisions\/2132"}],"wp:attachment":[{"href":"https:\/\/www.khgi.agh.edu.pl\/index.php?rest_route=%2Fwp%2Fv2%2Fmedia&parent=1642"}],"curies":[{"name":"wp","href":"https:\/\/api.w.org\/{rel}","templated":true}]}}