{"id":1652,"date":"2018-09-29T19:49:54","date_gmt":"2018-09-29T17:49:54","guid":{"rendered":"http:\/\/www.khgi.agh.edu.pl\/?page_id=1652"},"modified":"2018-09-29T19:51:08","modified_gmt":"2018-09-29T17:51:08","slug":"undergraduate-studies","status":"publish","type":"page","link":"https:\/\/www.khgi.agh.edu.pl\/?page_id=1652&lang=en","title":{"rendered":"Undergraduate studies"},"content":{"rendered":"<p><span style=\"color: #0000ff;\"><strong><a style=\"color: #0000ff;\" href=\"http:\/\/sylabus.agh.edu.pl\/2011-2012\/pl\/magnesite\/subjects\/1317\">Dynamika w\u00f3d podziemnych I\u00a0 GGiO\u015a &#8211; 4 GG + 4 I\u015a<\/a><\/strong><\/span><\/p>\n<p><span style=\"color: #0000ff;\"><strong><a style=\"color: #0000ff;\" href=\"http:\/\/syllabuskrk.agh.edu.pl\/2014-2015\/pl\/magnesite\/study_plans\/stacjonarne-ekologiczne-zrodla-energii\/module\/bez-1-203-s-geologia-inzynierska\">Geologia inzynierska &#8211; L(II)<\/a><\/strong><\/span><\/p>\n<p><span style=\"color: #0000ff;\"><strong><a style=\"color: #0000ff;\" href=\"http:\/\/syllabuskrk.agh.edu.pl\/2013-2014\/pl\/magnesite\/study_plans\/stacjonarne-ochrona-srodowiska\/module\/bos-1-612-s-geologia-inzynierska\">Geologia in\u017cynierska CP co 2 tyg &#8211; L(VI)<\/a><\/strong><\/span><\/p>\n<p><span style=\"color: #0000ff;\"><strong><a style=\"color: #0000ff;\" href=\"http:\/\/syllabuskrk.agh.edu.pl\/2012-2013\/pl\/magnesite\/study_plans\/stacjonarne-inzynieria-srodowiska--3\/module\/bis-1-514-s-geologia-inzynierska\">Geologia in\u017cynierska CP co 2 tyg &#8211; Z(V)<\/a><\/strong><\/span><\/p>\n<p><span style=\"color: #0000ff;\"><strong><a style=\"color: #0000ff;\" href=\"http:\/\/syllabuskrk.agh.edu.pl\/2013-2014\/pl\/magnesite\/study_plans\/stacjonarne-gornictwo-i-geologia--5\/module\/bgg-1-306-s-geologia-inzynierska\">Geologia in\u017cynierska ROZDZIELONE WYK\u0141ADY &#8211; Z(III)<\/a><\/strong><\/span><\/p>\n<p><span style=\"color: #0000ff;\"><strong><a style=\"color: #0000ff;\" href=\"http:\/\/syllabuskrk.agh.edu.pl\/2012-2013\/pl\/magnesite\/study_plans\/stacjonarne-gornictwo-i-geologia--3\/module\/bgg-1-611-s-geotechnika\">Geotechnika &#8211; L(VI)<\/a><\/strong><\/span><\/p>\n<p><span style=\"color: #0000ff;\"><strong>Gospodarka wodna i ochrona w\u00f3d &#8211; GGiO\u015a &#8211; 3 I\u015a<\/strong><\/span><\/p>\n<p><span style=\"color: #0000ff;\"><strong><a style=\"color: #0000ff;\" href=\"http:\/\/syllabuskrk.agh.edu.pl\/2013-2014\/pl\/magnesite\/study_plans\/stacjonarne-inzynieria-srodowiska--8\/module\/bis-1-407-s-gospodarka-wodna\">Gospodarka wodna &#8211; GGiO\u015a &#8211; 2I\u015a<\/a><\/strong><\/span><\/p>\n<p><span style=\"color: #0000ff;\"><strong>Gruntoznawstwo WYK\u0141AD\u00a0 co 2 tyg. &#8211; Z(V)<\/strong><\/span><\/p>\n<p><span style=\"color: #0000ff;\"><strong><a style=\"color: #0000ff;\" href=\"http:\/\/syllabuskrk.agh.edu.pl\/2013-2014\/pl\/magnesite\/study_plans\/stacjonarne-inzynieria-srodowiska--8\/module\/bis-1-306-s-gruntoznawstwo\">Gruntoznawstwo WYK\u0141AD CO 2 TYG. -Z (III)<\/a><\/strong><\/span><\/p>\n<p><span style=\"color: #0000ff;\"><strong>Gruntoznawstwo WYK\u0141AD I CA co 2 tyg. &#8211; Z(V)<\/strong><\/span><\/p>\n<p><span style=\"color: #0000ff;\"><strong><a style=\"color: #0000ff;\" href=\"http:\/\/sylabus.agh.edu.pl\/2011-2012\/pl\/magnesite\/subjects\/1267\">Hydrogeochemia I &#8211; GGiO\u015a &#8211; 4 GG + 4 I\u015a<\/a><\/strong><\/span><\/p>\n<p style=\"text-align: left;\"><span style=\"color: #0000ff;\"><strong><a style=\"color: #0000ff;\" href=\"http:\/\/syllabuskrk.agh.edu.pl\/2013-2014\/pl\/magnesite\/study_plans\/stacjonarne-ochrona-srodowiska\/module\/bos-1-404-s-hydrogeochemia\">Hydrogeochemia &#8211; GGiO\u015a &#8211; 2O\u015a<\/a><\/strong><\/span><\/p>\n<p><span style=\"color: #0000ff;\"><strong><a style=\"color: #0000ff;\" href=\"http:\/\/syllabuskrk.agh.edu.pl\/2012-2013\/pl\/magnesite\/study_plans\/stacjonarne-gornictwo-i-geologia--3\/module\/bgg-1-612-s-hydrogeologia-gornicza\">Hydrogeologia g\u00f3rnicza &#8211; GGiO\u015a &#8211; 3 GG<\/a><\/strong><\/span><\/p>\n<p><span style=\"color: #0000ff;\"><strong><a style=\"color: #0000ff;\" href=\"http:\/\/syllabuskrk.agh.edu.pl\/2013-2014\/pl\/magnesite\/study_plans\/stacjonarne-geofizyka\/module\/bgf-1-405-s-hydrogeologia-i-geologia-inzynierska\">Hydrogeologia i geologia in\u017cynierska (1\/2) &#8211; GGiO\u015a &#8211; 2 GF<\/a><\/strong><\/span><\/p>\n<p><span style=\"color: #0000ff;\"><strong><a style=\"color: #0000ff;\" href=\"http:\/\/syllabuskrk.agh.edu.pl\/2013-2014\/pl\/magnesite\/study_plans\/stacjonarne-geofizyka\/module\/bgf-1-405-s-hydrogeologia-i-geologia-inzynierska\">Hydrogeologia i geologia in\u017cynierska &#8211; L (IV)<\/a><\/strong><\/span><\/p>\n<p><span style=\"color: #0000ff;\"><strong><a style=\"color: #0000ff;\" href=\"http:\/\/sylabus.agh.edu.pl\/2011-2012\/pl\/magnesite\/subjects\/1245\">Hydrogeologia regionalna I &#8211; GGiO\u015a &#8211; 4 GG + 4 I\u015a<\/a><\/strong><\/span><\/p>\n<p><span style=\"color: #0000ff;\"><strong><a style=\"color: #0000ff;\" href=\"http:\/\/syllabuskrk.agh.edu.pl\/2013-2014\/pl\/magnesite\/study_plans\/stacjonarne-ekologiczne-zrodla-energii\/module\/bez-1-306-s-hydrogeologia\">Hydrogeologia &#8211; GGiO\u015a &#8211; 2 E\u0179E<\/a><\/strong><\/span><\/p>\n<p><span style=\"color: #0000ff;\"><strong><a style=\"color: #0000ff;\" href=\"http:\/\/syllabuskrk.agh.edu.pl\/2013-2014\/pl\/magnesite\/study_plans\/stacjonarne-gornictwo-i-geologia--5\/module\/bgg-1-303-s-hydrogeologia\">Hydrogeologia &#8211; GGiO\u015a &#8211; 2 GiG<\/a><\/strong><\/span><\/p>\n<p><span style=\"color: #0000ff;\"><strong><a style=\"color: #0000ff;\" href=\"http:\/\/syllabuskrk.agh.edu.pl\/2013-2014\/pl\/magnesite\/study_plans\/stacjonarne-inzynieria-srodowiska--8\/module\/bis-1-305-s-hydrogeologia\">Hydrogeologia &#8211; GGiO\u015a &#8211; 2I\u015a<\/a><\/strong><\/span><\/p>\n<p><span style=\"color: #0000ff;\"><strong><a style=\"color: #0000ff;\" href=\"http:\/\/syllabuskrk.agh.edu.pl\/2013-2014\/pl\/magnesite\/study_plans\/stacjonarne-ochrona-srodowiska\/module\/bos-1-404-s-hydrogeochemia\">Hydrogeologia &#8211; GGiO\u015a &#8211; 2O\u015a<\/a><\/strong><\/span><\/p>\n<p><span style=\"color: #0000ff;\"><strong><a style=\"color: #0000ff;\" href=\"http:\/\/syllabuskrk.agh.edu.pl\/2014-2015\/pl\/magnesite\/study_plans\/stacjonarne-inzynieria-srodowiska--8\/module\/bis-1-108-s-hydrologia-inzynierska\">Hydrologia in\u017cynierska &#8211; GGiO\u015a &#8211; 1 I\u015a<\/a><\/strong><\/span><\/p>\n<p><span style=\"color: #0000ff;\"><strong><a style=\"color: #0000ff;\" href=\"http:\/\/syllabuskrk.agh.edu.pl\/2014-2015\/pl\/magnesite\/study_plans\/stacjonarne-ekologiczne-zrodla-energii\/module\/bez-1-103-s-hydrologia-inzynierska\">Hydrologia in\u017cynierska &#8211; GGiO\u015a &#8211; 1E\u0179E<\/a><\/strong><\/span><\/p>\n<p><span style=\"color: #0000ff;\"><strong><a style=\"color: #0000ff;\" href=\"http:\/\/syllabuskrk.agh.edu.pl\/2014-2015\/pl\/magnesite\/study_plans\/stacjonarne-ochrona-srodowiska\/module\/bos-1-208-s-hydrologia\">Hydrologia &#8211; GGiO\u015a &#8211; 1 O\u015a<\/a><\/strong><\/span><\/p>\n<p><span style=\"color: #0000ff;\"><strong><a style=\"color: #0000ff;\" href=\"http:\/\/syllabuskrk.agh.edu.pl\/2012-2013\/pl\/magnesite\/study_plans\/stacjonarne-gornictwo-i-geologia--3\/module\/bgg-1-610-s-mechanika-gruntow\">Mechanika grunt\u00f3w &#8211; L(VI)<\/a><\/strong><\/span><\/p>\n<p><span style=\"color: #0000ff;\"><strong><a style=\"color: #0000ff;\" href=\"http:\/\/sylabus.agh.edu.pl\/2011-2012\/pl\/magnesite\/subjects\/1287\">Ochrona i monitoring w\u00f3d &#8211;\u00a0GGiO\u015a &#8211; 4 O\u015a<\/a><\/strong><\/span><\/p>\n<p><span style=\"color: #0000ff;\"><strong><a style=\"color: #0000ff;\" href=\"http:\/\/syllabuskrk.agh.edu.pl\/2012-2013\/pl\/magnesite\/study_plans\/stacjonarne-inzynieria-srodowiska--3\/module\/bis-1-612-s-podstawy-mechaniki-gruntow\">Podstawy mechaniki grunt\u00f3w &#8211; L(VI)<\/a><\/strong><\/span><\/p>\n<p><span style=\"color: #0000ff;\"><strong><a style=\"color: #0000ff;\" href=\"http:\/\/sylabus.agh.edu.pl\/2011-2012\/pl\/magnesite\/subjects\/1288\">Procesy geologiczno &#8211; in\u017cynierskie &#8211; Z(VII)<\/a><\/strong><\/span><\/p>\n<p><span style=\"color: #0000ff;\"><strong><a style=\"color: #0000ff;\" href=\"http:\/\/syllabuskrk.agh.edu.pl\/2012-2013\/pl\/magnesite\/study_plans\/stacjonarne-inzynieria-srodowiska--3\/module\/bis-1-613-s-projektowanie-i-dokumentowanie-prac-geologiczno-inzynierskich\">Proj. i dok. prac geol.- in\u017c. &#8211; L(VI)<\/a><\/strong><\/span><\/p>\n<p><span style=\"color: #0000ff;\"><strong><a style=\"color: #0000ff;\" href=\"http:\/\/syllabuskrk.agh.edu.pl\/2013-2014\/pl\/magnesite\/study_plans\/stacjonarne-inzynieria-srodowiska--8\/module\/bis-1-404-s-remediacja-i-rewitalizacja-terenow-zdegradowanych\">Remediacja i rewitalizacja teren\u00f3w zdegradowanych &#8211; GGiO\u015a &#8211; 2I\u015a<\/a><\/strong><\/span><\/p>\n<p><span style=\"color: #0000ff;\"><strong><a style=\"color: #0000ff;\" href=\"http:\/\/sylabus.agh.edu.pl\/2011-2012\/pl\/magnesite\/subjects\/1220\">Seminarium dyplomowe (in\u017cynierskie) &#8211; GGiO\u015a &#8211; 4 GG+I\u015a+O\u015a<\/a><\/strong><\/span><\/p>\n<p><span style=\"color: #0000ff;\"><strong><a style=\"color: #0000ff;\" href=\"http:\/\/syllabuskrk.agh.edu.pl\/2012-2013\/pl\/magnesite\/study_plans\/stacjonarne-inzynieria-srodowiska--3\/module\/bis-1-616-s-zajecia-terenowe-z-hydrogeologii-stosowanej-i-geotechniki\">Zaj\u0119cia ter. z hydr.stosowanej i geotech. &#8211; L(VI)<\/a><\/strong><\/span><\/p>\n<p><span style=\"color: #0000ff;\"><strong><a style=\"color: #0000ff;\" href=\"http:\/\/syllabuskrk.agh.edu.pl\/2013-2014\/pl\/magnesite\/study_plans\/stacjonarne-ochrona-srodowiska\/module\/bos-1-617-s-zajecia-terenowe-z-geotechniki-srodowiska-i-ochrony-wod\">Zaj\u0119cia ter.z geotech. \u015brod.i ochr. w\u00f3d &#8211; L(VI)<\/a><\/strong><\/span><\/p>\n<p><span style=\"color: #0000ff;\"><strong><a style=\"color: #0000ff;\" href=\"http:\/\/syllabuskrk.agh.edu.pl\/2012-2013\/pl\/magnesite\/study_plans\/stacjonarne-gornictwo-i-geologia--3\/module\/bgg-1-615-s-zajecia-terenowe-z-hydrogeologii-i-geologii-inzynierskiej\">Zaj\u0119cia terenowe z hydrogeologii i geol.-in\u017c. &#8211; L(VI)<\/a><\/strong><\/span><\/p>\n","protected":false},"excerpt":{"rendered":"<p>Dynamika w\u00f3d podziemnych I\u00a0 GGiO\u015a &#8211; 4 GG + 4 I\u015a Geologia inzynierska &#8211; L(II) Geologia in\u017cynierska CP co 2 tyg &#8211; L(VI) Geologia in\u017cynierska CP co 2 tyg &#8211; Z(V) Geologia in\u017cynierska ROZDZIELONE WYK\u0141ADY &#8211; Z(III) Geotechnika &#8211; L(VI) Gospodarka wodna i ochrona w\u00f3d &#8211; GGiO\u015a &#8211; 3 I\u015a Gospodarka wodna &#8211; GGiO\u015a &#8211; [&hellip;]<\/p>\n","protected":false},"author":1,"featured_media":0,"parent":0,"menu_order":0,"comment_status":"closed","ping_status":"closed","template":"","meta":{"footnotes":""},"class_list":["post-1652","page","type-page","status-publish","hentry"],"_links":{"self":[{"href":"https:\/\/www.khgi.agh.edu.pl\/index.php?rest_route=\/wp\/v2\/pages\/1652","targetHints":{"allow":["GET"]}}],"collection":[{"href":"https:\/\/www.khgi.agh.edu.pl\/index.php?rest_route=\/wp\/v2\/pages"}],"about":[{"href":"https:\/\/www.khgi.agh.edu.pl\/index.php?rest_route=\/wp\/v2\/types\/page"}],"author":[{"embeddable":true,"href":"https:\/\/www.khgi.agh.edu.pl\/index.php?rest_route=\/wp\/v2\/users\/1"}],"replies":[{"embeddable":true,"href":"https:\/\/www.khgi.agh.edu.pl\/index.php?rest_route=%2Fwp%2Fv2%2Fcomments&post=1652"}],"version-history":[{"count":3,"href":"https:\/\/www.khgi.agh.edu.pl\/index.php?rest_route=\/wp\/v2\/pages\/1652\/revisions"}],"predecessor-version":[{"id":1656,"href":"https:\/\/www.khgi.agh.edu.pl\/index.php?rest_route=\/wp\/v2\/pages\/1652\/revisions\/1656"}],"wp:attachment":[{"href":"https:\/\/www.khgi.agh.edu.pl\/index.php?rest_route=%2Fwp%2Fv2%2Fmedia&parent=1652"}],"curies":[{"name":"wp","href":"https:\/\/api.w.org\/{rel}","templated":true}]}}