{"id":1662,"date":"2018-09-29T19:59:43","date_gmt":"2018-09-29T17:59:43","guid":{"rendered":"http:\/\/www.khgi.agh.edu.pl\/?page_id=1662"},"modified":"2018-09-29T19:59:43","modified_gmt":"2018-09-29T17:59:43","slug":"partners","status":"publish","type":"page","link":"https:\/\/www.khgi.agh.edu.pl\/?page_id=1662&lang=en","title":{"rendered":"Partners"},"content":{"rendered":"<p><strong><span style=\"color: #3366ff;\">National partners:<\/span><\/strong><\/p>\n<ul>\n<li><span style=\"color: #000000;\">Instytut Fizyki J\u0105drowej PAN w Krakowie<\/span><\/li>\n<li><span style=\"color: #000000;\">Instytut Gospodarki Surowcami Mineralnymi i Energi\u0105 PAN w Krakowie<\/span><\/li>\n<li><span style=\"color: #000000;\">Instytut Podstaw In\u017cynierii \u015arodowiska PAN w Zabrzu<\/span><\/li>\n<li><span style=\"color: #000000;\">Komitet G\u00f3rnictwa, Komisja Nauk Geologicznych PAN<\/span><\/li>\n<li><span style=\"color: #000000;\">Uniwersytet im. A. Mickiewicza w Poznaniu<\/span><\/li>\n<li><span style=\"color: #000000;\">Uniwersytet Miko\u0142aja Kopernika w Toruniu<\/span><\/li>\n<li><span style=\"color: #000000;\">Uniwersytet \u015al\u0105ski<\/span><\/li>\n<li><span style=\"color: #000000;\">Uniwersytet Warszawski<\/span><\/li>\n<li><span style=\"color: #000000;\">Uniwersytet Wroc\u0142awski<\/span><\/li>\n<li><span style=\"color: #000000;\">G\u0142\u00f3wny Instytut G\u00f3rnictwa &#8211; Katowice<\/span><\/li>\n<li><span style=\"color: #000000;\">Ministerstwo Ochrony \u015arodowiska, Zasob\u00f3w Naturalnych i Le\u015bnictwa &#8211; Departament Geologii &#8211; Warszawa<\/span><\/li>\n<li><span style=\"color: #000000;\">Narodowy Instytut Zdrowia Publicznego \u2013 Pa\u0144stwowy Zak\u0142ad Higieny &#8211; Warszawa<\/span><\/li>\n<li><span style=\"color: #000000;\">Pa\u0144stwowa Inspekcja Ochrony \u015arodowiska &#8211; Warszawa<\/span><\/li>\n<li><span style=\"color: #000000;\">Pa\u0144stwowy Instytut Geologiczny &#8211; Warszawa, Krak\u00f3w, Kielce<\/span><\/li>\n<li><span style=\"color: #000000;\">Poltegor Projekt, Poltegor Instytut<\/span><\/li>\n<li><span style=\"color: #000000;\">Regionalny Zarz\u0105d Gospodarki Wodnej &#8211; Krak\u00f3w, Gliwice<\/span><\/li>\n<li><span style=\"color: #000000;\">Urz\u0119dy gmin oraz starostwa powiatowe<\/span><\/li>\n<li><span style=\"color: #000000;\">Zak\u0142ady g\u00f3rnicze<\/span><\/li>\n<\/ul>\n<p><strong><span style=\"color: #3366ff;\">Foreign partners:<\/span><\/strong><\/p>\n<ul>\n<li><span style=\"color: #000000;\">AgbarGroup, Hiszpania<\/span><\/li>\n<li><span style=\"color: #000000;\">Alterrab, Holandia<\/span><\/li>\n<li><span style=\"color: #000000;\">Athens University of Economics and Business \u2013 Research Centre, Grecja<\/span><\/li>\n<li><span style=\"color: #000000;\">Austrian Research Centers GmbH, Austria<\/span><\/li>\n<li><span style=\"color: #000000;\">Bioforsk-Norwegian Institute for Agricultural and Environmental Research, Norwegia<\/span><\/li>\n<li><span style=\"color: #000000;\">Democritus University of Thrace, Grecja<\/span><\/li>\n<li><span style=\"color: #000000;\">Eidgen\u00f6ssische Anstalt f\u00fcr Wasserversorgung, Abwasserreinigung und Gew\u00e4sserschutz, Szwajcaria<\/span><\/li>\n<li><span style=\"color: #000000;\">Empresa Portuguesa das \u00c1guas Livres, Portugalia<\/span><\/li>\n<li><span style=\"color: #000000;\">Faculty of Life Sciences, University of Copenhagen, Dania<\/span><\/li>\n<li><span style=\"color: #000000;\">GIS-Geoindustry, s.r.o., Czechy<\/span><\/li>\n<li><span style=\"color: #000000;\">Helmholtz -Zentrum f\u00fcr Umweltforschung GmbH, Niemcy<\/span><\/li>\n<li><span style=\"color: #000000;\">Helsinki University of Technology, Finlandia<\/span><\/li>\n<li><span style=\"color: #000000;\">HET WaterLaboratory, Holandia<\/span><\/li>\n<li><span style=\"color: #000000;\">Higher Technical Institute; Cypr<\/span><\/li>\n<li><span style=\"color: #000000;\">HMGU M\u00fcnchen Gesundheit Umwelt, Niemcy<\/span><\/li>\n<li><span style=\"color: #000000;\">\u0130GEM Dan\u0131\u015fmanl\u0131kOrganizasyonAra\u015ft\u0131rma Ltd \u015eti, Turcja<\/span><\/li>\n<li><span style=\"color: #000000;\">Institut National de la Recherche Agronomique, Francja<\/span><\/li>\n<li><span style=\"color: #000000;\">Institute of Chemistry, Litwa<\/span><\/li>\n<li><span style=\"color: #000000;\">Joanneum Research ForschungsgesellschaftmbH,\u00a0 Austria<\/span><\/li>\n<li><span style=\"color: #000000;\">Joint Research Centre of European Commission, W\u0142ochy<\/span><\/li>\n<li><span style=\"color: #000000;\">Lule\u00e5 University of Technology, Szwecja<\/span><\/li>\n<li><span style=\"color: #000000;\">MinistryAgriculture Natural Resources, Cypr<\/span><\/li>\n<li><span style=\"color: #000000;\">Office of Safe Drinking Water, Budapest, W\u0119gry<\/span><\/li>\n<li><span style=\"color: #000000;\">SelcukUniversity, Turcja<\/span><\/li>\n<li><span style=\"color: #000000;\">Sveriges Meteorologiska och Hydrologiska Institut, Szwecja<\/span><\/li>\n<li><span style=\"color: #000000;\">Swiss Federal Institute of Technology Zurich, Szwajcaria<\/span><\/li>\n<li><span style=\"color: #000000;\">The Water Works of Budapest, W\u0119gry<\/span><\/li>\n<li><span style=\"color: #000000;\">Universidad Politecnica de Val\u00e8ncia, Hiszpania<\/span><\/li>\n<li><span style=\"color: #000000;\">Universit\u00e0 Cattolica del Sacro Cuore, W\u0142ochy<\/span><\/li>\n<li><span style=\"color: #000000;\">Universitatea din Bucurestim, Rumunia<\/span><\/li>\n<li><span style=\"color: #000000;\">University of Dundee, WielkaBrytania<\/span><\/li>\n<li><span style=\"color: #000000;\">University of Ferrara, W\u0142ochy<\/span><\/li>\n<li><span style=\"color: #000000;\">University of Ioannina, Grecja<\/span><\/li>\n<li><span style=\"color: #000000;\">University of Manchester, WielkaBrytania<\/span><\/li>\n<li><span style=\"color: #000000;\">University of Neuch\u00e2tel, Szwajcaria<\/span><\/li>\n<li><span style=\"color: #000000;\">University of Oulu, Finlandia<\/span><\/li>\n<li><span style=\"color: #000000;\">University of Wales Swansea; School of Engineering, WielkaBrytania<\/span><\/li>\n<li><span style=\"color: #000000;\">University of Zagreb \u2013 Faculty of Mining, Geology and Petroleum Engineering, Chorwacja<\/span><\/li>\n<li><span style=\"color: #000000;\">Water Technology Centre, Niemcy<\/span><\/li>\n<li><span style=\"color: #000000;\">WaterReserch Centre, Wielka Brytania<\/span><\/li>\n<\/ul>\n","protected":false},"excerpt":{"rendered":"<p>National partners: Instytut Fizyki J\u0105drowej PAN w Krakowie Instytut Gospodarki Surowcami Mineralnymi i Energi\u0105 PAN w Krakowie Instytut Podstaw In\u017cynierii \u015arodowiska PAN w Zabrzu Komitet G\u00f3rnictwa, Komisja Nauk Geologicznych PAN Uniwersytet im. A. Mickiewicza w Poznaniu Uniwersytet Miko\u0142aja Kopernika w Toruniu Uniwersytet \u015al\u0105ski Uniwersytet Warszawski Uniwersytet Wroc\u0142awski G\u0142\u00f3wny Instytut G\u00f3rnictwa &#8211; Katowice Ministerstwo Ochrony \u015arodowiska, [&hellip;]<\/p>\n","protected":false},"author":1,"featured_media":0,"parent":0,"menu_order":0,"comment_status":"closed","ping_status":"closed","template":"","meta":{"footnotes":""},"class_list":["post-1662","page","type-page","status-publish","hentry"],"_links":{"self":[{"href":"https:\/\/www.khgi.agh.edu.pl\/index.php?rest_route=\/wp\/v2\/pages\/1662","targetHints":{"allow":["GET"]}}],"collection":[{"href":"https:\/\/www.khgi.agh.edu.pl\/index.php?rest_route=\/wp\/v2\/pages"}],"about":[{"href":"https:\/\/www.khgi.agh.edu.pl\/index.php?rest_route=\/wp\/v2\/types\/page"}],"author":[{"embeddable":true,"href":"https:\/\/www.khgi.agh.edu.pl\/index.php?rest_route=\/wp\/v2\/users\/1"}],"replies":[{"embeddable":true,"href":"https:\/\/www.khgi.agh.edu.pl\/index.php?rest_route=%2Fwp%2Fv2%2Fcomments&post=1662"}],"version-history":[{"count":1,"href":"https:\/\/www.khgi.agh.edu.pl\/index.php?rest_route=\/wp\/v2\/pages\/1662\/revisions"}],"predecessor-version":[{"id":1666,"href":"https:\/\/www.khgi.agh.edu.pl\/index.php?rest_route=\/wp\/v2\/pages\/1662\/revisions\/1666"}],"wp:attachment":[{"href":"https:\/\/www.khgi.agh.edu.pl\/index.php?rest_route=%2Fwp%2Fv2%2Fmedia&parent=1662"}],"curies":[{"name":"wp","href":"https:\/\/api.w.org\/{rel}","templated":true}]}}