{"id":1701,"date":"2018-10-04T11:33:06","date_gmt":"2018-10-04T09:33:06","guid":{"rendered":"http:\/\/www.khgi.agh.edu.pl\/?page_id=1701"},"modified":"2018-10-04T12:15:56","modified_gmt":"2018-10-04T10:15:56","slug":"mgr-inz-jakub-czurczak","status":"publish","type":"page","link":"https:\/\/www.khgi.agh.edu.pl\/?page_id=1701","title":{"rendered":"mgr in\u017c. Jakub Czurczak"},"content":{"rendered":"<p style=\"color: #000000;\"><span style=\"color: #3366ff;\"><strong>K<\/strong><strong>ontakt<\/strong><\/span><strong><a style=\"color: #1e73be;\" href=\"http:\/\/skos.agh.edu.pl\/osoba\/andrzej-haladus-1049.html\"><br \/>\n<\/a><\/strong><\/p>\n<ul>\n<li><span style=\"color: #000000;\">A0, pok\u00f3j nr 05 &#8211; Laboratorium Geotechniczne<\/span><\/li>\n<li><span style=\"color: #000000;\">czurczak.j@gmail.com<\/span><\/li>\n<\/ul>\n<p style=\"color: #000000;\"><span style=\"color: #3366ff;\"><strong>Dydaktyka:<\/strong><\/span><\/p>\n<ul>\n<li><span style=\"color: #000000;\">Projektowanie Geotechniczne <\/span><\/li>\n<li><span style=\"color: #000000;\">Metody Geoin\u017cynieryjne w ochronie \u015brodowiska <\/span><\/li>\n<li><span style=\"color: #000000;\">Geotechnika w ochronie \u015brodowiska<\/span><\/li>\n<\/ul>\n","protected":false},"excerpt":{"rendered":"<p>Kontakt A0, pok\u00f3j nr 05 &#8211; Laboratorium Geotechniczne czurczak.j@gmail.com Dydaktyka: Projektowanie Geotechniczne Metody Geoin\u017cynieryjne w ochronie \u015brodowiska Geotechnika w ochronie \u015brodowiska<\/p>\n","protected":false},"author":1,"featured_media":0,"parent":0,"menu_order":0,"comment_status":"closed","ping_status":"closed","template":"","meta":{"footnotes":""},"class_list":["post-1701","page","type-page","status-publish","hentry"],"_links":{"self":[{"href":"https:\/\/www.khgi.agh.edu.pl\/index.php?rest_route=\/wp\/v2\/pages\/1701","targetHints":{"allow":["GET"]}}],"collection":[{"href":"https:\/\/www.khgi.agh.edu.pl\/index.php?rest_route=\/wp\/v2\/pages"}],"about":[{"href":"https:\/\/www.khgi.agh.edu.pl\/index.php?rest_route=\/wp\/v2\/types\/page"}],"author":[{"embeddable":true,"href":"https:\/\/www.khgi.agh.edu.pl\/index.php?rest_route=\/wp\/v2\/users\/1"}],"replies":[{"embeddable":true,"href":"https:\/\/www.khgi.agh.edu.pl\/index.php?rest_route=%2Fwp%2Fv2%2Fcomments&post=1701"}],"version-history":[{"count":2,"href":"https:\/\/www.khgi.agh.edu.pl\/index.php?rest_route=\/wp\/v2\/pages\/1701\/revisions"}],"predecessor-version":[{"id":1709,"href":"https:\/\/www.khgi.agh.edu.pl\/index.php?rest_route=\/wp\/v2\/pages\/1701\/revisions\/1709"}],"wp:attachment":[{"href":"https:\/\/www.khgi.agh.edu.pl\/index.php?rest_route=%2Fwp%2Fv2%2Fmedia&parent=1701"}],"curies":[{"name":"wp","href":"https:\/\/api.w.org\/{rel}","templated":true}]}}