{"id":1991,"date":"2021-04-08T10:45:03","date_gmt":"2021-04-08T08:45:03","guid":{"rendered":"http:\/\/www.khgi.agh.edu.pl\/?page_id=1991"},"modified":"2021-04-22T13:15:55","modified_gmt":"2021-04-22T11:15:55","slug":"deklaracja-dostepnosci","status":"publish","type":"page","link":"https:\/\/www.khgi.agh.edu.pl\/?page_id=1991","title":{"rendered":"Deklaracja dost\u0119pno\u015bci Katedry HGI AGH"},"content":{"rendered":"<p id=\"a11y-wstep\"><span style=\"color: #000000; font-family: candara;\"><span id=\"a11y-podmiot\">Katedra Hydrogeologii i Geologii In\u017cynierskiej<\/span> zobowi\u0105zuje si\u0119 zapewni\u0107 dost\u0119pno\u015b\u0107 swojej strony internetowej zgodnie z przepisami ustawy z dnia 4\u00a0kwietnia 2019\u00a0r. o\u00a0dost\u0119pno\u015bci cyfrowej stron internetowych i\u00a0aplikacji mobilnych podmiot\u00f3w publicznych. O\u015bwiadczenie w sprawie dost\u0119pno\u015bci ma zastosowanie do strony internetowej <a id=\"a11y-url\" style=\"color: #000000;\" href=\"http:\/\/www.khgi.agh.edu.pl\/\">Katedry HGI<\/a>.<\/span><\/p>\n<ul>\n<li><span style=\"color: #000000; font-family: candara;\">Data publikacji strony internetowej: <time id=\"a11y-data-publikacja\" datetime=\"2014-06-02\">2014-06-02<\/time><\/span><\/li>\n<li><span style=\"color: #000000; font-family: candara;\">Data ostatniej istotnej aktualizacji: <time id=\"a11y-data-aktualizacja\" datetime=\"2020-11-04\">2020-11-04<\/time><\/span><\/li>\n<\/ul>\n<h2><span style=\"color: #000000; font-family: candara;\">Status pod wzgl\u0119dem zgodno\u015bci z ustaw\u0105<\/span><\/h2>\n<p><span style=\"color: #000000; font-family: candara;\">Strona internetowa jest <strong id=\"a11y-status\">cz\u0119\u015bciowo zgodna<\/strong> z\u00a0ustaw\u0105 o\u00a0dost\u0119pno\u015bci cyfrowej stron internetowych i\u00a0aplikacji mobilnych podmiot\u00f3w publicznych z\u00a0powodu niezgodno\u015bci lub wy\u0142\u0105cze\u0144 wymienionych poni\u017cej.<\/span><\/p>\n<h3><span style=\"color: #000000; font-family: candara;\">Tre\u015bci niedost\u0119pne<\/span><\/h3>\n<ul>\n<li><span style=\"color: #000000; font-family: candara;\">Publikacje w formie plik\u00f3w PDF s\u0105 cz\u0119\u015bciowo dost\u0119pne. Na stronie zamieszczane s\u0105 pliki w dw\u00f3ch wersjach: PDF i DOC.<\/span><\/li>\n<li><span style=\"color: #000000; font-family: candara;\">Cz\u0119\u015b\u0107 z opublikowanych zdj\u0119\u0107 nie posiada opisu alternatywnego, maj\u0105 one charakter promocyjny i nie s\u0105 wykorzystywane do realizacji bie\u017c\u0105cych zada\u0144.<\/span><\/li>\n<\/ul>\n<h3><span style=\"color: #000000; font-family: candara;\">Przygotowanie deklaracji w sprawie dost\u0119pno\u015bci<\/span><\/h3>\n<ul>\n<li><span style=\"color: #000000; font-family: candara;\">Deklaracj\u0119 sporz\u0105dzono dnia: <time id=\"a11y-data-sporzadzenie\" datetime=\"2021-02-03\">2021-02-03<\/time><\/span><\/li>\n<li><span style=\"color: #000000; font-family: candara;\">Deklaracj\u0119 zosta\u0142a ostatnio poddana przegl\u0105dowi i aktualizacji dnia: <time id=\"a11y-data-deklaracja-przeglad\" datetime=\"2021-04-08\">2021-04-08<\/time><\/span><\/li>\n<\/ul>\n<p><span style=\"color: #000000; font-family: candara;\">Deklaracj\u0119 sporz\u0105dzono na podstawie samooceny.<\/span><\/p>\n<h2 id=\"a11y-kontakt\"><span style=\"color: #000000; font-family: candara;\">Informacje zwrotne i dane kontaktowe<\/span><\/h2>\n<ul>\n<li><span style=\"color: #000000; font-family: candara;\">Za rozpatrywanie uwag i wniosk\u00f3w odpowiada: <span id=\"a11y-osoba\">Damian Pietrzak<\/span>.<\/span><\/li>\n<li><span style=\"color: #000000; font-family: candara;\">E-mail: <span id=\"a11y-email\">pietrzak@agh.edu.pl<\/span><\/span><\/li>\n<li><span style=\"color: #000000; font-family: candara;\">Telefon: <span id=\"a11y-telefon\">+48 12 617-24-28<\/span><\/span><\/li>\n<\/ul>\n<p id=\"a11y-procedura\"><span style=\"color: #000000; font-family: candara;\">Ka\u017cdy ma prawo:<\/span><\/p>\n<ul>\n<li><span style=\"color: #000000; font-family: candara;\">zg\u0142osi\u0107 uwagi dotycz\u0105ce dost\u0119pno\u015bci cyfrowej strony lub jej elementu,<\/span><\/li>\n<li><span style=\"color: #000000; font-family: candara;\">zg\u0142osi\u0107 \u017c\u0105danie zapewnienia dost\u0119pno\u015bci cyfrowej strony lub jej elementu,<\/span><\/li>\n<li><span style=\"color: #000000; font-family: candara;\">wnioskowa\u0107 o udost\u0119pnienie niedost\u0119pnej informacji w innej alternatywnej formie.<\/span><\/li>\n<\/ul>\n<p><span style=\"color: #000000; font-family: candara;\">\u017b\u0105danie musi zawiera\u0107:<\/span><\/p>\n<ul>\n<li><span style=\"color: #000000; font-family: candara;\">dane kontaktowe osoby zg\u0142aszaj\u0105cej,<\/span><\/li>\n<li><span style=\"color: #000000; font-family: candara;\">wskazanie strony lub elementu strony, kt\u00f3rej dotyczy \u017c\u0105danie,<\/span><\/li>\n<li><span style=\"color: #000000; font-family: candara;\">wskazanie dogodnej formy udost\u0119pnienia informacji, je\u015bli \u017c\u0105danie dotyczy udost\u0119pnienia w formie alternatywnej informacji niedost\u0119pnej.<\/span><\/li>\n<\/ul>\n<p><span style=\"color: #000000; font-family: candara;\">Rozpatrzenie zg\u0142oszenia powinno nast\u0105pi\u0107 niezw\u0142ocznie, najp\u00f3\u017aniej w ci\u0105gu 7 dni. Je\u015bli w tym terminie zapewnienie dost\u0119pno\u015bci albo zapewnienie dost\u0119pu w alternatywnej formie nie jest mo\u017cliwe, powinno nast\u0105pi\u0107 najdalej w ci\u0105gu 2 miesi\u0119cy od daty zg\u0142oszenia.<\/span><\/p>\n<h3><span style=\"color: #000000; font-family: candara;\">Skargi i odwo\u0142ania<\/span><\/h3>\n<p><span style=\"color: #000000; font-family: candara;\">Na niedotrzymanie tych termin\u00f3w oraz na odmow\u0119 realizacji \u017c\u0105dania mo\u017cna z\u0142o\u017cy\u0107 skarg\u0119 do organu nadzoruj\u0105cego poczt\u0105 lub drog\u0105 elektroniczn\u0105 na adres:<\/span><\/p>\n<ul>\n<li><span style=\"color: #000000; font-family: candara;\">Organ nadzoruj\u0105cy: Kierownik Katedry HGI<\/span><\/li>\n<li><span style=\"color: #000000; font-family: candara;\">Adres: al. Mickiewicza 30, 30-059 Krak\u00f3w<\/span><\/li>\n<li><span style=\"color: #000000; font-family: candara;\">E-mail: rembis@agh.edu.pl<\/span><\/li>\n<li><span style=\"color: #000000; font-family: candara;\">Telefon: +48 12 617 23 86<\/span><\/li>\n<\/ul>\n<p><span style=\"color: #000000; font-family: candara;\">Skarg\u0119 mo\u017cna z\u0142o\u017cy\u0107 r\u00f3wnie\u017c do <a style=\"color: #000000;\" href=\"https:\/\/www.rpo.gov.pl\/content\/jak-zglosic-sie-do-rzecznika-praw-obywatelskich\">Rzecznika Praw Obywatelskich<\/a>.<\/span><\/p>\n<h2 id=\"a11y-architektura\"><span style=\"color: #000000; font-family: candara;\">Dost\u0119pno\u015b\u0107 architektoniczna<\/span><\/h2>\n<p class=\"bodytext\"><span style=\"color: #000000; font-family: candara;\"><strong>Dost\u0119pno\u015b\u0107 wej\u015bcia do budynku i przechodzenia przez obszary kontroli<\/strong><\/span><\/p>\n<p class=\"bodytext\"><span style=\"color: #000000; font-family: candara;\">Wej\u015bcie g\u0142\u00f3wne do budynku znajduje si\u0119 przy Alei Mickiewicza 30. Przy wej\u015bciu do budynku znajduj\u0105 si\u0119 schody (7 stopni). Wej\u015bcie to nie jest dost\u0119pne dla os\u00f3b poruszaj\u0105cych si\u0119 na w\u00f3zkach.<\/span><\/p>\n<p class=\"bodytext\"><span style=\"color: #000000; font-family: candara;\">Dla os\u00f3b poruszaj\u0105cych si\u0119 na w\u00f3zkach dostosowano wej\u015bcie z ty\u0142u budynku od strony p\u00f3\u0142nocnego dziedzi\u0144ca, gdzie zlokalizowana jest winda do budynku. Przy wej\u015bciu i wyj\u015bciu z dziedzi\u0144ca zainstalowane s\u0105 domofony w celu kontaktu z portierni\u0105 w przypadku zamkni\u0119tej bramy. Osoby z niepe\u0142nosprawno\u015bci\u0105 nie dostan\u0105 si\u0119 do portierni \u2013 brak spoziomowanej komunikacji pomi\u0119dzy kondygnacj\u0105\u00a0<strong>\u2013<\/strong>1 i portierni\u0105 (6 stopni) oraz kondygnacj\u0105 0 i portierni\u0105 (16 stopni).<\/span><\/p>\n<p class=\"bodytext\"><span style=\"color: #000000; font-family: candara;\"><strong>Dost\u0119pno\u015b\u0107 korytarzy, schod\u00f3w i wind<\/strong><\/span><\/p>\n<p class=\"bodytext\"><span style=\"color: #000000; font-family: candara;\">Korytarze w budynku zapewniaj\u0105 swobodne poruszanie si\u0119. W cz\u0119\u015bci komunikacyjnej nie wyst\u0119puj\u0105 r\u00f3\u017cnice poziom\u00f3w, z wyj\u0105tkiem doj\u015bcia do portierni.<\/span><\/p>\n<p class=\"bodytext\"><span style=\"color: #000000; font-family: candara;\">Schody nie posiadaj\u0105 specjalnych udogodnie\u0144 dla os\u00f3b z niepe\u0142nosprawno\u015bciami, z wyj\u0105tkiem doj\u015bcia do pomieszcze\u0144 nr 380-383, gdzie zainstalowano podno\u015bnik.<\/span><\/p>\n<p class=\"bodytext\"><span style=\"color: #000000; font-family: candara;\">Budynek wyposa\u017cony jest w 3 windy osobowe:<\/span><\/p>\n<ul>\n<li><span style=\"color: #000000; font-family: candara;\">dwie wewn\u0119trzne poruszaj\u0105ce si\u0119 pomi\u0119dzy kondygnacjami od\u00a0<strong>\u2013<\/strong>1 (niski parter) do 3. pi\u0119tra (<strong>\u2013<\/strong>1, 0, 1, 2, 3) , cz\u0119\u015bciowo dostosowane do potrzeb os\u00f3b z niepe\u0142nosprawno\u015bciami o wymiarach: 1,1\u00d71,3 m.<\/span><\/li>\n<li><span style=\"color: #000000; font-family: candara;\">zewn\u0119trzna, stanowi\u0105ca wej\u015bcie\/wyj\u015bcie od strony dziedzi\u0144ca p\u00f3\u0142nocnego, dostosowana do potrzeb os\u00f3b z niepe\u0142nosprawno\u015bciami, poruszaj\u0105ca si\u0119 pomi\u0119dzy kondygnacjami od poziomu terenu na zewn\u0105trz budynku (P) do 2. pi\u0119tra (P,\u00a0<strong>\u2013<\/strong>1, 0, 1, 2).<\/span><\/li>\n<\/ul>\n<p class=\"bodytext\"><span style=\"color: #000000; font-family: candara;\">Windy wyposa\u017cone s\u0105 w komunikaty g\u0142osowe oraz etykiety w alfabecie Braille\u2019a.<\/span><\/p>\n<p class=\"bodytext\"><span style=\"color: #000000; font-family: candara;\"><strong>Opis dostosowa\u0144, na przyk\u0142ad pochylni, platform, informacji g\u0142osowych, p\u0119tlach indukcyjnych<\/strong><\/span><\/p>\n<p class=\"bodytext\"><span style=\"color: #000000; font-family: candara;\">W budynku znajduj\u0105 si\u0119 dwie toalety dla os\u00f3b z niepe\u0142nosprawno\u015bciami, zlokalizowane na pierwszym i trzecim pi\u0119trze.<\/span><\/p>\n<p class=\"bodytext\"><span style=\"color: #000000; font-family: candara;\"><strong>Informacje o miejscu i sposobie korzystania z miejsc parkingowych wyznaczonych dla os\u00f3b niepe\u0142nosprawnych<\/strong><\/span><\/p>\n<p class=\"bodytext\"><span style=\"color: #000000; font-family: candara;\">Na parkingu wewn\u0119trznym, od strony wej\u015bcia (windy) dostosowanego dla os\u00f3b niepe\u0142nosprawnych znajduje si\u0119 miejsce parkingowe przeznaczone dla os\u00f3b z niepe\u0142nosprawno\u015bci\u0105.<\/span><\/p>\n<p class=\"bodytext\"><span style=\"color: #000000; font-family: candara;\">Na parking prowadzi wjazd od ulicy Reymonta 7 (Brama G\u0142\u00f3wna). Wjazd na parking ogranicza szlaban przy, kt\u00f3rym znajduje si\u0119 domofon oraz stanowisko obs\u0142ugi. Istnieje mo\u017cliwo\u015b\u0107 ubiegania si\u0119 kart\u0119 otwieraj\u0105c\u0105 szlaban lub pomoc pracownika Stra\u017cy AGH.<\/span><\/p>\n<p class=\"bodytext\"><span style=\"color: #000000; font-family: candara;\"><strong>Informacja o prawie wst\u0119pu z psem asystuj\u0105cym i ewentualnych uzasadnionych ograniczeniach<\/strong><\/span><\/p>\n<p class=\"bodytext\"><span style=\"color: #000000; font-family: candara;\">Do budynku mo\u017cna wej\u015b\u0107 z psem asystuj\u0105cym.<\/span><\/p>\n","protected":false},"excerpt":{"rendered":"<p>Katedra Hydrogeologii i Geologii In\u017cynierskiej zobowi\u0105zuje si\u0119 zapewni\u0107 dost\u0119pno\u015b\u0107 swojej strony internetowej zgodnie z przepisami ustawy z dnia 4\u00a0kwietnia 2019\u00a0r. o\u00a0dost\u0119pno\u015bci cyfrowej stron internetowych i\u00a0aplikacji mobilnych podmiot\u00f3w publicznych. O\u015bwiadczenie w sprawie dost\u0119pno\u015bci ma zastosowanie do strony internetowej Katedry HGI. Data publikacji strony internetowej: 2014-06-02 Data ostatniej istotnej aktualizacji: 2020-11-04 Status pod wzgl\u0119dem zgodno\u015bci z ustaw\u0105 [&hellip;]<\/p>\n","protected":false},"author":1,"featured_media":0,"parent":0,"menu_order":0,"comment_status":"closed","ping_status":"closed","template":"","meta":{"footnotes":""},"class_list":["post-1991","page","type-page","status-publish","hentry"],"_links":{"self":[{"href":"https:\/\/www.khgi.agh.edu.pl\/index.php?rest_route=\/wp\/v2\/pages\/1991","targetHints":{"allow":["GET"]}}],"collection":[{"href":"https:\/\/www.khgi.agh.edu.pl\/index.php?rest_route=\/wp\/v2\/pages"}],"about":[{"href":"https:\/\/www.khgi.agh.edu.pl\/index.php?rest_route=\/wp\/v2\/types\/page"}],"author":[{"embeddable":true,"href":"https:\/\/www.khgi.agh.edu.pl\/index.php?rest_route=\/wp\/v2\/users\/1"}],"replies":[{"embeddable":true,"href":"https:\/\/www.khgi.agh.edu.pl\/index.php?rest_route=%2Fwp%2Fv2%2Fcomments&post=1991"}],"version-history":[{"count":7,"href":"https:\/\/www.khgi.agh.edu.pl\/index.php?rest_route=\/wp\/v2\/pages\/1991\/revisions"}],"predecessor-version":[{"id":2011,"href":"https:\/\/www.khgi.agh.edu.pl\/index.php?rest_route=\/wp\/v2\/pages\/1991\/revisions\/2011"}],"wp:attachment":[{"href":"https:\/\/www.khgi.agh.edu.pl\/index.php?rest_route=%2Fwp%2Fv2%2Fmedia&parent=1991"}],"curies":[{"name":"wp","href":"https:\/\/api.w.org\/{rel}","templated":true}]}}