{"id":207,"date":"2014-06-12T11:55:50","date_gmt":"2014-06-12T09:55:50","guid":{"rendered":"http:\/\/www.khgi.agh.edu.pl\/?page_id=207"},"modified":"2024-12-04T08:21:21","modified_gmt":"2024-12-04T07:21:21","slug":"dane-teleadresowe-2","status":"publish","type":"page","link":"https:\/\/www.khgi.agh.edu.pl\/?page_id=207","title":{"rendered":"Kontakt"},"content":{"rendered":"<p><strong><span style=\"color: #3366ff;\"><span style=\"color: #3366ff;\">Dane teleadresowe<br \/>\n<\/span><\/span><\/strong><\/p>\n<p><span style=\"color: #000000;\">Akademia G\u00f3rniczo-Hutnicza im. S. Staszica w Krakowie<\/span><br \/>\n<span style=\"color: #000000;\"> Wydzia\u0142 Geologii, Geofizyki i Ochrony \u015arodowiska<\/span><br \/>\n<span style=\"color: #000000;\"> Katedra Hydrogeologii i Geologii In\u017cynierskiej<\/span><br \/>\n<span style=\"color: #000000;\"> Al. Mickiewicza 30, 30-059 Krak\u00f3w<\/span><\/p>\n<p><a href=\"http:\/\/www.khgi.agh.edu.pl\/\">www.khgi.agh.edu.pl<\/a><\/p>\n<p><strong><span style=\"color: #3366ff;\"><span style=\"color: #3366ff;\"><br \/>\n<\/span><span style=\"color: #3366ff;\">Kierownik Katedry<\/span><\/span><\/strong><\/p>\n<p><span style=\"color: #0000ff;\"><strong><a style=\"color: #0000ff;\" href=\"http:\/\/www.khgi.agh.edu.pl\/?page_id=317\">dr hab. in\u017c. Adam Postawa, prof. AGH<\/a><\/strong><\/span><\/p>\n<p><strong><span style=\"color: #3366ff;\"><span style=\"color: #3366ff;\"><br \/>\n<\/span><span style=\"color: #3366ff;\">Sekretariat<\/span><\/span><\/strong><\/p>\n<p><span style=\"color: #000000;\">Dorota Chrz\u0105stek<strong><br \/>\n<\/strong>Tel. 12\/617.24.04<\/span><br \/>\n<span style=\"color: #000000;\">e-mail:<\/span>\u00a0<a href=\"mailto:%6b%68%67%69@%61%67%68.%65%64%75.%70%6c\">khgi@agh.edu.pl<\/a><\/p>\n<p><strong><span style=\"color: #3366ff;\"><span style=\"color: #3366ff;\"><br \/>\n<\/span><span style=\"color: #3366ff;\">Laboratorium Hydrogeochemiczne<\/span><\/span><\/strong><\/p>\n<p><span style=\"color: #000000;\">Kierownik laboratorium: <a href=\"http:\/\/www.khgi.agh.edu.pl\/?page_id=311\">dr hab. Ewa Kmiecik, prof. AGH<\/a><\/span><br \/>\n<span style=\"color: #000000;\"> Kierownik techniczny: <a href=\"http:\/\/www.khgi.agh.edu.pl\/?page_id=333\">dr Katarzyna W\u0105tor<\/a><\/span><br \/>\n<span style=\"color: #000000;\"> Tel. 12\/617.24.28<\/span><br \/>\nFaks: 12\/617.24.27<br \/>\ne-mail:\u00a0<a href=\"mailto:%6c%61%62%5f%6b%68%67%69@%61%67%68.%65%64%75.%70%6c\">lab_khgi@agh.edu.pl<\/a><\/p>\n<p><span style=\"color: #3366ff;\"><strong><br \/>\nLaboratorium Bada\u0144\u00a0geotechnicznych i Geomechanicznych<\/strong><\/span><\/p>\n<p>Kierownik laboratorium: <a href=\"http:\/\/www.khgi.agh.edu.pl\/?page_id=1506\">dr hab. Marek Rembi\u015b, prof. AGH<\/a><br \/>\nTel.\u00a012\/617.24.02<br \/>\ne-mail:\u00a0<a href=\"mailto:lab_khgi@agh.edu.pl\" rel=\"noreferrer\">labgg@agh.edu.pl<\/a><\/p>\n","protected":false},"excerpt":{"rendered":"<p>Dane teleadresowe Akademia G\u00f3rniczo-Hutnicza im. S. Staszica w Krakowie Wydzia\u0142 Geologii, Geofizyki i Ochrony \u015arodowiska Katedra Hydrogeologii i Geologii In\u017cynierskiej Al. Mickiewicza 30, 30-059 Krak\u00f3w www.khgi.agh.edu.pl Kierownik Katedry dr hab. in\u017c. Adam Postawa, prof. AGH Sekretariat Dorota Chrz\u0105stek Tel. 12\/617.24.04 e-mail:\u00a0khgi@agh.edu.pl Laboratorium Hydrogeochemiczne Kierownik laboratorium: dr hab. Ewa Kmiecik, prof. AGH Kierownik techniczny: dr Katarzyna [&hellip;]<\/p>\n","protected":false},"author":1,"featured_media":0,"parent":0,"menu_order":0,"comment_status":"closed","ping_status":"closed","template":"","meta":{"footnotes":""},"class_list":["post-207","page","type-page","status-publish","hentry"],"_links":{"self":[{"href":"https:\/\/www.khgi.agh.edu.pl\/index.php?rest_route=\/wp\/v2\/pages\/207","targetHints":{"allow":["GET"]}}],"collection":[{"href":"https:\/\/www.khgi.agh.edu.pl\/index.php?rest_route=\/wp\/v2\/pages"}],"about":[{"href":"https:\/\/www.khgi.agh.edu.pl\/index.php?rest_route=\/wp\/v2\/types\/page"}],"author":[{"embeddable":true,"href":"https:\/\/www.khgi.agh.edu.pl\/index.php?rest_route=\/wp\/v2\/users\/1"}],"replies":[{"embeddable":true,"href":"https:\/\/www.khgi.agh.edu.pl\/index.php?rest_route=%2Fwp%2Fv2%2Fcomments&post=207"}],"version-history":[{"count":18,"href":"https:\/\/www.khgi.agh.edu.pl\/index.php?rest_route=\/wp\/v2\/pages\/207\/revisions"}],"predecessor-version":[{"id":2196,"href":"https:\/\/www.khgi.agh.edu.pl\/index.php?rest_route=\/wp\/v2\/pages\/207\/revisions\/2196"}],"wp:attachment":[{"href":"https:\/\/www.khgi.agh.edu.pl\/index.php?rest_route=%2Fwp%2Fv2%2Fmedia&parent=207"}],"curies":[{"name":"wp","href":"https:\/\/api.w.org\/{rel}","templated":true}]}}