{"id":272,"date":"2014-09-11T12:31:41","date_gmt":"2014-09-11T10:31:41","guid":{"rendered":"http:\/\/www.khgi.agh.edu.pl\/?page_id=272"},"modified":"2018-09-28T17:50:51","modified_gmt":"2018-09-28T15:50:51","slug":"prof-dr-hab-inz-grzegorz-malina","status":"publish","type":"page","link":"https:\/\/www.khgi.agh.edu.pl\/?page_id=272","title":{"rendered":"prof. dr hab. in\u017c. Grzegorz Malina"},"content":{"rendered":"<p style=\"color: #000000;\">Ekspert w &#8222;advisory board&#8221; programu <em>INSPIRATION<\/em> (EU H2020)<\/p>\n<p style=\"color: #000000;\"><strong><span style=\"color: #3366ff;\"><a href=\"http:\/\/skos.agh.edu.pl\/osoba\/grzegorz-malina-6687.html\"><span style=\"color: #3366ff;\">Kontakt<\/span><\/a><br \/>\n<img loading=\"lazy\" decoding=\"async\" class=\"size-full wp-image-274 alignright\" src=\"http:\/\/www.khgi.agh.edu.pl\/wp-content\/uploads\/2014\/09\/MALINA.png\" alt=\"MALINA\" width=\"102\" height=\"155\" \/><\/span><\/strong><\/p>\n<p><strong style=\"color: #000000;\"><span style=\"color: #3366ff;\">Obszar bada\u0144 naukowych:<\/span><\/strong><\/p>\n<ul>\n<li><span style=\"color: rgb(0, 0, 0);\">Likwidacja zagro\u017cenia \u015brodowiska gruntowo-wodnego na terenach zanieczyszczonych<\/span><\/li>\n<li><span style=\"color: rgb(0, 0, 0);\">Zr\u00f3wnowa\u017cona (bio)remediacja zanieczyszczonych grunt\u00f3w, w\u00f3d podziemnych i osad\u00f3w dennych<\/span><\/li>\n<li><span style=\"color: rgb(0, 0, 0);\">Bioremediacja zanieczyszczonego \u015brodowiska gruntowo-wodnego oparta na samooczyszczaniu<\/span><\/li>\n<li><span style=\"color: rgb(0, 0, 0);\">Migracja zanieczyszcze\u0144 w \u015brodowisku gruntowo-wodnym<\/span><\/li>\n<li><span style=\"color: rgb(0, 0, 0);\">Zr\u00f3wnowa\u017cone i holistyczne zagospodarowanie (rekultywacja i rewitalizacja) teren\u00f3w zdegradowanych (poprzemys\u0142owych, zurbanizowanych, powojskowych, pokolejowych)<\/span><\/li>\n<li><span style=\"color: rgb(0, 0, 0);\">Analiza ryzyka i zarz\u0105dzanie ryzykiem w remediacji zanieczyszczonego \u015brodowiska gruntowo-wodnego<\/span><\/li>\n<li><span style=\"color: rgb(0, 0, 0);\">Wykorzystanie modelowania numerycznego do: oceny ryzyka \u015brodowiskowego, projektowania i monitoringu prac remediacyjnych, stopnia likwidacji zagro\u017cenia \u015brodowiska gruntowo-wodnego oraz zintegrowanego zarz\u0105dzania terenami zdegradowanymi<\/span><\/li>\n<li><span style=\"color: rgb(0, 0, 0);\">Gospodarka wodna &#8211; zaopatrzenie w wod\u0119 i ochrona w\u00f3d<\/span><\/li>\n<li><span style=\"color: rgb(0, 0, 0);\">Zr\u00f3wnowa\u017cone gospodarowanie wod\u0105 w zlewniach przekszta\u0142conych antropogenicznie (zlewnie zurbanizowane, przemys\u0142owe, rolnicze)<\/span><\/li>\n<li><span style=\"color: rgb(0, 0, 0);\">Zintegrowane i zr\u00f3wnowa\u017cone systemy gospodarowania odpadami<\/span><\/li>\n<li><span style=\"color: rgb(0, 0, 0);\">Efektywne metody zamykania i rekultywacji sk\u0142adowisk odpad\u00f3w<\/span><\/li>\n<li><span style=\"color: rgb(0, 0, 0);\">Wykorzystanie biomasy jako odnawialnego \u017ar\u00f3d\u0142a energii<\/span><\/li>\n<\/ul>\n<p style=\"color: #000000;\"><strong><span style=\"color: #3366ff;\"><a style=\"color: #1e73be;\" href=\"http:\/\/www.bpp.agh.edu.pl\/\"><span style=\"color: #3366ff;\">Spis publikacji<\/span><\/a><\/span><\/strong><\/p>\n<p><strong style=\"color: #000000;\"><span style=\"color: #3366ff;\">Dydaktyka:<\/span><\/strong><\/p>\n<ul>\n<li><span style=\"color: rgb(0, 0, 0);\">Sustainable remediation<\/span><\/li>\n<li><span style=\"color: rgb(0, 0, 0);\">Remediation technologies for contaminated soil and groundwater<\/span><\/li>\n<li><span style=\"color: rgb(0, 0, 0);\">Hydrogeological English<\/span><\/li>\n<li><span style=\"color: rgb(0, 0, 0);\">Techniki remediacji i izolacji \u015brodowiska wodno-gruntowego<\/span><\/li>\n<li><span style=\"color: rgb(0, 0, 0);\">Techniki izolacji \u015brodowiska wodno-gruntowego<\/span><\/li>\n<li><span style=\"color: rgb(0, 0, 0);\">Seminarium dyplomowe<\/span><\/li>\n<li><span style=\"color: rgb(0, 0, 0);\">Remediacja i rewitalizacja teren\u00f3w zdegradowanych<\/span><\/li>\n<li><span style=\"color: rgb(0, 0, 0);\">Ska\u017cenia i ochrona w\u00f3d<\/span><\/li>\n<li><span style=\"color: rgb(0, 0, 0);\">Gospodarka wodna i ochrona w\u00f3d<\/span><\/li>\n<\/ul>\n<p>&nbsp;<\/p>\n<p><strong><span style=\"color: #3366ff;\">Dzia\u0142alno\u015b\u0107 naukowo-badawcza<\/span><\/strong><\/p>\n<ul>\n<li><span style=\"color: rgb(0, 0, 0);\">2014-2017<\/span><\/li>\n<\/ul>\n<p><span style=\"color: rgb(0, 0, 0);\">Udzia\u0142 w <\/span>projekcie badawczym<span style=\"color: rgb(0, 0, 0);\"> pt.: \u201eSoils2Sea &#8211; Reducing nutrient loadings from agricultural soils to the Baltic Sea via groundwater and streams. BONUS call 2012: Viable ecosystem<\/span><br \/>\n<a href=\"http:\/\/www.soils2sea.eu\/\">www.soils2sea.eu<\/a><\/p>\n<ul>\n<li><span style=\"color: rgb(0, 0, 0);\">2011-2015<\/span><\/li>\n<\/ul>\n<p><span style=\"color: rgb(0, 0, 0);\">Udzia\u0142 w <\/span>projekcie badawczym<span style=\"color: rgb(0, 0, 0);\"> w <\/span>ramach<span style=\"color: rgb(0, 0, 0);\"> VII PR UE pt.: \u201eADVOCATE &#8211; <strong>Adv<\/strong>ancing In Situ Remediati<strong>o<\/strong>n for <strong>C<\/strong>ont<strong>a<\/strong>mina<strong>t<\/strong>ed Land and Groundwat<strong>e<\/strong>r (no. 265063) &#8211; FP7-PEOPLE-ITN-2008<\/span><br \/>\n<a href=\"http:\/\/www.theadvocateproject.eu\/\">www.theadvocateproject.eu<\/a><\/p>\n<ul>\n<li><span style=\"color: rgb(0, 0, 0);\">2010-2014<\/span><\/li>\n<\/ul>\n<p><span style=\"color: rgb(0, 0, 0);\">Udzia\u0142 w <\/span>projekt badawczym<span style=\"color: rgb(0, 0, 0);\"> w <\/span>ramach<span style=\"color: rgb(0, 0, 0);\"> VII PR UE pt.: \u201eHOMBRE &#8211; <strong>HO<\/strong>listic <strong>M<\/strong>anagement of <strong>B<\/strong>rownfield <strong>Re<\/strong>generation\u201d. FP7 ENV.2010.3.1.5-2. Environmental technologies for brownfield regeneration, Collaborative Project, GA no.: 265097<\/span><br \/>\n<a href=\"http:\/\/www.zerobrownfields.eu\/\">www.zerobrownfields.eu<\/a><\/p>\n<p>&nbsp;<\/p>\n","protected":false},"excerpt":{"rendered":"<p>Ekspert w &#8222;advisory board&#8221; programu INSPIRATION (EU H2020) Kontakt Obszar bada\u0144 naukowych: Likwidacja zagro\u017cenia \u015brodowiska gruntowo-wodnego na terenach zanieczyszczonych Zr\u00f3wnowa\u017cona (bio)remediacja zanieczyszczonych grunt\u00f3w, w\u00f3d podziemnych i osad\u00f3w dennych Bioremediacja zanieczyszczonego \u015brodowiska gruntowo-wodnego oparta na samooczyszczaniu Migracja zanieczyszcze\u0144 w \u015brodowisku gruntowo-wodnym Zr\u00f3wnowa\u017cone i holistyczne zagospodarowanie (rekultywacja i rewitalizacja) teren\u00f3w zdegradowanych (poprzemys\u0142owych, zurbanizowanych, powojskowych, pokolejowych) Analiza ryzyka [&hellip;]<\/p>\n","protected":false},"author":1,"featured_media":274,"parent":0,"menu_order":0,"comment_status":"closed","ping_status":"closed","template":"","meta":{"footnotes":""},"class_list":["post-272","page","type-page","status-publish","has-post-thumbnail","hentry"],"_links":{"self":[{"href":"https:\/\/www.khgi.agh.edu.pl\/index.php?rest_route=\/wp\/v2\/pages\/272","targetHints":{"allow":["GET"]}}],"collection":[{"href":"https:\/\/www.khgi.agh.edu.pl\/index.php?rest_route=\/wp\/v2\/pages"}],"about":[{"href":"https:\/\/www.khgi.agh.edu.pl\/index.php?rest_route=\/wp\/v2\/types\/page"}],"author":[{"embeddable":true,"href":"https:\/\/www.khgi.agh.edu.pl\/index.php?rest_route=\/wp\/v2\/users\/1"}],"replies":[{"embeddable":true,"href":"https:\/\/www.khgi.agh.edu.pl\/index.php?rest_route=%2Fwp%2Fv2%2Fcomments&post=272"}],"version-history":[{"count":11,"href":"https:\/\/www.khgi.agh.edu.pl\/index.php?rest_route=\/wp\/v2\/pages\/272\/revisions"}],"predecessor-version":[{"id":1514,"href":"https:\/\/www.khgi.agh.edu.pl\/index.php?rest_route=\/wp\/v2\/pages\/272\/revisions\/1514"}],"wp:featuredmedia":[{"embeddable":true,"href":"https:\/\/www.khgi.agh.edu.pl\/index.php?rest_route=\/wp\/v2\/media\/274"}],"wp:attachment":[{"href":"https:\/\/www.khgi.agh.edu.pl\/index.php?rest_route=%2Fwp%2Fv2%2Fmedia&parent=272"}],"curies":[{"name":"wp","href":"https:\/\/api.w.org\/{rel}","templated":true}]}}