{"id":290,"date":"2014-09-11T12:51:53","date_gmt":"2014-09-11T10:51:53","guid":{"rendered":"http:\/\/www.khgi.agh.edu.pl\/?page_id=290"},"modified":"2016-06-05T22:14:56","modified_gmt":"2016-06-05T20:14:56","slug":"dr-inz-aleksandra-borecka","status":"publish","type":"page","link":"https:\/\/www.khgi.agh.edu.pl\/?page_id=290","title":{"rendered":"dr in\u017c. Aleksandra Borecka"},"content":{"rendered":"<p style=\"color: #000000;\"><strong><span style=\"color: #3366ff;\"><a style=\"color: #1e73be;\" href=\"http:\/\/skos.agh.edu.pl\/osoba\/aleksandra-borecka-5649.html\"><span style=\"color: #3366ff;\">Kontakt<span style=\"color: #000000;\"><span data-sheets-value=\"[null,2,&quot;Grunty zwa\\u0142owe&quot;]\" data-sheets-userformat=\"[null,null,771,[null,0],[null,2,16773836],null,null,null,null,null,null,1,0]\"><img loading=\"lazy\" decoding=\"async\" class=\"alignnone size-full wp-image-291 alignright\" src=\"http:\/\/www.khgi.agh.edu.pl\/wp-content\/uploads\/2014\/09\/BORECKA.png\" alt=\"BORECKA\" width=\"183\" height=\"195\" \/><\/span><\/span><\/span><\/a><\/span><\/strong><\/p>\n<p><strong style=\"color: #000000;\"><span style=\"color: #3366ff;\">Obszar bada\u0144 naukowych:<br \/>\n<\/span><\/strong><\/p>\n<ul>\n<li><span style=\"color: #000000;\"><span data-sheets-value=\"[null,2,&quot;Procesy geodynamiczne  wynikaj\\u0105ce z ruchu mas - osuwiska&quot;]\" data-sheets-userformat=\"[null,null,771,[null,0],[null,2,16773836],null,null,null,null,null,null,1,0]\">Procesy geodynamiczne wynikaj\u0105ce z ruchu mas &#8211; osuwiska<\/span><\/span><\/li>\n<li><span style=\"color: #000000;\">Grunty zwa\u0142owe<\/span><\/li>\n<li><span style=\"color: #000000;\">Monitoring wa\u0142\u00f3w przeciwpowodziowych<\/span><\/li>\n<li><span style=\"color: #000000;\">Badania geotechniczne \u2013 rozpoznanie pod\u0142o\u017ca dla cel\u00f3w in\u017cynierskich &#8211; badania terenowe i laboratoryjne \u2013 wykonywanie dokumentacji geologiczno-in\u017cynierskich (uprawnienia VII), opinie geotechniczne, dokumentacje bada\u0144 pod\u0142o\u017ca gruntowego \u2013 Kierownik Laboratorium Geotechnicznego<\/span><\/li>\n<li><span style=\"color: #000000;\">Przes\u0142ony przeciwfiltracyjne &#8211; kompleksowe badania oraz sporz\u0105dzanie mieszanek dla cel\u00f3w aprobat technicznych<\/span><\/li>\n<\/ul>\n<p><strong><span style=\"color: #3366ff;\"><a href=\"http:\/\/www.bpp.agh.edu.pl\/new\/autor\/borecka-aleksandra-03718\"><span style=\"color: #3366ff;\">Spis publikacji<\/span><\/a><\/span><\/strong><\/p>\n<p style=\"color: #000000;\"><span style=\"color: #3366ff;\"><strong>Dydaktyka:<\/strong><\/span><\/p>\n<ul>\n<li><span style=\"color: #000000;\" data-sheets-value=\"[null,2,&quot;Geologia in\\u017cynierska&quot;]\" data-sheets-userformat=\"[null,null,771,[null,0],[null,2,16773836],null,null,null,null,null,null,1,0]\">Geologia in\u017cynierska<\/span><\/li>\n<li><span style=\"color: #000000;\" data-sheets-value=\"[null,2,&quot;Gruntoznawstwo&quot;]\" data-sheets-userformat=\"[null,null,771,[null,0],[null,2,16773836],null,null,null,null,null,null,1,0]\">Gruntoznawstwo<\/span><\/li>\n<li><span style=\"color: #000000;\" data-sheets-value=\"[null,2,&quot;Geodynamika&quot;]\" data-sheets-userformat=\"[null,null,771,[null,0],[null,2,16773836],null,null,null,null,null,null,1,0]\">Geodynamika<\/span><\/li>\n<li><span style=\"color: #000000;\" data-sheets-value=\"[null,2,&quot;Praktyczne aspekty geologii in\\u017cynierskiej&quot;]\" data-sheets-userformat=\"[null,null,771,[null,0],[null,2,16773836],null,null,null,null,null,null,1,0]\">Praktyczne aspekty geologii in\u017cynierskiej<\/span><\/li>\n<li><span style=\"color: #000000;\" data-sheets-value=\"[null,2,&quot;Gruntoznawstwo techniczne&quot;]\" data-sheets-userformat=\"[null,null,771,[null,0],[null,2,16773836],null,null,null,null,null,null,1,0]\">Gruntoznawstwo techniczne<\/span><\/li>\n<\/ul>\n<p>&nbsp;<\/p>\n","protected":false},"excerpt":{"rendered":"<p>Kontakt Obszar bada\u0144 naukowych: Procesy geodynamiczne wynikaj\u0105ce z ruchu mas &#8211; osuwiska Grunty zwa\u0142owe Monitoring wa\u0142\u00f3w przeciwpowodziowych Badania geotechniczne \u2013 rozpoznanie pod\u0142o\u017ca dla cel\u00f3w in\u017cynierskich &#8211; badania terenowe i laboratoryjne \u2013 wykonywanie dokumentacji geologiczno-in\u017cynierskich (uprawnienia VII), opinie geotechniczne, dokumentacje bada\u0144 pod\u0142o\u017ca gruntowego \u2013 Kierownik Laboratorium Geotechnicznego Przes\u0142ony przeciwfiltracyjne &#8211; kompleksowe badania oraz sporz\u0105dzanie mieszanek dla [&hellip;]<\/p>\n","protected":false},"author":1,"featured_media":291,"parent":0,"menu_order":0,"comment_status":"closed","ping_status":"closed","template":"","meta":{"footnotes":""},"class_list":["post-290","page","type-page","status-publish","has-post-thumbnail","hentry"],"_links":{"self":[{"href":"https:\/\/www.khgi.agh.edu.pl\/index.php?rest_route=\/wp\/v2\/pages\/290","targetHints":{"allow":["GET"]}}],"collection":[{"href":"https:\/\/www.khgi.agh.edu.pl\/index.php?rest_route=\/wp\/v2\/pages"}],"about":[{"href":"https:\/\/www.khgi.agh.edu.pl\/index.php?rest_route=\/wp\/v2\/types\/page"}],"author":[{"embeddable":true,"href":"https:\/\/www.khgi.agh.edu.pl\/index.php?rest_route=\/wp\/v2\/users\/1"}],"replies":[{"embeddable":true,"href":"https:\/\/www.khgi.agh.edu.pl\/index.php?rest_route=%2Fwp%2Fv2%2Fcomments&post=290"}],"version-history":[{"count":8,"href":"https:\/\/www.khgi.agh.edu.pl\/index.php?rest_route=\/wp\/v2\/pages\/290\/revisions"}],"predecessor-version":[{"id":1061,"href":"https:\/\/www.khgi.agh.edu.pl\/index.php?rest_route=\/wp\/v2\/pages\/290\/revisions\/1061"}],"wp:featuredmedia":[{"embeddable":true,"href":"https:\/\/www.khgi.agh.edu.pl\/index.php?rest_route=\/wp\/v2\/media\/291"}],"wp:attachment":[{"href":"https:\/\/www.khgi.agh.edu.pl\/index.php?rest_route=%2Fwp%2Fv2%2Fmedia&parent=290"}],"curies":[{"name":"wp","href":"https:\/\/api.w.org\/{rel}","templated":true}]}}