{"id":309,"date":"2014-09-11T13:06:32","date_gmt":"2014-09-11T11:06:32","guid":{"rendered":"http:\/\/www.khgi.agh.edu.pl\/?page_id=309"},"modified":"2020-11-04T12:08:02","modified_gmt":"2020-11-04T11:08:02","slug":"dr-inz-jaroslaw-kania","status":"publish","type":"page","link":"https:\/\/www.khgi.agh.edu.pl\/?page_id=309","title":{"rendered":"dr in\u017c. Jaros\u0142aw Kania"},"content":{"rendered":"<p style=\"color: #000000;\"><span style=\"color: #0000ff;\"><strong><a style=\"color: #0000ff;\" href=\"http:\/\/skos.agh.edu.pl\/osoba\/jaroslaw-kania-5650.html\">Kontakt<\/a><\/strong><\/span><\/p>\n<p><span style=\"color: #0000ff;\"><strong>Obszar bada\u0144 i zainteresowa\u0144 naukowych:<\/strong><\/span><\/p>\n<ul>\n<li>Hydrogeochemia i ochrona w\u00f3d podziemnych<\/li>\n<li>Skala czasowa w modelowaniu przep\u0142ywu i transportu w wodach podziemnych<\/li>\n<li>Modelowanie migracji zanieczyszcze\u0144 w wodach podziemnych z wykorzystaniem znacznik\u00f3w \u015brodowiskowych<\/li>\n<li>Modelowanie interakcji mi\u0119dzy wodami podziemnymi i powierzchniowymi<\/li>\n<li>Hydrogeochemia w\u00f3d termalnych<\/li>\n<\/ul>\n<p><span style=\"color: #0000ff;\"><strong>Prowadzone przedmioty:<\/strong><\/span><\/p>\n<ul>\n<li>Hydrogeochemia<\/li>\n<li>Modelowanie proces\u00f3w hydrogeochemicznych<\/li>\n<li>GIS w gospodarce wodnej i ochronie w\u00f3d<\/li>\n<\/ul>\n<p style=\"color: #000000;\"><span style=\"color: #0000ff;\"><strong><a style=\"color: #0000ff;\" href=\"http:\/\/www.bpp.agh.edu.pl\/new\/autor\/kania-jaroslaw-03604\">Spis publikacji<\/a><\/strong><\/span><\/p>\n<p>&nbsp;<\/p>\n","protected":false},"excerpt":{"rendered":"<p>Kontakt Obszar bada\u0144 i zainteresowa\u0144 naukowych: Hydrogeochemia i ochrona w\u00f3d podziemnych Skala czasowa w modelowaniu przep\u0142ywu i transportu w wodach podziemnych Modelowanie migracji zanieczyszcze\u0144 w wodach podziemnych z wykorzystaniem znacznik\u00f3w \u015brodowiskowych Modelowanie interakcji mi\u0119dzy wodami podziemnymi i powierzchniowymi Hydrogeochemia w\u00f3d termalnych Prowadzone przedmioty: Hydrogeochemia Modelowanie proces\u00f3w hydrogeochemicznych GIS w gospodarce wodnej i ochronie w\u00f3d Spis [&hellip;]<\/p>\n","protected":false},"author":1,"featured_media":0,"parent":0,"menu_order":0,"comment_status":"closed","ping_status":"closed","template":"","meta":{"footnotes":""},"class_list":["post-309","page","type-page","status-publish","hentry"],"_links":{"self":[{"href":"https:\/\/www.khgi.agh.edu.pl\/index.php?rest_route=\/wp\/v2\/pages\/309","targetHints":{"allow":["GET"]}}],"collection":[{"href":"https:\/\/www.khgi.agh.edu.pl\/index.php?rest_route=\/wp\/v2\/pages"}],"about":[{"href":"https:\/\/www.khgi.agh.edu.pl\/index.php?rest_route=\/wp\/v2\/types\/page"}],"author":[{"embeddable":true,"href":"https:\/\/www.khgi.agh.edu.pl\/index.php?rest_route=\/wp\/v2\/users\/1"}],"replies":[{"embeddable":true,"href":"https:\/\/www.khgi.agh.edu.pl\/index.php?rest_route=%2Fwp%2Fv2%2Fcomments&post=309"}],"version-history":[{"count":7,"href":"https:\/\/www.khgi.agh.edu.pl\/index.php?rest_route=\/wp\/v2\/pages\/309\/revisions"}],"predecessor-version":[{"id":1941,"href":"https:\/\/www.khgi.agh.edu.pl\/index.php?rest_route=\/wp\/v2\/pages\/309\/revisions\/1941"}],"wp:attachment":[{"href":"https:\/\/www.khgi.agh.edu.pl\/index.php?rest_route=%2Fwp%2Fv2%2Fmedia&parent=309"}],"curies":[{"name":"wp","href":"https:\/\/api.w.org\/{rel}","templated":true}]}}