{"id":311,"date":"2014-09-11T13:07:28","date_gmt":"2014-09-11T11:07:28","guid":{"rendered":"http:\/\/www.khgi.agh.edu.pl\/?page_id=311"},"modified":"2024-12-04T08:22:46","modified_gmt":"2024-12-04T07:22:46","slug":"dr-hab-ewa-kmiecik","status":"publish","type":"page","link":"https:\/\/www.khgi.agh.edu.pl\/?page_id=311","title":{"rendered":"prof. dr hab. Ewa Kmiecik\u00a0\u2013 Dziekan WGGiO\u015a"},"content":{"rendered":"<p style=\"color: #000000;\">Cz\u0142onek kolegium redakcyjnego Geology, Geophysics and Environment 2017-2020, Cz\u0142onek International Medical Geology Association, Cz\u0142onek International Water Association, Cz\u0142onek International Association of Hydrogeologists, Cz\u0142onek <em>Polskiego Stowarzyszenia Geotermicznego, <\/em>Koordynator wydzia\u0142owy jubileuszu 100-lecia AGH<\/p>\n<p style=\"color: #000000;\"><span style=\"color: #3366ff;\"><strong><a style=\"color: #1e73be;\" href=\"http:\/\/skos.agh.edu.pl\/osoba\/ewa-kmiecik-5388.html\"><span style=\"color: #3366ff;\">Kontakt<\/span><\/a><\/strong><\/span><\/p>\n<p style=\"color: #000000;\"><strong><span style=\"color: #3366ff;\">Obszar bada\u0144 naukowych:<\/span><\/strong><br \/>\n\u2022 Monitoring jako\u015bci w\u00f3d<br \/>\n\u2022 Kontrola jako\u015bci\/zapewnienie jako\u015bci w monitoringu<span data-sheets-value=\"[null,2,&quot;Badania geotechniczne \\u2013 rozpoznanie pod\\u0142o\\u017ca dla cel\\u00f3w in\\u017cynierskich - badania terenowe i laboratoryjne \\u2013 wykonywanie dokumentacji geologiczno-in\\u017cynierskich (uprawnienia VII), opinie geotechniczne, dokumentacje bada\\u0144 pod\\u0142o\\u017ca gruntowego \\u2013 Kierownik Laboratorium Geotechnicznego&quot;]\" data-sheets-userformat=\"[null,null,771,[null,0],[null,2,16773836],null,null,null,null,null,null,1,0]\"><br \/>\n\u2022 Hydrogeochemia<br \/>\n\u2022 Systemy jako\u015bci w laboratoriach badawczych<br \/>\n\u2022 Statystyczna analiza danych<br \/>\n<\/span><\/p>\n<p style=\"color: #000000;\"><span style=\"color: #3366ff;\"><strong><a style=\"color: #1e73be;\" href=\"http:\/\/www.bpp.agh.edu.pl\/new\/autor\/kmiecik-ewa-03724\"><span style=\"color: #3366ff;\">Spis publikacji<\/span><\/a><\/strong><\/span><\/p>\n<p style=\"color: #000000;\"><span style=\"color: #3366ff;\"><strong>Dydaktyka:<\/strong><\/span><br \/>\n\u2022 Metody analityczne w badaniu jako\u015bci w\u00f3d<br \/>\n\u2022 Nowoczesne metody badania sk\u0142adu chemicznego w\u00f3d podziemnych<br \/>\n\u2022 Systemy jako\u015bci w laboratorium hydrogeochemicznym<span data-sheets-value=\"[null,2,&quot;Badania geotechniczne \\u2013 rozpoznanie pod\\u0142o\\u017ca dla cel\\u00f3w in\\u017cynierskich - badania terenowe i laboratoryjne \\u2013 wykonywanie dokumentacji geologiczno-in\\u017cynierskich (uprawnienia VII), opinie geotechniczne, dokumentacje bada\\u0144 pod\\u0142o\\u017ca gruntowego \\u2013 Kierownik Laboratorium Geotechnicznego&quot;]\" data-sheets-userformat=\"[null,null,771,[null,0],[null,2,16773836],null,null,null,null,null,null,1,0]\"><br \/>\n\u2022 Zarz\u0105dzanie jako\u015bci\u0105 w monitoringu w\u00f3d podziemnych<\/span><br \/>\n\u2022 Ocena stanu w\u00f3d<br \/>\n\u2022 Metody statystyczne w hydrogeologii stosowanej, geologii in\u017cynierskiej i geotechnice<br \/>\n\u2022 Metody statystyczne w hydrogeologii<br \/>\n\u2022 Podstawy hydrogeologii stosowanej<br \/>\n\u2022 Monitoring w\u00f3d podziemnych<br \/>\n\u2022 Monitoring \u015brodowiska wodnego<br \/>\n\u2022 Ochrona i monitoring w\u00f3d<br \/>\n\u2022 Gospodarka wodna i ochrona w\u00f3d<\/p>\n<p>&nbsp;<\/p>\n","protected":false},"excerpt":{"rendered":"<p>Cz\u0142onek kolegium redakcyjnego Geology, Geophysics and Environment 2017-2020, Cz\u0142onek International Medical Geology Association, Cz\u0142onek International Water Association, Cz\u0142onek International Association of Hydrogeologists, Cz\u0142onek Polskiego Stowarzyszenia Geotermicznego, Koordynator wydzia\u0142owy jubileuszu 100-lecia AGH Kontakt Obszar bada\u0144 naukowych: \u2022 Monitoring jako\u015bci w\u00f3d \u2022 Kontrola jako\u015bci\/zapewnienie jako\u015bci w monitoringu \u2022 Hydrogeochemia \u2022 Systemy jako\u015bci w laboratoriach badawczych \u2022 Statystyczna [&hellip;]<\/p>\n","protected":false},"author":1,"featured_media":0,"parent":0,"menu_order":0,"comment_status":"closed","ping_status":"closed","template":"","meta":{"footnotes":""},"class_list":["post-311","page","type-page","status-publish","hentry"],"_links":{"self":[{"href":"https:\/\/www.khgi.agh.edu.pl\/index.php?rest_route=\/wp\/v2\/pages\/311","targetHints":{"allow":["GET"]}}],"collection":[{"href":"https:\/\/www.khgi.agh.edu.pl\/index.php?rest_route=\/wp\/v2\/pages"}],"about":[{"href":"https:\/\/www.khgi.agh.edu.pl\/index.php?rest_route=\/wp\/v2\/types\/page"}],"author":[{"embeddable":true,"href":"https:\/\/www.khgi.agh.edu.pl\/index.php?rest_route=\/wp\/v2\/users\/1"}],"replies":[{"embeddable":true,"href":"https:\/\/www.khgi.agh.edu.pl\/index.php?rest_route=%2Fwp%2Fv2%2Fcomments&post=311"}],"version-history":[{"count":16,"href":"https:\/\/www.khgi.agh.edu.pl\/index.php?rest_route=\/wp\/v2\/pages\/311\/revisions"}],"predecessor-version":[{"id":2198,"href":"https:\/\/www.khgi.agh.edu.pl\/index.php?rest_route=\/wp\/v2\/pages\/311\/revisions\/2198"}],"wp:attachment":[{"href":"https:\/\/www.khgi.agh.edu.pl\/index.php?rest_route=%2Fwp%2Fv2%2Fmedia&parent=311"}],"curies":[{"name":"wp","href":"https:\/\/api.w.org\/{rel}","templated":true}]}}