{"id":317,"date":"2014-09-11T13:12:00","date_gmt":"2014-09-11T11:12:00","guid":{"rendered":"http:\/\/www.khgi.agh.edu.pl\/?page_id=317"},"modified":"2024-12-04T08:24:14","modified_gmt":"2024-12-04T07:24:14","slug":"dr-hab-inz-adam-postawa-kierownik-katedry","status":"publish","type":"page","link":"https:\/\/www.khgi.agh.edu.pl\/?page_id=317","title":{"rendered":"dr hab. in\u017c. Adam Postawa \u2013 Kierownik Katedry"},"content":{"rendered":"<p style=\"color: #000000;\">Cz\u0142onek Komisji Opracowa\u0144 Kartograficznych PIG-PIB, cz\u0142onek Rady Gospodarki Wodnej Regionu Wodnego G\u00f3rnej Wis\u0142y przy Dyrektorze RZGW w Krakowie<\/p>\n<p style=\"color: #000000;\"><strong><span style=\"color: #3366ff;\"><a style=\"color: #1e73be;\" href=\"http:\/\/skos.agh.edu.pl\/osoba\/adam-postawa-4249.html\"><span style=\"color: #3366ff;\">Kontakt<\/span><\/a><\/span><\/strong><\/p>\n<p style=\"color: #000000;\"><strong><span style=\"color: #3366ff;\">Obszar bada\u0144 naukowych:<\/span><\/strong><br \/>\n\u2022\u00a0<span data-sheets-value=\"[null,2,&quot;Hydrogeologia&quot;]\" data-sheets-userformat=\"[null,null,771,[null,0],[null,2,16573901],null,null,null,null,null,null,1,0]\">Hydrogeologia<\/span><br \/>\n\u2022\u00a0<span data-sheets-value=\"[null,2,&quot;Badania geotechniczne \\u2013 rozpoznanie pod\\u0142o\\u017ca dla cel\\u00f3w in\\u017cynierskich - badania terenowe i laboratoryjne \\u2013 wykonywanie dokumentacji geologiczno-in\\u017cynierskich (uprawnienia VII), opinie geotechniczne, dokumentacje bada\\u0144 pod\\u0142o\\u017ca gruntowego \\u2013 Kierownik Laboratorium Geotechnicznego&quot;]\" data-sheets-userformat=\"[null,null,771,[null,0],[null,2,16773836],null,null,null,null,null,null,1,0]\"><span data-sheets-value=\"[null,2,&quot;Metodyka opr\\u00f3bowania w\\u00f3d&quot;]\" data-sheets-userformat=\"[null,null,771,[null,0],[null,2,16573901],null,null,null,null,null,null,1,0]\">Metodyka opr\u00f3bowania w\u00f3d<\/span><br \/>\n\u2022\u00a0<span data-sheets-value=\"[null,2,&quot;Metody wyznaczania parametr\\u00f3w hydrogeologicznych ska\\u0142&quot;]\" data-sheets-userformat=\"[null,null,771,[null,0],[null,2,16573901],null,null,null,null,null,null,1,0]\">Metody wyznaczania parametr\u00f3w hydrogeologicznych ska\u0142<\/span><\/span><\/p>\n<p style=\"color: #000000;\"><strong><span style=\"color: #3366ff;\"><a style=\"color: #1e73be;\" href=\"http:\/\/www.bpp.agh.edu.pl\/new\/indeks\/?wydz=0&amp;odR=0&amp;doR=0&amp;poz=P\"><span style=\"color: #3366ff;\">Spis publikacji<\/span><\/a><\/span><\/strong><\/p>\n<p style=\"color: #000000;\"><strong><span style=\"color: #3366ff;\">Dydaktyka:<\/span><\/strong><br \/>\n\u2022\u00a0<span data-sheets-value=\"[null,2,&quot;Hydrogeologia&quot;]\" data-sheets-userformat=\"[null,null,771,[null,0],[null,2,16573901],null,null,null,null,null,null,1,0]\">Hydrogeologia<\/span><br \/>\n\u2022\u00a0<span data-sheets-value=\"[null,2,&quot;Hydrogeologia i geologia in\\u017cynierska&quot;]\" data-sheets-userformat=\"[null,null,771,[null,0],[null,2,16573901],null,null,null,null,null,null,1,0]\">Hydrogeologia i geologia in\u017cynierska<\/span><br \/>\n\u2022\u00a0<span data-sheets-value=\"[null,2,&quot;Badania geotechniczne \\u2013 rozpoznanie pod\\u0142o\\u017ca dla cel\\u00f3w in\\u017cynierskich - badania terenowe i laboratoryjne \\u2013 wykonywanie dokumentacji geologiczno-in\\u017cynierskich (uprawnienia VII), opinie geotechniczne, dokumentacje bada\\u0144 pod\\u0142o\\u017ca gruntowego \\u2013 Kierownik Laboratorium Geotechnicznego&quot;]\" data-sheets-userformat=\"[null,null,771,[null,0],[null,2,16773836],null,null,null,null,null,null,1,0]\"><span data-sheets-value=\"[null,2,&quot;In\\u017cynieria sanitarna&quot;]\" data-sheets-userformat=\"[null,null,771,[null,0],[null,2,16573901],null,null,null,null,null,null,1,0]\">In\u017cynieria sanitarna<\/span><br \/>\n\u2022\u00a0<span data-sheets-value=\"[null,2,&quot;Metody oczyszczania i uzdatniana w\\u00f3d&quot;]\" data-sheets-userformat=\"[null,null,771,[null,0],[null,2,16573901],null,null,null,null,null,null,1,0]\">Metody oczyszczania i uzdatniana w\u00f3d<\/span><\/span><br \/>\n\u2022\u00a0<span data-sheets-value=\"[null,2,&quot;Pierwiastki \\u015bladowe w \\u015brodowisku wodnym&quot;]\" data-sheets-userformat=\"[null,null,771,[null,0],[null,2,16573901],null,null,null,null,null,null,1,0]\">Pierwiastki \u015bladowe w \u015brodowisku wodnym<\/span><br \/>\n\u2022\u00a0<span data-sheets-value=\"[null,2,&quot;Badania geotechniczne \\u2013 rozpoznanie pod\\u0142o\\u017ca dla cel\\u00f3w in\\u017cynierskich - badania terenowe i laboratoryjne \\u2013 wykonywanie dokumentacji geologiczno-in\\u017cynierskich (uprawnienia VII), opinie geotechniczne, dokumentacje bada\\u0144 pod\\u0142o\\u017ca gruntowego \\u2013 Kierownik Laboratorium Geotechnicznego&quot;]\" data-sheets-userformat=\"[null,null,771,[null,0],[null,2,16773836],null,null,null,null,null,null,1,0]\"><span data-sheets-value=\"[null,2,&quot;Komputerowa interpretacja przestrzennych danych hydrogeologicznych&quot;]\" data-sheets-userformat=\"[null,null,771,[null,0],[null,2,16573901],null,null,null,null,null,null,1,0]\">Komputerowa interpretacja przestrzennych danych hydrogeologicznych<\/span><br \/>\n\u2022\u00a0<span data-sheets-value=\"[null,2,&quot;Zaj\\u0119cia terenowe z hydrogeologii stosowanej&quot;]\" data-sheets-userformat=\"[null,null,771,[null,0],[null,2,16573901],null,null,null,null,null,null,1,0]\">Zaj\u0119cia terenowe z hydrogeologii stosowanej<\/span><\/span><\/p>\n<p>&nbsp;<\/p>\n<p>&nbsp;<\/p>\n","protected":false},"excerpt":{"rendered":"<p>Cz\u0142onek Komisji Opracowa\u0144 Kartograficznych PIG-PIB, cz\u0142onek Rady Gospodarki Wodnej Regionu Wodnego G\u00f3rnej Wis\u0142y przy Dyrektorze RZGW w Krakowie Kontakt Obszar bada\u0144 naukowych: \u2022\u00a0Hydrogeologia \u2022\u00a0Metodyka opr\u00f3bowania w\u00f3d \u2022\u00a0Metody wyznaczania parametr\u00f3w hydrogeologicznych ska\u0142 Spis publikacji Dydaktyka: \u2022\u00a0Hydrogeologia \u2022\u00a0Hydrogeologia i geologia in\u017cynierska \u2022\u00a0In\u017cynieria sanitarna \u2022\u00a0Metody oczyszczania i uzdatniana w\u00f3d \u2022\u00a0Pierwiastki \u015bladowe w \u015brodowisku wodnym \u2022\u00a0Komputerowa interpretacja przestrzennych danych [&hellip;]<\/p>\n","protected":false},"author":1,"featured_media":0,"parent":0,"menu_order":0,"comment_status":"closed","ping_status":"closed","template":"","meta":{"footnotes":""},"class_list":["post-317","page","type-page","status-publish","hentry"],"_links":{"self":[{"href":"https:\/\/www.khgi.agh.edu.pl\/index.php?rest_route=\/wp\/v2\/pages\/317","targetHints":{"allow":["GET"]}}],"collection":[{"href":"https:\/\/www.khgi.agh.edu.pl\/index.php?rest_route=\/wp\/v2\/pages"}],"about":[{"href":"https:\/\/www.khgi.agh.edu.pl\/index.php?rest_route=\/wp\/v2\/types\/page"}],"author":[{"embeddable":true,"href":"https:\/\/www.khgi.agh.edu.pl\/index.php?rest_route=\/wp\/v2\/users\/1"}],"replies":[{"embeddable":true,"href":"https:\/\/www.khgi.agh.edu.pl\/index.php?rest_route=%2Fwp%2Fv2%2Fcomments&post=317"}],"version-history":[{"count":11,"href":"https:\/\/www.khgi.agh.edu.pl\/index.php?rest_route=\/wp\/v2\/pages\/317\/revisions"}],"predecessor-version":[{"id":2200,"href":"https:\/\/www.khgi.agh.edu.pl\/index.php?rest_route=\/wp\/v2\/pages\/317\/revisions\/2200"}],"wp:attachment":[{"href":"https:\/\/www.khgi.agh.edu.pl\/index.php?rest_route=%2Fwp%2Fv2%2Fmedia&parent=317"}],"curies":[{"name":"wp","href":"https:\/\/api.w.org\/{rel}","templated":true}]}}