{"id":323,"date":"2014-09-11T13:15:15","date_gmt":"2014-09-11T11:15:15","guid":{"rendered":"http:\/\/www.khgi.agh.edu.pl\/?page_id=323"},"modified":"2018-09-28T17:52:49","modified_gmt":"2018-09-28T15:52:49","slug":"dr-inz-anna-zurek","status":"publish","type":"page","link":"https:\/\/www.khgi.agh.edu.pl\/?page_id=323","title":{"rendered":"dr in\u017c. Anna \u017burek"},"content":{"rendered":"<p style=\"color: #000000;\">Cz\u0142onek Zarz\u0105du Polskiego Komitetu Narodowego International Association of Hydrogeologists; Cz\u0142onek Komisji Opracowa\u0144 Kartograficznych PIG-PIB<\/p>\n<p style=\"color: #000000;\"><span style=\"color: #0000ff;\"><strong><a style=\"color: #1e73be;\" href=\"http:\/\/skos.agh.edu.pl\/osoba\/anna-zurek-4250.html\"><span style=\"color: #0000ff;\">Kontakt<\/span><\/a><\/strong><\/span><\/p>\n<p style=\"color: #000000;\"><span style=\"color: #0000ff;\"><strong><a style=\"color: #1e73be;\" href=\"http:\/\/www.bpp.agh.edu.pl\/new\/autor\/zurek-anna-03720\"><span style=\"color: #0000ff;\">Spis publikacji<\/span><\/a><\/strong><\/span><\/p>\n","protected":false},"excerpt":{"rendered":"<p>Cz\u0142onek Zarz\u0105du Polskiego Komitetu Narodowego International Association of Hydrogeologists; Cz\u0142onek Komisji Opracowa\u0144 Kartograficznych PIG-PIB Kontakt Spis publikacji<\/p>\n","protected":false},"author":1,"featured_media":0,"parent":0,"menu_order":0,"comment_status":"closed","ping_status":"closed","template":"","meta":{"footnotes":""},"class_list":["post-323","page","type-page","status-publish","hentry"],"_links":{"self":[{"href":"https:\/\/www.khgi.agh.edu.pl\/index.php?rest_route=\/wp\/v2\/pages\/323","targetHints":{"allow":["GET"]}}],"collection":[{"href":"https:\/\/www.khgi.agh.edu.pl\/index.php?rest_route=\/wp\/v2\/pages"}],"about":[{"href":"https:\/\/www.khgi.agh.edu.pl\/index.php?rest_route=\/wp\/v2\/types\/page"}],"author":[{"embeddable":true,"href":"https:\/\/www.khgi.agh.edu.pl\/index.php?rest_route=\/wp\/v2\/users\/1"}],"replies":[{"embeddable":true,"href":"https:\/\/www.khgi.agh.edu.pl\/index.php?rest_route=%2Fwp%2Fv2%2Fcomments&post=323"}],"version-history":[{"count":7,"href":"https:\/\/www.khgi.agh.edu.pl\/index.php?rest_route=\/wp\/v2\/pages\/323\/revisions"}],"predecessor-version":[{"id":1518,"href":"https:\/\/www.khgi.agh.edu.pl\/index.php?rest_route=\/wp\/v2\/pages\/323\/revisions\/1518"}],"wp:attachment":[{"href":"https:\/\/www.khgi.agh.edu.pl\/index.php?rest_route=%2Fwp%2Fv2%2Fmedia&parent=323"}],"curies":[{"name":"wp","href":"https:\/\/api.w.org\/{rel}","templated":true}]}}