{"id":333,"date":"2014-09-11T13:24:54","date_gmt":"2014-09-11T11:24:54","guid":{"rendered":"http:\/\/www.khgi.agh.edu.pl\/?page_id=333"},"modified":"2016-06-05T22:17:18","modified_gmt":"2016-06-05T20:17:18","slug":"dr-katarzyna-wator","status":"publish","type":"page","link":"https:\/\/www.khgi.agh.edu.pl\/?page_id=333","title":{"rendered":"dr Katarzyna W\u0105tor"},"content":{"rendered":"<p style=\"color: #000000;\"><strong><span style=\"color: #3366ff;\"><a style=\"color: #1e73be;\" href=\"http:\/\/skos.agh.edu.pl\/osoba\/katarzyna-wator-7788.html\"><span style=\"color: #3366ff;\">Kontakt<\/span><\/a><\/span><\/strong><\/p>\n<p style=\"color: #000000;\"><strong><span style=\"color: #3366ff;\">Obszar bada\u0144 naukowych:<\/span><\/strong><br \/>\n\u2022\u00a0<span data-sheets-value=\"[null,2,&quot;Analiza zmienno\\u015bci sk\\u0142adu chemicznego w\\u00f3d&quot;]\" data-sheets-userformat=\"[null,null,515,[null,0],[null,2,16773836],null,null,null,null,null,null,null,0]\">Analiza zmienno\u015bci sk\u0142adu chemicznego w\u00f3d<\/span><br \/>\n\u2022\u00a0<span data-sheets-value=\"[null,2,&quot;Analiza statystyczna danych obejmuj\\u0105ca wielowymiarowe techniki analizy danych&quot;]\" data-sheets-userformat=\"[null,null,515,[null,0],[null,2,16773836],null,null,null,null,null,null,null,0]\">Analiza statystyczna danych obejmuj\u0105ca wielowymiarowe techniki analizy danych<\/span><br \/>\n\u2022\u00a0<span data-sheets-value=\"[null,2,&quot;Wody lecznicze&quot;]\" data-sheets-userformat=\"[null,null,515,[null,0],[null,2,16773836],null,null,null,null,null,null,null,0]\">Wody lecznicze<\/span><br \/>\n\u2022\u00a0<span data-sheets-value=\"[null,2,&quot;Zarz\\u0105dzanie jako\\u015bci\\u0105 i kontrola jako\\u015bci w badaniach laboratoryjnych oraz terenowych&quot;]\" data-sheets-userformat=\"[null,null,515,[null,0],[null,2,16773836],null,null,null,null,null,null,null,0]\">Zarz\u0105dzanie jako\u015bci\u0105 i kontrola jako\u015bci w badaniach laboratoryjnych oraz terenowych<\/span><br \/>\n\u2022\u00a0<span data-sheets-value=\"[null,2,&quot;Walidacja metod analitycznych i szacowanie niepewno\\u015bci&quot;]\" data-sheets-userformat=\"[null,null,515,[null,0],[null,2,16773836],null,null,null,null,null,null,null,0]\">Walidacja metod analitycznych i szacowanie niepewno\u015bci<\/span><\/p>\n<p style=\"color: #000000;\"><strong><span style=\"color: #3366ff;\"><a style=\"color: #1e73be;\" href=\"http:\/\/www.bpp.agh.edu.pl\/new\/autor\/wator-katarzyna-06135\"><span style=\"color: #3366ff;\">Spis publikacji<\/span><\/a><\/span><\/strong><\/p>\n<p style=\"color: #000000;\"><strong><span style=\"color: #3366ff;\">Dydaktyka:<\/span><\/strong><br \/>\n\u2022\u00a0<span data-sheets-value=\"[null,2,&quot;Metody analityczne w badaniu jako\\u015bci w\\u00f3d&quot;]\" data-sheets-userformat=\"[null,null,515,[null,0],[null,2,16773836],null,null,null,null,null,null,null,0]\">Metody analityczne w badaniu jako\u015bci w\u00f3d<\/span><br \/>\n\u2022\u00a0<span data-sheets-value=\"[null,2,&quot;Nowoczesne metody badania sk\\u0142adu chemicznego w\\u00f3d podziemnych&quot;]\" data-sheets-userformat=\"[null,null,515,[null,0],[null,2,16773836],null,null,null,null,null,null,null,0]\">Nowoczesne metody badania sk\u0142adu chemicznego w\u00f3d podziemnych<\/span><br \/>\n\u2022\u00a0<span data-sheets-value=\"[null,2,&quot;Systemy jako\\u015bci w laboratorium hydrogeochemicznym&quot;]\" data-sheets-userformat=\"[null,null,515,[null,0],[null,2,16773836],null,null,null,null,null,null,null,0]\">Systemy jako\u015bci w laboratorium hydrogeochemicznym<\/span><br \/>\n\u2022\u00a0<span data-sheets-value=\"[null,2,&quot;Zarz\\u0105dzanie jako\\u015bci\\u0105 w monitoringu w\\u00f3d podziemnych&quot;]\" data-sheets-userformat=\"[null,null,515,[null,0],[null,2,16773836],null,null,null,null,null,null,null,0]\">Zarz\u0105dzanie jako\u015bci\u0105 w monitoringu w\u00f3d podziemnych<\/span><br \/>\n\u2022\u00a0<span data-sheets-value=\"[null,2,&quot;Ocena stanu w\\u00f3d&quot;]\" data-sheets-userformat=\"[null,null,515,[null,0],[null,2,16773836],null,null,null,null,null,null,null,0]\">Ocena stanu w\u00f3d<\/span><br \/>\n\u2022\u00a0<span data-sheets-value=\"[null,2,&quot;Metody statystyczne w hydrogeologii stosowanej, geologii in\\u017cynierskiej i geotechnice&quot;]\" data-sheets-userformat=\"[null,null,515,[null,0],[null,2,16773836],null,null,null,null,null,null,null,0]\">Metody statystyczne w hydrogeologii stosowanej, geologii in\u017cynierskiej i geotechnice<\/span><br \/>\n\u2022\u00a0<span data-sheets-value=\"[null,2,&quot;Metody statystyczne w hydrogeologii&quot;]\" data-sheets-userformat=\"[null,null,515,[null,0],[null,2,16773836],null,null,null,null,null,null,null,0]\">Metody statystyczne w hydrogeologii<\/span><br \/>\n\u2022\u00a0<span data-sheets-value=\"[null,2,&quot;Hydrogeochemia I&quot;]\" data-sheets-userformat=\"[null,null,515,[null,0],[null,2,16773836],null,null,null,null,null,null,null,0]\">Hydrogeochemia I<\/span><br \/>\n\u2022\u00a0<span data-sheets-value=\"[null,2,&quot;Hydrogeochemia II&quot;]\" data-sheets-userformat=\"[null,null,515,[null,0],[null,2,16773836],null,null,null,null,null,null,null,0]\">Hydrogeochemia II<\/span><\/p>\n<p>&nbsp;<\/p>\n<p>&nbsp;<\/p>\n","protected":false},"excerpt":{"rendered":"<p>Kontakt Obszar bada\u0144 naukowych: \u2022\u00a0Analiza zmienno\u015bci sk\u0142adu chemicznego w\u00f3d \u2022\u00a0Analiza statystyczna danych obejmuj\u0105ca wielowymiarowe techniki analizy danych \u2022\u00a0Wody lecznicze \u2022\u00a0Zarz\u0105dzanie jako\u015bci\u0105 i kontrola jako\u015bci w badaniach laboratoryjnych oraz terenowych \u2022\u00a0Walidacja metod analitycznych i szacowanie niepewno\u015bci Spis publikacji Dydaktyka: \u2022\u00a0Metody analityczne w badaniu jako\u015bci w\u00f3d \u2022\u00a0Nowoczesne metody badania sk\u0142adu chemicznego w\u00f3d podziemnych \u2022\u00a0Systemy jako\u015bci w laboratorium [&hellip;]<\/p>\n","protected":false},"author":1,"featured_media":0,"parent":0,"menu_order":0,"comment_status":"closed","ping_status":"closed","template":"","meta":{"footnotes":""},"class_list":["post-333","page","type-page","status-publish","hentry"],"_links":{"self":[{"href":"https:\/\/www.khgi.agh.edu.pl\/index.php?rest_route=\/wp\/v2\/pages\/333","targetHints":{"allow":["GET"]}}],"collection":[{"href":"https:\/\/www.khgi.agh.edu.pl\/index.php?rest_route=\/wp\/v2\/pages"}],"about":[{"href":"https:\/\/www.khgi.agh.edu.pl\/index.php?rest_route=\/wp\/v2\/types\/page"}],"author":[{"embeddable":true,"href":"https:\/\/www.khgi.agh.edu.pl\/index.php?rest_route=\/wp\/v2\/users\/1"}],"replies":[{"embeddable":true,"href":"https:\/\/www.khgi.agh.edu.pl\/index.php?rest_route=%2Fwp%2Fv2%2Fcomments&post=333"}],"version-history":[{"count":3,"href":"https:\/\/www.khgi.agh.edu.pl\/index.php?rest_route=\/wp\/v2\/pages\/333\/revisions"}],"predecessor-version":[{"id":1074,"href":"https:\/\/www.khgi.agh.edu.pl\/index.php?rest_route=\/wp\/v2\/pages\/333\/revisions\/1074"}],"wp:attachment":[{"href":"https:\/\/www.khgi.agh.edu.pl\/index.php?rest_route=%2Fwp%2Fv2%2Fmedia&parent=333"}],"curies":[{"name":"wp","href":"https:\/\/api.w.org\/{rel}","templated":true}]}}