{"id":336,"date":"2014-09-11T13:27:47","date_gmt":"2014-09-11T11:27:47","guid":{"rendered":"http:\/\/www.khgi.agh.edu.pl\/?page_id=336"},"modified":"2016-06-03T14:24:24","modified_gmt":"2016-06-03T12:24:24","slug":"dr-inz-robert-zdechlik","status":"publish","type":"page","link":"https:\/\/www.khgi.agh.edu.pl\/?page_id=336","title":{"rendered":"dr in\u017c. Robert Zdechlik"},"content":{"rendered":"<p style=\"color: #000000; text-align: left;\"><span style=\"color: #3366ff;\"><strong><a style=\"color: #1e73be;\" href=\"http:\/\/skos.agh.edu.pl\/osoba\/robert-zdechlik-3886.html\"><span style=\"color: #3366ff;\">Kontakt<\/span><\/a><\/strong><\/span><strong><span style=\"color: #3366ff;\"><a href=\"http:\/\/www.khgi.agh.edu.pl\/wp-content\/uploads\/2014\/09\/Foto_RZ_2016_A.jpg\"><img loading=\"lazy\" decoding=\"async\" class=\"size-medium wp-image-1033 alignright\" src=\"http:\/\/www.khgi.agh.edu.pl\/wp-content\/uploads\/2014\/09\/Foto_RZ_2016_A-199x300.jpg\" alt=\"Foto_RZ_2016_A\" width=\"199\" height=\"300\" srcset=\"https:\/\/www.khgi.agh.edu.pl\/wp-content\/uploads\/2014\/09\/Foto_RZ_2016_A-199x300.jpg 199w, https:\/\/www.khgi.agh.edu.pl\/wp-content\/uploads\/2014\/09\/Foto_RZ_2016_A-682x1024.jpg 682w\" sizes=\"auto, (max-width: 199px) 100vw, 199px\" \/><\/a><\/span><\/strong><\/p>\n<p style=\"color: #000000; text-align: left;\"><strong><span style=\"color: #3366ff;\">Obszar bada\u0144 naukowych:<\/span><\/strong><br \/>\n\u2022\u00a0<span data-sheets-value=\"[null,2,&quot;Hydrogeologia og\\u00f3lna i kopalniana,&quot;]\" data-sheets-userformat=\"[null,null,515,[null,0],[null,2,13624051],null,null,null,null,null,null,null,0]\">Hydrogeologia og\u00f3lna i kopalniana,<\/span><br \/>\n\u2022\u00a0<span data-sheets-value=\"[null,2,&quot;Numeryczne modelowanie proces\\u00f3w filtracji&quot;]\" data-sheets-userformat=\"[null,null,515,[null,0],[null,2,13624051],null,null,null,null,null,null,null,0]\">Numeryczne modelowanie proces\u00f3w filtracji<\/span><br \/>\n\u2022\u00a0<span data-sheets-value=\"[null,2,&quot;Ochrona w\\u00f3d&quot;]\" data-sheets-userformat=\"[null,null,515,[null,0],[null,2,13624051],null,null,null,null,null,null,null,0]\">Ochrona w\u00f3d<\/span><br \/>\n\u2022\u00a0<span data-sheets-value=\"[null,2,&quot;Monitoring jako\\u015bci w\\u00f3d podziemnych i powierzchniowych&quot;]\" data-sheets-userformat=\"[null,null,515,[null,0],[null,2,13624051],null,null,null,null,null,null,null,0]\">Monitoring jako\u015bci w\u00f3d podziemnych i powierzchniowych<\/span><\/p>\n<p style=\"color: #000000;\"><strong><span style=\"color: #3366ff;\"><a style=\"color: #1e73be;\" href=\"http:\/\/www.bpp.agh.edu.pl\/new\/autor\/zdechlik-robert-03757\"><span style=\"color: #3366ff;\">Spis publikacji<\/span><\/a><\/span><\/strong><\/p>\n<p style=\"color: #000000;\"><strong><span style=\"color: #3366ff;\">Dydaktyka:<\/span><\/strong><br \/>\n\u2022\u00a0<span data-sheets-value=\"[null,2,&quot;Podstawy modelowania filtracji w\\u00f3d podziemnych&quot;]\" data-sheets-userformat=\"[null,null,515,[null,0],[null,2,13624051],null,null,null,null,null,null,null,0]\">Podstawy modelowania filtracji w\u00f3d podziemnych<\/span><br \/>\n\u2022\u00a0<span data-sheets-value=\"[null,2,&quot;Modelowanie hydrogeologiczne&quot;]\" data-sheets-userformat=\"[null,null,515,[null,0],[null,2,13624051],null,null,null,null,null,null,null,0]\">Modelowanie hydrogeologiczne<\/span><br \/>\n\u2022\u00a0<span data-sheets-value=\"[null,2,&quot;Budowa uj\\u0119\\u0107 w\\u00f3d podziemnych&quot;]\" data-sheets-userformat=\"[null,null,515,[null,0],[null,2,13624051],null,null,null,null,null,null,null,0]\">Budowa uj\u0119\u0107 w\u00f3d podziemnych<\/span><\/p>\n<p>&nbsp;<\/p>\n","protected":false},"excerpt":{"rendered":"<p>Kontakt Obszar bada\u0144 naukowych: \u2022\u00a0Hydrogeologia og\u00f3lna i kopalniana, \u2022\u00a0Numeryczne modelowanie proces\u00f3w filtracji \u2022\u00a0Ochrona w\u00f3d \u2022\u00a0Monitoring jako\u015bci w\u00f3d podziemnych i powierzchniowych Spis publikacji Dydaktyka: \u2022\u00a0Podstawy modelowania filtracji w\u00f3d podziemnych \u2022\u00a0Modelowanie hydrogeologiczne \u2022\u00a0Budowa uj\u0119\u0107 w\u00f3d podziemnych &nbsp;<\/p>\n","protected":false},"author":1,"featured_media":337,"parent":0,"menu_order":0,"comment_status":"closed","ping_status":"closed","template":"","meta":{"footnotes":""},"class_list":["post-336","page","type-page","status-publish","has-post-thumbnail","hentry"],"_links":{"self":[{"href":"https:\/\/www.khgi.agh.edu.pl\/index.php?rest_route=\/wp\/v2\/pages\/336","targetHints":{"allow":["GET"]}}],"collection":[{"href":"https:\/\/www.khgi.agh.edu.pl\/index.php?rest_route=\/wp\/v2\/pages"}],"about":[{"href":"https:\/\/www.khgi.agh.edu.pl\/index.php?rest_route=\/wp\/v2\/types\/page"}],"author":[{"embeddable":true,"href":"https:\/\/www.khgi.agh.edu.pl\/index.php?rest_route=\/wp\/v2\/users\/1"}],"replies":[{"embeddable":true,"href":"https:\/\/www.khgi.agh.edu.pl\/index.php?rest_route=%2Fwp%2Fv2%2Fcomments&post=336"}],"version-history":[{"count":6,"href":"https:\/\/www.khgi.agh.edu.pl\/index.php?rest_route=\/wp\/v2\/pages\/336\/revisions"}],"predecessor-version":[{"id":1035,"href":"https:\/\/www.khgi.agh.edu.pl\/index.php?rest_route=\/wp\/v2\/pages\/336\/revisions\/1035"}],"wp:featuredmedia":[{"embeddable":true,"href":"https:\/\/www.khgi.agh.edu.pl\/index.php?rest_route=\/wp\/v2\/media\/337"}],"wp:attachment":[{"href":"https:\/\/www.khgi.agh.edu.pl\/index.php?rest_route=%2Fwp%2Fv2%2Fmedia&parent=336"}],"curies":[{"name":"wp","href":"https:\/\/api.w.org\/{rel}","templated":true}]}}