{"id":369,"date":"2014-09-11T13:47:35","date_gmt":"2014-09-11T11:47:35","guid":{"rendered":"http:\/\/www.khgi.agh.edu.pl\/?page_id=369"},"modified":"2023-01-20T12:04:24","modified_gmt":"2023-01-20T11:04:24","slug":"mgr-inz-klaudia-korzec","status":"publish","type":"page","link":"https:\/\/www.khgi.agh.edu.pl\/?page_id=369","title":{"rendered":"dr in\u017c. Klaudia Seku\u0142a"},"content":{"rendered":"<p style=\"color: #000000;\"><span style=\"color: #3366ff;\"><strong>K<\/strong><strong>ontakt<\/strong><\/span><strong><a href=\"http:\/\/www.khgi.agh.edu.pl\/wp-content\/uploads\/2014\/09\/KORZEC.png\"><img loading=\"lazy\" decoding=\"async\" class=\"size-full wp-image-372 alignright\" src=\"http:\/\/www.khgi.agh.edu.pl\/wp-content\/uploads\/2014\/09\/KORZEC.png\" alt=\"KORZEC\" width=\"172\" height=\"242\" \/><\/a><a style=\"color: #1e73be;\" href=\"http:\/\/skos.agh.edu.pl\/osoba\/andrzej-haladus-1049.html\"><br \/>\n<\/a><\/strong><\/p>\n<ul>\n<li><span style=\"color: #000000;\">A0, pok\u00f3j nr 05<\/span><\/li>\n<li><span style=\"color: #000000;\">klaudia.sekula@agh.edu.pl<\/span><\/li>\n<\/ul>\n<p style=\"color: #000000;\"><span style=\"color: #3366ff;\"><strong>Obszar bada\u0144 naukowych:<\/strong><\/span><\/p>\n<ul>\n<li><span style=\"color: #000000;\">Badania laboratoryjne grunt\u00f3w i ska\u0142<\/span><\/li>\n<li><span style=\"color: #000000;\">Opracowanie i analiza danych geologiczno-in\u017cynierskich<\/span><\/li>\n<li><span style=\"color: #000000;\">Badania w zakresie opracowanie kompleksowego systemu monitorowania i prognozowania stanu wa\u0142\u00f3w przeciwpowodziowych<\/span><\/li>\n<\/ul>\n<p style=\"color: #000000;\"><strong><span style=\"color: #3366ff;\"><a style=\"color: #1e73be;\" href=\"http:\/\/www.bpp.agh.edu.pl\/new\/autor\/korzec-klaudia-08088\"><span style=\"color: #3366ff;\">Spis publikacji<\/span><\/a><\/span><\/strong><\/p>\n<p style=\"color: #000000;\"><span style=\"color: #3366ff;\"><strong>Dydaktyka:<\/strong><\/span><\/p>\n<ul>\n<li><span style=\"color: #000000;\">Hydrogeologia i geologia in\u017cynierska<\/span><\/li>\n<li><span style=\"color: #000000;\">Geologia in\u017cynierska<\/span><\/li>\n<li><span style=\"color: #000000;\">Gruntoznawstwo<\/span><\/li>\n<li><span style=\"color: #000000;\">Metody statystyczne geologii in\u017cynierskiej i hydrogeologii<\/span><\/li>\n<li><span style=\"color: #000000;\">Komputerowe wspomaganie w geologii in\u017cynierskiej i geotechnice<\/span><\/li>\n<\/ul>\n<p>&nbsp;<\/p>\n","protected":false},"excerpt":{"rendered":"<p>Kontakt A0, pok\u00f3j nr 05 klaudia.sekula@agh.edu.pl Obszar bada\u0144 naukowych: Badania laboratoryjne grunt\u00f3w i ska\u0142 Opracowanie i analiza danych geologiczno-in\u017cynierskich Badania w zakresie opracowanie kompleksowego systemu monitorowania i prognozowania stanu wa\u0142\u00f3w przeciwpowodziowych Spis publikacji Dydaktyka: Hydrogeologia i geologia in\u017cynierska Geologia in\u017cynierska Gruntoznawstwo Metody statystyczne geologii in\u017cynierskiej i hydrogeologii Komputerowe wspomaganie w geologii in\u017cynierskiej i geotechnice &nbsp;<\/p>\n","protected":false},"author":1,"featured_media":372,"parent":0,"menu_order":0,"comment_status":"closed","ping_status":"closed","template":"","meta":{"footnotes":""},"class_list":["post-369","page","type-page","status-publish","has-post-thumbnail","hentry"],"_links":{"self":[{"href":"https:\/\/www.khgi.agh.edu.pl\/index.php?rest_route=\/wp\/v2\/pages\/369","targetHints":{"allow":["GET"]}}],"collection":[{"href":"https:\/\/www.khgi.agh.edu.pl\/index.php?rest_route=\/wp\/v2\/pages"}],"about":[{"href":"https:\/\/www.khgi.agh.edu.pl\/index.php?rest_route=\/wp\/v2\/types\/page"}],"author":[{"embeddable":true,"href":"https:\/\/www.khgi.agh.edu.pl\/index.php?rest_route=\/wp\/v2\/users\/1"}],"replies":[{"embeddable":true,"href":"https:\/\/www.khgi.agh.edu.pl\/index.php?rest_route=%2Fwp%2Fv2%2Fcomments&post=369"}],"version-history":[{"count":14,"href":"https:\/\/www.khgi.agh.edu.pl\/index.php?rest_route=\/wp\/v2\/pages\/369\/revisions"}],"predecessor-version":[{"id":2091,"href":"https:\/\/www.khgi.agh.edu.pl\/index.php?rest_route=\/wp\/v2\/pages\/369\/revisions\/2091"}],"wp:featuredmedia":[{"embeddable":true,"href":"https:\/\/www.khgi.agh.edu.pl\/index.php?rest_route=\/wp\/v2\/media\/372"}],"wp:attachment":[{"href":"https:\/\/www.khgi.agh.edu.pl\/index.php?rest_route=%2Fwp%2Fv2%2Fmedia&parent=369"}],"curies":[{"name":"wp","href":"https:\/\/api.w.org\/{rel}","templated":true}]}}