{"id":469,"date":"2014-10-06T07:16:43","date_gmt":"2014-10-06T05:16:43","guid":{"rendered":"http:\/\/www.khgi.agh.edu.pl\/?page_id=469"},"modified":"2014-10-06T15:25:11","modified_gmt":"2014-10-06T13:25:11","slug":"a-d","status":"publish","type":"page","link":"https:\/\/www.khgi.agh.edu.pl\/?page_id=469","title":{"rendered":"a-d"},"content":{"rendered":"<p><strong><span style=\"color: #3366ff;\"><a href=\"http:\/\/syllabuskrk.agh.edu.pl\/2013-2014\/pl\/magnesite\/study_plans\/stacjonarne-gornictwo-i-geologia-geologia-inzynierska\/module\/bgg-2-104-gi-s-budowa-ujec-wod-podziemnych\"><span style=\"color: #3366ff;\">Budowa uj\u0119\u0107 w\u00f3d podziemnych &#8211; GGiO\u015a &#8211; 1 GI<\/span><\/a><\/span><\/strong><\/p>\n<p><strong><span style=\"color: #3366ff;\"><a href=\"http:\/\/syllabuskrk.agh.edu.pl\/2013-2014\/pl\/magnesite\/study_plans\/stacjonarne-gornictwo-i-geologia-hydrogeologia-i-geologia-inzynierska\/module\/bgg-2-204-hg-s-budowa-ujec-wod-podziemnych\"><span style=\"color: #3366ff;\">Budowa uj\u0119\u0107 w\u00f3d podziemnych &#8211;\u00a0GGiO\u015a &#8211; 2 HGI<\/span><\/a><\/span><\/strong><\/p>\n<p><strong><span style=\"color: #3366ff;\"><a href=\"http:\/\/syllabuskrk.agh.edu.pl\/2012-2013\/pl\/magnesite\/study_plans\/stacjonarne-inzynieria-srodowiska-hydrogeologia-stosowana-i-geotechnika-srodowiska\/module\/bis-2-204-hs-s-dokumentowanie-zasobow-dyspozycyjnych-wod-podziemnych\"><span style=\"color: #3366ff;\">Dokumentowanie zasob\u00f3w dyspozycyjnych w\u00f3d podziemnych &#8211; GGiO\u015a &#8211; 2 HSGS<\/span><\/a><\/span><\/strong><\/p>\n<p><strong><span style=\"color: #3366ff;\"><a href=\"http:\/\/syllabuskrk.agh.edu.pl\/2013-2014\/pl\/magnesite\/study_plans\/stacjonarne-gornictwo-i-geologia-geologia-inzynierska\/module\/bgg-2-105-gi-s-dokumentowanie-zasobow-wod-podziemnych\"><span style=\"color: #3366ff;\">Dokumentowanie zasob\u00f3w w\u00f3d podziemnych &#8211; GGiO\u015a &#8211; 1 GI<\/span><\/a><\/span><\/strong><\/p>\n","protected":false},"excerpt":{"rendered":"<p>Budowa uj\u0119\u0107 w\u00f3d podziemnych &#8211; GGiO\u015a &#8211; 1 GI Budowa uj\u0119\u0107 w\u00f3d podziemnych &#8211;\u00a0GGiO\u015a &#8211; 2 HGI Dokumentowanie zasob\u00f3w dyspozycyjnych w\u00f3d podziemnych &#8211; GGiO\u015a &#8211; 2 HSGS Dokumentowanie zasob\u00f3w w\u00f3d podziemnych &#8211; GGiO\u015a &#8211; 1 GI<\/p>\n","protected":false},"author":1,"featured_media":0,"parent":0,"menu_order":0,"comment_status":"closed","ping_status":"closed","template":"","meta":{"footnotes":""},"class_list":["post-469","page","type-page","status-publish","hentry"],"_links":{"self":[{"href":"https:\/\/www.khgi.agh.edu.pl\/index.php?rest_route=\/wp\/v2\/pages\/469","targetHints":{"allow":["GET"]}}],"collection":[{"href":"https:\/\/www.khgi.agh.edu.pl\/index.php?rest_route=\/wp\/v2\/pages"}],"about":[{"href":"https:\/\/www.khgi.agh.edu.pl\/index.php?rest_route=\/wp\/v2\/types\/page"}],"author":[{"embeddable":true,"href":"https:\/\/www.khgi.agh.edu.pl\/index.php?rest_route=\/wp\/v2\/users\/1"}],"replies":[{"embeddable":true,"href":"https:\/\/www.khgi.agh.edu.pl\/index.php?rest_route=%2Fwp%2Fv2%2Fcomments&post=469"}],"version-history":[{"count":3,"href":"https:\/\/www.khgi.agh.edu.pl\/index.php?rest_route=\/wp\/v2\/pages\/469\/revisions"}],"predecessor-version":[{"id":487,"href":"https:\/\/www.khgi.agh.edu.pl\/index.php?rest_route=\/wp\/v2\/pages\/469\/revisions\/487"}],"wp:attachment":[{"href":"https:\/\/www.khgi.agh.edu.pl\/index.php?rest_route=%2Fwp%2Fv2%2Fmedia&parent=469"}],"curies":[{"name":"wp","href":"https:\/\/api.w.org\/{rel}","templated":true}]}}