{"id":475,"date":"2014-10-06T07:19:35","date_gmt":"2014-10-06T05:19:35","guid":{"rendered":"http:\/\/www.khgi.agh.edu.pl\/?page_id=475"},"modified":"2014-10-06T15:53:49","modified_gmt":"2014-10-06T13:53:49","slug":"m-p","status":"publish","type":"page","link":"https:\/\/www.khgi.agh.edu.pl\/?page_id=475","title":{"rendered":"m-p"},"content":{"rendered":"<p><strong><span style=\"color: #3366ff;\">Mechanika ska\u0142\u00a0&#8211;\u00a0L(I)<\/span><\/strong><\/p>\n<p><strong><span style=\"color: #3366ff;\"><a href=\"http:\/\/syllabuskrk.agh.edu.pl\/2013-2014\/pl\/magnesite\/study_plans\/stacjonarne-gornictwo-i-geologia-hydrogeologia-i-geologia-inzynierska\/module\/bgg-2-203-hg-s-mechanika-skal\"><span style=\"color: #3366ff;\">Mechanika ska\u0142 &#8211;\u00a0Z(II)<\/span><\/a><\/span><\/strong><\/p>\n<p><strong><span style=\"color: #3366ff;\"><a href=\"http:\/\/syllabuskrk.agh.edu.pl\/2013-2014\/pl\/magnesite\/study_plans\/stacjonarne-ochrona-srodowiska-ochrona-srodowiska-wodno-gruntowego\/module\/bos-2-107-sw-s-metody-analityczne-w-badaniu-jakosci-wod\"><span style=\"color: #3366ff;\">Metody analityczne w badaniu jako\u015bci w\u00f3d\u00a0&#8211;\u00a0GGiO\u015a &#8211; 1 OSWG<\/span><\/a><\/span><\/strong><\/p>\n<p><strong><span style=\"color: #3366ff;\"><a href=\"http:\/\/syllabuskrk.agh.edu.pl\/2013-2014\/pl\/magnesite\/study_plans\/stacjonarne-ochrona-srodowiska-techniki-odnowy-srodowiska\/module\/bos-2-210-to-s-metody-geoinzynieryjne-w-ochronie-srodowiska\"><span style=\"color: #3366ff;\">Metody geoin\u017cynieryjne w ochronie \u015brodow. &#8211; Z(II)<\/span><\/a><\/span><\/strong><\/p>\n<p><strong><span style=\"color: #3366ff;\"><a href=\"http:\/\/syllabuskrk.agh.edu.pl\/2013-2014\/pl\/magnesite\/study_plans\/stacjonarne-gornictwo-i-geologia-geologia-inzynierska\/module\/bgg-2-210-gi-s-metody-sejsmiczne-w-geologii-inzynierskiej\"><span style=\"color: #3366ff;\">Metody statystyczne geol. &#8211; in\u017c.\u00a0&#8211; Z(II)<\/span><\/a><\/span><\/strong><\/p>\n<p><strong><span style=\"color: #3366ff;\">Metody statystyczne w hyd. st.,\u00a0 geol. &#8211; in\u017c. i geot\u00a0&#8211;\u00a0L(I)<\/span><\/strong><\/p>\n<p><strong><span style=\"color: #3366ff;\"><a href=\"http:\/\/syllabuskrk.agh.edu.pl\/2013-2014\/pl\/magnesite\/study_plans\/stacjonarne-inzynieria-srodowiska-hydrogeologia-stosowana-i-geotechnika-srodowiska\/module\/bis-2-111-hs-s-metody-statystyczne-w-hydrogeologii-stosowanej-geologii-inzynierskiej-i-geotechnice\"><span style=\"color: #3366ff;\">Metody statystyczne w hydrogeol. stos., geol.in\u017c &#8211;\u00a0GGiO\u015a &#8211; 1 HSGS<\/span><\/a><\/span><\/strong><\/p>\n<p><strong><span style=\"color: #3366ff;\"><a href=\"http:\/\/syllabuskrk.agh.edu.pl\/2012-2013\/pl\/magnesite\/study_plans\/stacjonarne-gornictwo-i-geologia-hydrogeologia-i-geologia-inzynierska\/module\/bgg-2-305-hg-s-metody-statystyczne-w-hydrogeologii\"><span style=\"color: #3366ff;\">Metody statystyczne w hydrogeologii &#8211; GGiO\u015a &#8211; 2 HGI<\/span><\/a><\/span><\/strong><\/p>\n<p><strong><span style=\"color: #3366ff;\"><a href=\"http:\/\/syllabuskrk.agh.edu.pl\/2013-2014\/pl\/magnesite\/study_plans\/stacjonarne-ochrona-srodowiska-ochrona-srodowiska-wodno-gruntowego\/module\/bos-2-102-sw-s-metodyka-poboru-probek-wody\"><span style=\"color: #3366ff;\">Metodyka poboru pr\u00f3bek wody\u00a0&#8211;\u00a0GGiO\u015a &#8211; 1 OSWG<\/span><\/a><\/span><\/strong><\/p>\n<p><strong><span style=\"color: #3366ff;\"><a href=\"http:\/\/syllabuskrk.agh.edu.pl\/2013-2014\/pl\/magnesite\/study_plans\/stacjonarne-ochrona-srodowiska-ochrona-srodowiska-wodno-gruntowego\/module\/bos-2-108-sw-s-migracja-zanieczyszczen-organicznych-w-srodowisku-gruntowo-wodnym\"><span style=\"color: #3366ff;\">Migracja zanieczyszcze\u0144 organicznych w \u015brod. &#8211; GGiO\u015a &#8211; 1 OSWG<\/span><\/a><\/span><\/strong><\/p>\n<p><strong><span style=\"color: #3366ff;\"><a href=\"http:\/\/syllabuskrk.agh.edu.pl\/2013-2014\/pl\/magnesite\/study_plans\/stacjonarne-gornictwo-i-geologia-hydrogeologia-i-geologia-inzynierska\/module\/bgg-2-205-hg-s-mining-and-the-environement\"><span style=\"color: #3366ff;\">Mining and the Environment &#8211;\u00a0GGiO\u015a &#8211; 2 HGI<\/span><\/a><\/span><\/strong><\/p>\n<p><strong><span style=\"color: #3366ff;\"><a href=\"http:\/\/syllabuskrk.agh.edu.pl\/2012-2013\/pl\/magnesite\/study_plans\/stacjonarne-inzynieria-srodowiska-hydrogeologia-stosowana-i-geotechnika-srodowiska\/module\/bis-2-206-hs-s-modelowanie-hydrogeochemiczne-interakcji-wodaskala\"><span style=\"color: #3366ff;\">Modelowanie hydrogeochemiczne interakcji woda-ska\u0142a\u00a0&#8211;\u00a0GGiO\u015a &#8211; 2 HSGS<\/span><\/a><\/span><\/strong><\/p>\n<p><strong><span style=\"color: #3366ff;\"><a href=\"http:\/\/syllabuskrk.agh.edu.pl\/2013-2014\/pl\/magnesite\/study_plans\/stacjonarne-gornictwo-i-geologia-geologia-inzynierska\/module\/bgg-2-105-gi-s-dokumentowanie-zasobow-wod-podziemnych\"><span style=\"color: #3366ff;\">Modelowanie hydrogeologiczne\u00a0&#8211;\u00a0GGiO\u015a &#8211; 1 HSGS<\/span><\/a><\/span><\/strong><\/p>\n<p><strong><span style=\"color: #3366ff;\"><a href=\"http:\/\/syllabuskrk.agh.edu.pl\/2013-2014\/pl\/magnesite\/study_plans\/stacjonarne-ochrona-srodowiska-ochrona-srodowiska-wodno-gruntowego\/module\/bos-2-106-sw-s-modelowanie-hydrogeologiczne\"><span style=\"color: #3366ff;\">Modelowanie hydrogeologiczne w ochronie w\u00f3d &#8211;\u00a0GGiO\u015a &#8211; 1 OSWG<\/span><\/a><\/span><\/strong><\/p>\n<p><strong><span style=\"color: #3366ff;\"><a href=\"http:\/\/syllabuskrk.agh.edu.pl\/2013-2014\/pl\/magnesite\/study_plans\/stacjonarne-gornictwo-i-geologia-hydrogeologia-i-geologia-inzynierska\/module\/bgg-2-210-hg-s-modelowanie-migracji-wod-w-strefie-aeracji\"><span style=\"color: #3366ff;\">Modelowanie migracji w\u00f3d w strefie aeracji &#8211; GGiO\u015a &#8211; 2 HGI<\/span><\/a><\/span><\/strong><\/p>\n<p><strong><span style=\"color: #3366ff;\"><a href=\"http:\/\/syllabuskrk.agh.edu.pl\/2013-2014\/pl\/magnesite\/study_plans\/stacjonarne-gornictwo-i-geologia-hydrogeologia-i-geologia-inzynierska\/module\/bgg-2-206-hg-s-modelowanie-migracji-zanieczyszczen-w-wodach-podziemnych\"><span style=\"color: #3366ff;\">Modelowanie migracji zanieczyszcze\u0144 w \u015brodowisku wodnym &#8211; GGiO\u015a &#8211; 2 HGI<\/span><\/a><\/span><\/strong><\/p>\n<p><strong><span style=\"color: #3366ff;\"><a href=\"http:\/\/syllabuskrk.agh.edu.pl\/2012-2013\/pl\/magnesite\/study_plans\/stacjonarne-inzynieria-srodowiska-hydrogeologia-stosowana-i-geotechnika-srodowiska\/module\/bis-2-202-hs-s-modelowanie-migracji-zanieczyszczen-w-wodach-podziemnych\"><span style=\"color: #3366ff;\">Modelowanie migracji zanieczyszcze\u0144 w wodach podziemnych &#8211;\u00a0GGiO\u015a &#8211; 2 HSGS<\/span><\/a><\/span><\/strong><\/p>\n<p><strong><span style=\"color: #3366ff;\"><a href=\"http:\/\/syllabuskrk.agh.edu.pl\/2012-2013\/pl\/magnesite\/study_plans\/stacjonarne-ochrona-srodowiska-ochrona-srodowiska-wodno-gruntowego\/module\/bos-2-207-sw-s-modelowanie-migracji-zanieczyszczen-w-wodach-podziemnych\"><span style=\"color: #3366ff;\">Modelowanie migracji zanieczyszcze\u0144 w wodach podziemnych &#8211; GGiO\u015a &#8211; 2 OSWG<\/span><\/a><\/span><\/strong><\/p>\n<p><strong><span style=\"color: #3366ff;\"><a href=\"http:\/\/syllabuskrk.agh.edu.pl\/2012-2013\/pl\/magnesite\/study_plans\/stacjonarne-gornictwo-i-geologia-hydrogeologia-i-geologia-inzynierska\/module\/bgg-2-306-hg-s-modelowanie-procesow-hydrogeochemicznych\"><span style=\"color: #3366ff;\">Modelowanie proces\u00f3w hydrogeochemicznych &#8211;\u00a0GGiO\u015a &#8211; 2 HGI<\/span><\/a><\/span><\/strong><\/p>\n<p><strong><span style=\"color: #3366ff;\"><a href=\"http:\/\/syllabuskrk.agh.edu.pl\/2012-2013\/pl\/magnesite\/study_plans\/stacjonarne-ochrona-srodowiska-ochrona-srodowiska-wodno-gruntowego\/module\/bos-2-302-sw-s-modelowanie-transportu-zanieczyszczen-w-strefie-aeracji\"><span style=\"color: #3366ff;\">Modelowanie transportu zanieczyszcze\u0144 w strefie aeracji\u00a0&#8211;\u00a0GGiO\u015a &#8211; 2 OSWG<\/span><\/a><\/span><\/strong><\/p>\n<p><strong><span style=\"color: #3366ff;\">Modelowanie w geologii in\u017cynierskiej &#8211; L(I)<\/span><\/strong><\/p>\n<p><strong><span style=\"color: #3366ff;\"><a href=\"http:\/\/syllabuskrk.agh.edu.pl\/2013-2014\/pl\/magnesite\/study_plans\/stacjonarne-gornictwo-i-geologia-hydrogeologia-i-geologia-inzynierska\/module\/bgg-2-110-hg-s-nowoczesne-metody-badania-skladu-chemicznego-wod-podziemnych\"><span style=\"color: #3366ff;\">Nowoczesne metody badania sk\u0142adu chemiczn. &#8211;\u00a0GGiO\u015a &#8211; 1 HGI<\/span><\/a><\/span><\/strong><\/p>\n<p><strong><span style=\"color: #3366ff;\"><a href=\"http:\/\/syllabuskrk.agh.edu.pl\/2012-2013\/pl\/magnesite\/study_plans\/stacjonarne-ochrona-srodowiska-ocena-stanu-srodowiska\"><span style=\"color: #3366ff;\">Ocena stanu w\u00f3d &#8211;\u00a0GGiO\u015a &#8211; 2 OS\u015a<\/span><\/a><\/span><\/strong><\/p>\n<p><strong><span style=\"color: #3366ff;\"><a href=\"http:\/\/syllabuskrk.agh.edu.pl\/2012-2013\/pl\/magnesite\/study_plans\/stacjonarne-ochrona-srodowiska-ochrona-srodowiska-wodno-gruntowego\/module\/bos-2-301-sw-s-ochrona-ekosystemow-zaleznych-od-wod-podziemnych\"><span style=\"color: #3366ff;\">Ochrona ekosystem\u00f3w zale\u017cnych od w\u00f3d powdzi &#8211;\u00a0GGiO\u015a &#8211; 2 OSWG<\/span><\/a><\/span><\/strong><\/p>\n<p><strong><span style=\"color: #3366ff;\"><a href=\"http:\/\/syllabuskrk.agh.edu.pl\/2013-2014\/pl\/magnesite\/study_plans\/stacjonarne-gornictwo-i-geologia-hydrogeologia-i-geologia-inzynierska\/module\/bgg-2-105-hg-s-ochrona-wod-podziemnych\"><span style=\"color: #3366ff;\">Ochrona w\u00f3d podziemnych\u00a0&#8211;\u00a0GGiO\u015a &#8211; 1 HGI<\/span><\/a><\/span><\/strong><\/p>\n<p><strong><span style=\"color: #3366ff;\"><a href=\"http:\/\/syllabuskrk.agh.edu.pl\/2013-2014\/pl\/magnesite\/study_plans\/stacjonarne-ochrona-srodowiska-ochrona-srodowiska-wodno-gruntowego\/module\/bos-2-103-sw-s-ochrona-wod-podziemnych\"><span style=\"color: #3366ff;\">Ochrona w\u00f3d podziemnych &#8211;\u00a0GGiO\u015a &#8211; 1 OSWG<\/span><\/a><\/span><\/strong><\/p>\n<p><strong><span style=\"color: #3366ff;\"><a href=\"http:\/\/syllabuskrk.agh.edu.pl\/2012-2013\/pl\/magnesite\/study_plans\/stacjonarne-inzynieria-srodowiska-hydrogeologia-stosowana-i-geotechnika-srodowiska\/module\/bis-2-210-hs-s-podstawy-technologii-uzdatniania-wod-i-oczyszczania-sciekow\"><span style=\"color: #3366ff;\">Oczyszczanie i uzdatnianie w\u00f3d\u00a0&#8211;\u00a0GGiO\u015a &#8211; 2 HSGS<\/span><\/a><\/span><\/strong><\/p>\n<p><strong><span style=\"color: #3366ff;\"><a href=\"http:\/\/syllabuskrk.agh.edu.pl\/2012-2013\/pl\/magnesite\/study_plans\/stacjonarne-inzynieria-srodowiska-hydrogeologia-stosowana-i-geotechnika-srodowiska\/module\/bis-2-305-hs-s-oddzialywania-antropogeniczne-na-wody-podziemne-i-metody-przeciwdzialania\"><span style=\"color: #3366ff;\">Oddzia\u0142ywanie antropogeniczne na wody podziemne i metody przeciwdzia\u0142ania\u00a0&#8211;\u00a0GGiO\u015a &#8211; 2 HSGS<\/span><\/a><\/span><\/strong><\/p>\n<p><strong><span style=\"color: #3366ff;\"><a href=\"http:\/\/syllabuskrk.agh.edu.pl\/2013-2014\/pl\/magnesite\/study_plans\/stacjonarne-ochrona-srodowiska-ochrona-srodowiska-wodno-gruntowego\/module\/bos-2-109-sw-s-ogniska-zanieczyszczen-srodowiska-wodnego\"><span style=\"color: #3366ff;\">Ogniska zanieczyszcze\u0144 \u015brodowiska wodnego &#8211; GGiO\u015a &#8211; 1 OSWG<\/span><\/a><\/span><\/strong><\/p>\n<p><strong><span style=\"color: #3366ff;\"><a href=\"http:\/\/syllabuskrk.agh.edu.pl\/2012-2013\/pl\/magnesite\/study_plans\/stacjonarne-ochrona-srodowiska-ochrona-srodowiska-wodno-gruntowego\/module\/bos-2-202-sw-s-pierwiastki-sladowe-w-srodowisku-wodnym\"><span style=\"color: #3366ff;\">Pierwiastki \u015bladowe w \u015brodowisku wodnym &#8211; GGiO\u015a &#8211; 2 OSWG<\/span><\/a><\/span><\/strong><\/p>\n<p><strong><span style=\"color: #3366ff;\">Podstawy geotechniki \u015brodowiska &#8211;\u00a0L(I)<\/span><\/strong><\/p>\n<p><strong><span style=\"color: #3366ff;\"><a href=\"http:\/\/syllabuskrk.agh.edu.pl\/2013-2014\/pl\/magnesite\/study_plans\/stacjonarne-gornictwo-i-geologia-geologia-inzynierska\/module\/bgg-2-306-gi-s-engineering-geology\"><span style=\"color: #3366ff;\">Praktyczne aspekty geologii in\u017cynierskiej &#8211;\u00a0L(III)<\/span><\/a><\/span><\/strong><\/p>\n<p><strong><span style=\"color: #3366ff;\"><a href=\"http:\/\/syllabuskrk.agh.edu.pl\/2013-2014\/pl\/magnesite\/study_plans\/stacjonarne-gornictwo-i-geologia-hydrogeologia-i-geologia-inzynierska\/module\/bgg-2-109-hg-s-projektowanie-i-interpretacja-probnych-pompowan\"><span style=\"color: #3366ff;\">Projektowanie i interpretacja pr\u00f3bnych pompowa\u0144 &#8211; GGiO\u015a &#8211; 1 HGI<\/span><\/a><\/span><\/strong><\/p>\n<p><strong><span style=\"color: #3366ff;\"><a href=\"http:\/\/syllabuskrk.agh.edu.pl\/2012-2013\/pl\/magnesite\/study_plans\/stacjonarne-gornictwo-i-geologia-geologia-inzynierska\/module\/bgg-2-205-gi-s-projektowanie-i-interpretacja-probnych-pompowan\"><span style=\"color: #3366ff;\">Projektowanie i interpretacja pr\u00f3bnych pompowa\u0144 &#8211; GGiO\u015a &#8211; 2 GI<\/span><\/a><\/span><\/strong><\/p>\n<p><strong><span style=\"color: #3366ff;\"><a href=\"http:\/\/syllabuskrk.agh.edu.pl\/2013-2014\/pl\/magnesite\/study_plans\/stacjonarne-inzynieria-srodowiska-hydrogeologia-stosowana-i-geotechnika-srodowiska\/module\/bis-2-109-hs-s-projektowanie-i-interpretacja-probnych-pompowan\"><span style=\"color: #3366ff;\">Projektowanie i Interpretacja wynik\u00f3w pr\u00f3bnych pompowa\u0144 &#8211; GGiO\u015a &#8211; 1 HSGS<\/span><\/a><\/span><\/strong><\/p>\n<p><strong><span style=\"color: #3366ff;\"><a href=\"http:\/\/syllabuskrk.agh.edu.pl\/2013-2014\/pl\/magnesite\/study_plans\/stacjonarne-gornictwo-i-geologia-hydrogeologia-i-geologia-inzynierska\/module\/bgg-2-106-hg-s-przeplyw-wody-i-zanieczyszczen-w-strefie-aeracji\"><span style=\"color: #3366ff;\">Przep\u0142yw wody i zanieczyszcz. w strefie aeracji &#8211;\u00a0GGiO\u015a &#8211; 1 HGI<\/span><\/a><\/span><\/strong><\/p>\n","protected":false},"excerpt":{"rendered":"<p>Mechanika ska\u0142\u00a0&#8211;\u00a0L(I) Mechanika ska\u0142 &#8211;\u00a0Z(II) Metody analityczne w badaniu jako\u015bci w\u00f3d\u00a0&#8211;\u00a0GGiO\u015a &#8211; 1 OSWG Metody geoin\u017cynieryjne w ochronie \u015brodow. &#8211; Z(II) Metody statystyczne geol. &#8211; in\u017c.\u00a0&#8211; Z(II) Metody statystyczne w hyd. st.,\u00a0 geol. &#8211; in\u017c. i geot\u00a0&#8211;\u00a0L(I) Metody statystyczne w hydrogeol. stos., geol.in\u017c &#8211;\u00a0GGiO\u015a &#8211; 1 HSGS Metody statystyczne w hydrogeologii &#8211; GGiO\u015a &#8211; 2 [&hellip;]<\/p>\n","protected":false},"author":1,"featured_media":0,"parent":0,"menu_order":0,"comment_status":"closed","ping_status":"closed","template":"","meta":{"footnotes":""},"class_list":["post-475","page","type-page","status-publish","hentry"],"_links":{"self":[{"href":"https:\/\/www.khgi.agh.edu.pl\/index.php?rest_route=\/wp\/v2\/pages\/475","targetHints":{"allow":["GET"]}}],"collection":[{"href":"https:\/\/www.khgi.agh.edu.pl\/index.php?rest_route=\/wp\/v2\/pages"}],"about":[{"href":"https:\/\/www.khgi.agh.edu.pl\/index.php?rest_route=\/wp\/v2\/types\/page"}],"author":[{"embeddable":true,"href":"https:\/\/www.khgi.agh.edu.pl\/index.php?rest_route=\/wp\/v2\/users\/1"}],"replies":[{"embeddable":true,"href":"https:\/\/www.khgi.agh.edu.pl\/index.php?rest_route=%2Fwp%2Fv2%2Fcomments&post=475"}],"version-history":[{"count":3,"href":"https:\/\/www.khgi.agh.edu.pl\/index.php?rest_route=\/wp\/v2\/pages\/475\/revisions"}],"predecessor-version":[{"id":494,"href":"https:\/\/www.khgi.agh.edu.pl\/index.php?rest_route=\/wp\/v2\/pages\/475\/revisions\/494"}],"wp:attachment":[{"href":"https:\/\/www.khgi.agh.edu.pl\/index.php?rest_route=%2Fwp%2Fv2%2Fmedia&parent=475"}],"curies":[{"name":"wp","href":"https:\/\/api.w.org\/{rel}","templated":true}]}}