{"id":479,"date":"2014-10-06T07:21:02","date_gmt":"2014-10-06T05:21:02","guid":{"rendered":"http:\/\/www.khgi.agh.edu.pl\/?page_id=479"},"modified":"2014-10-06T16:35:57","modified_gmt":"2014-10-06T14:35:57","slug":"w-z","status":"publish","type":"page","link":"https:\/\/www.khgi.agh.edu.pl\/?page_id=479","title":{"rendered":"w-z"},"content":{"rendered":"<p><strong><span style=\"color: #3366ff;\"><a href=\"http:\/\/syllabuskrk.agh.edu.pl\/2013-2014\/pl\/magnesite\/study_plans\/stacjonarne-gornictwo-i-geologia-hydrogeologia-i-geologia-inzynierska\/module\/bgg-2-209-hg-s-wody-mineralne-lecznicze-i-termalne\"><span style=\"color: #3366ff;\">Wody mineralne, lecznicze i termalne &#8211; GGiO\u015a &#8211; 2 HGI<\/span><\/a><\/span><\/strong><\/p>\n<p><strong><span style=\"color: #3366ff;\"><a href=\"http:\/\/syllabuskrk.agh.edu.pl\/2012-2013\/pl\/magnesite\/study_plans\/stacjonarne-ochrona-srodowiska-ochrona-srodowiska-wodno-gruntowego\/module\/bos-2-205-sw-s-wody-mineralne-lecznicze-i-termalne\"><span style=\"color: #3366ff;\">Wody mineralne, lecznicze i termalne &#8211; GGiO\u015a &#8211; 2 OSWG<\/span><\/a><\/span><\/strong><\/p>\n<p><strong><span style=\"color: #3366ff;\"><a href=\"http:\/\/syllabuskrk.agh.edu.pl\/2013-2014\/pl\/magnesite\/study_plans\/stacjonarne-inzynieria-srodowiska-hydrogeologia-stosowana-i-geotechnika-srodowiska\/module\/bis-2-211-hs-s-wody-mineralne-lecznicze-i-termalne\"><span style=\"color: #3366ff;\">Wody termalne, mineralne i lecznicze &#8211; GGiO\u015a &#8211; 1 HSGS<\/span><\/a><\/span><\/strong><\/p>\n<p><strong><span style=\"color: #3366ff;\"><a href=\"http:\/\/syllabuskrk.agh.edu.pl\/2013-2014\/pl\/magnesite\/study_plans\/stacjonarne-gornictwo-i-geologia-geologia-inzynierska\/module\/bgg-2-201-gi-s-wplyw-gornictwa-na-srodowisko-gruntowe\"><span style=\"color: #3366ff;\">Wplyw g\u00f3rnictwa na \u015brodowisko gruntowe &#8211; Z(II)<\/span><\/a><\/span><\/strong><\/p>\n<p><strong><span style=\"color: #3366ff;\"><a href=\"http:\/\/syllabuskrk.agh.edu.pl\/2013-2014\/pl\/magnesite\/study_plans\/stacjonarne-gornictwo-i-geologia-hydrogeologia-i-geologia-inzynierska\/module\/bgg-2-201-hg-s-wplyw-gornictwa-na-srodowisko-gruntowe\"><span style=\"color: #3366ff;\">Wplyw g\u00f3rnictwa na \u015brodowisko gruntowe &#8211;\u00a0Z(II)<\/span><\/a><\/span><\/strong><\/p>\n<p><strong><span style=\"color: #3366ff;\"><a href=\"http:\/\/syllabuskrk.agh.edu.pl\/2013-2014\/pl\/magnesite\/study_plans\/stacjonarne-gornictwo-i-geologia-geologia-inzynierska\/module\/bgg-2-201-gi-s-wplyw-gornictwa-na-srodowisko-gruntowe\"><span style=\"color: #3366ff;\">Wp\u0142yw g\u00f3rnictwa na o\u015brodek gruntowy &#8211; Z(II)<\/span><\/a><\/span><\/strong><\/p>\n<p><strong><span style=\"color: #3366ff;\"><a href=\"http:\/\/syllabuskrk.agh.edu.pl\/2012-2013\/pl\/magnesite\/study_plans\/stacjonarne-gornictwo-i-geologia-geologia-inzynierska\/module\/bgg-2-203-gi-s-wplyw-gornictwa-na-srodowisko-wodne\"><span style=\"color: #3366ff;\">Wp\u0142yw g\u00f3rnictwa na \u015brodowisko wodne &#8211; GGiO\u015a &#8211; 2 GI<\/span><\/a><\/span><\/strong><\/p>\n<p><strong><span style=\"color: #3366ff;\"><a href=\"http:\/\/syllabuskrk.agh.edu.pl\/2013-2014\/pl\/magnesite\/study_plans\/stacjonarne-ochrona-srodowiska-ochrona-srodowiska-wodno-gruntowego\/module\/bos-2-104-sw-s-wyznaczanie-parametrow-migracji-zanieczyszczen-w-srodowisku-gruntowo-wodnym\"><span style=\"color: #3366ff;\">Wyznaczanie parametr\u00f3w migracji zanieczysz. &#8211; GGiO\u015a &#8211; 1 OSWG<\/span><\/a><\/span><\/strong><\/p>\n<p><strong><span style=\"color: #3366ff;\"><a href=\"http:\/\/syllabuskrk.agh.edu.pl\/2013-2014\/pl\/magnesite\/study_plans\/stacjonarne-gornictwo-i-geologia-hydrogeologia-i-geologia-inzynierska\/module\/bgg-2-108-hg-s-modelowanie-hydrogeologiczne\"><span style=\"color: #3366ff;\">Zaawansowanie modelowanie hydrogeologiczne &#8211; GGiO\u015a &#8211; 1 HGI<\/span><\/a><\/span><\/strong><\/p>\n<p><strong><span style=\"color: #3366ff;\"><a href=\"http:\/\/syllabuskrk.agh.edu.pl\/2013-2014\/pl\/magnesite\/study_plans\/stacjonarne-gornictwo-i-geologia-hydrogeologia-i-geologia-inzynierska\/module\/bgg-2-113-hg-s-zajecia-terenowe-z-hydrogeologii-stosowanej\"><span style=\"color: #3366ff;\">Zajecia terenowe z hydrogeologii stosowanej &#8211; GGiO\u015a &#8211; 1 HGI<\/span><\/a><\/span><\/strong><\/p>\n<p><strong><span style=\"color: #3366ff;\"><a href=\"http:\/\/syllabuskrk.agh.edu.pl\/2013-2014\/pl\/magnesite\/study_plans\/stacjonarne-inzynieria-srodowiska-hydrogeologia-stosowana-i-geotechnika-srodowiska\/module\/bis-2-112-hs-s-zajecia-terenowe-z-ochrony-srodowiska-wodno-gruntowego\"><span style=\"color: #3366ff;\">Zajecia terenowe z ochrony \u015brod wod-grunt &#8211; GGiO\u015a &#8211; 1 HSGS<\/span><\/a><\/span><\/strong><\/p>\n<p><strong><span style=\"color: #3366ff;\">Zaj\u0119cia terenowe z geotechniki &#8211; L(I)<\/span><\/strong><\/p>\n<p><strong><span style=\"color: #3366ff;\">Zaj\u0119cia terenowe z ochrony \u015brod. Wod-grun &#8211; L(I)<\/span><\/strong><\/p>\n<p><strong><span style=\"color: #3366ff;\"><a href=\"http:\/\/syllabuskrk.agh.edu.pl\/2013-2014\/pl\/magnesite\/study_plans\/stacjonarne-ochrona-srodowiska-ochrona-srodowiska-wodno-gruntowego\/module\/bos-2-110-sw-s-zajecia-terenowe-z-ochrony-wod\"><span style=\"color: #3366ff;\">Zaj\u0119cia terenowe z ochrony w\u00f3d &#8211; GGiO\u015a &#8211; 1 OSWG<\/span><\/a><\/span><\/strong><\/p>\n<p><strong><span style=\"color: #3366ff;\"><a href=\"http:\/\/syllabuskrk.agh.edu.pl\/2012-2013\/pl\/magnesite\/study_plans\/stacjonarne-inzynieria-srodowiska-hydrogeologia-stosowana-i-geotechnika-srodowiska\/module\/bis-2-203-hs-s-zarzadzanie-jakoscia-w-monitoringu-wod-podziemnych\"><span style=\"color: #3366ff;\">Zarz\u0105dzanie jako\u015bci\u0105 w monitoringu w\u00f3d podziemnych &#8211;\u00a0GGiO\u015a &#8211; 2 HSGS<\/span><\/a><\/span><\/strong><\/p>\n<p><strong><span style=\"color: #3366ff;\"><a href=\"http:\/\/syllabuskrk.agh.edu.pl\/2013-2014\/pl\/magnesite\/study_plans\/stacjonarne-gornictwo-i-geologia-hydrogeologia-i-geologia-inzynierska\/module\/bgg-2-207-hg-s-zastosowanie-metod-izotopowych-w-hydrogeologii\"><span style=\"color: #3366ff;\">Zastosowanie metod izotopowych w hydrogeologii &#8211; GGiO\u015a &#8211; 2 HGI<\/span><\/a><\/span><\/strong><\/p>\n","protected":false},"excerpt":{"rendered":"<p>Wody mineralne, lecznicze i termalne &#8211; GGiO\u015a &#8211; 2 HGI Wody mineralne, lecznicze i termalne &#8211; GGiO\u015a &#8211; 2 OSWG Wody termalne, mineralne i lecznicze &#8211; GGiO\u015a &#8211; 1 HSGS Wplyw g\u00f3rnictwa na \u015brodowisko gruntowe &#8211; Z(II) Wplyw g\u00f3rnictwa na \u015brodowisko gruntowe &#8211;\u00a0Z(II) Wp\u0142yw g\u00f3rnictwa na o\u015brodek gruntowy &#8211; Z(II) Wp\u0142yw g\u00f3rnictwa na \u015brodowisko wodne [&hellip;]<\/p>\n","protected":false},"author":1,"featured_media":0,"parent":0,"menu_order":0,"comment_status":"closed","ping_status":"closed","template":"","meta":{"footnotes":""},"class_list":["post-479","page","type-page","status-publish","hentry"],"_links":{"self":[{"href":"https:\/\/www.khgi.agh.edu.pl\/index.php?rest_route=\/wp\/v2\/pages\/479","targetHints":{"allow":["GET"]}}],"collection":[{"href":"https:\/\/www.khgi.agh.edu.pl\/index.php?rest_route=\/wp\/v2\/pages"}],"about":[{"href":"https:\/\/www.khgi.agh.edu.pl\/index.php?rest_route=\/wp\/v2\/types\/page"}],"author":[{"embeddable":true,"href":"https:\/\/www.khgi.agh.edu.pl\/index.php?rest_route=\/wp\/v2\/users\/1"}],"replies":[{"embeddable":true,"href":"https:\/\/www.khgi.agh.edu.pl\/index.php?rest_route=%2Fwp%2Fv2%2Fcomments&post=479"}],"version-history":[{"count":4,"href":"https:\/\/www.khgi.agh.edu.pl\/index.php?rest_route=\/wp\/v2\/pages\/479\/revisions"}],"predecessor-version":[{"id":499,"href":"https:\/\/www.khgi.agh.edu.pl\/index.php?rest_route=\/wp\/v2\/pages\/479\/revisions\/499"}],"wp:attachment":[{"href":"https:\/\/www.khgi.agh.edu.pl\/index.php?rest_route=%2Fwp%2Fv2%2Fmedia&parent=479"}],"curies":[{"name":"wp","href":"https:\/\/api.w.org\/{rel}","templated":true}]}}