{"id":9,"date":"2014-06-02T19:08:50","date_gmt":"2014-06-02T17:08:50","guid":{"rendered":"http:\/\/www.khgi.agh.edu.pl\/?page_id=9"},"modified":"2020-01-27T22:02:45","modified_gmt":"2020-01-27T21:02:45","slug":"dzialalnosc-naukowo-badawcza","status":"publish","type":"page","link":"https:\/\/www.khgi.agh.edu.pl\/?page_id=9","title":{"rendered":"Dzia\u0142alno\u015b\u0107 naukowo-badawcza"},"content":{"rendered":"<p><strong><span style=\"color: #3366ff;\"><a title=\"Projekty\" href=\"http:\/\/www.khgi.agh.edu.pl\/?page_id=592\"><span style=\"color: #3366ff;\">Projekty<\/span><\/a><\/span><\/strong><br \/>\n<strong><span style=\"color: #3366ff;\"><a href=\"http:\/\/www.khgi.agh.edu.pl\/?page_id=1819\"><span style=\"color: #3366ff;\">Laboratoria<\/span><\/a><br \/>\n<a style=\"color: #3366ff;\" href=\"https:\/\/bpp.agh.edu.pl\/\">Publikacje<\/a><br \/>\n<\/span><\/strong><strong><span style=\"color: #3366ff;\"><a title=\"Oferta\" href=\"http:\/\/www.khgi.agh.edu.pl\/?page_id=594\"><span style=\"color: #3366ff;\">Oferta<\/span><\/a><\/span><\/strong><\/p>\n","protected":false},"excerpt":{"rendered":"<p>Projekty Laboratoria Publikacje Oferta<\/p>\n","protected":false},"author":1,"featured_media":0,"parent":0,"menu_order":0,"comment_status":"open","ping_status":"open","template":"","meta":{"footnotes":""},"class_list":["post-9","page","type-page","status-publish","hentry"],"_links":{"self":[{"href":"https:\/\/www.khgi.agh.edu.pl\/index.php?rest_route=\/wp\/v2\/pages\/9","targetHints":{"allow":["GET"]}}],"collection":[{"href":"https:\/\/www.khgi.agh.edu.pl\/index.php?rest_route=\/wp\/v2\/pages"}],"about":[{"href":"https:\/\/www.khgi.agh.edu.pl\/index.php?rest_route=\/wp\/v2\/types\/page"}],"author":[{"embeddable":true,"href":"https:\/\/www.khgi.agh.edu.pl\/index.php?rest_route=\/wp\/v2\/users\/1"}],"replies":[{"embeddable":true,"href":"https:\/\/www.khgi.agh.edu.pl\/index.php?rest_route=%2Fwp%2Fv2%2Fcomments&post=9"}],"version-history":[{"count":7,"href":"https:\/\/www.khgi.agh.edu.pl\/index.php?rest_route=\/wp\/v2\/pages\/9\/revisions"}],"predecessor-version":[{"id":1821,"href":"https:\/\/www.khgi.agh.edu.pl\/index.php?rest_route=\/wp\/v2\/pages\/9\/revisions\/1821"}],"wp:attachment":[{"href":"https:\/\/www.khgi.agh.edu.pl\/index.php?rest_route=%2Fwp%2Fv2%2Fmedia&parent=9"}],"curies":[{"name":"wp","href":"https:\/\/api.w.org\/{rel}","templated":true}]}}