{"id":93,"date":"2014-06-06T23:17:17","date_gmt":"2014-06-06T21:17:17","guid":{"rendered":"http:\/\/www.khgi.agh.edu.pl\/?page_id=93"},"modified":"2018-09-28T12:28:36","modified_gmt":"2018-09-28T10:28:36","slug":"hydrogeologia-2","status":"publish","type":"page","link":"https:\/\/www.khgi.agh.edu.pl\/?page_id=93","title":{"rendered":"Hydrogeologia"},"content":{"rendered":"<p><strong>1.\u00a02014-2017<\/strong><\/p>\n<p>Udzia\u0142 w projekcie badawczym pt.: \u201eSoils2Sea \u2013 Reducing nutrient loadings from agricultural soils to the Baltic Sea via groundwater and streams. BONUS call 2012: Viable ecosystem.\u00a0\u2014 <a href=\"www.soils2sea.eu\">www.soils2sea.eu<\/a><\/p>\n<p><strong>2.<\/strong> <strong>2011-2015<\/strong><\/p>\n<p>Udzia\u0142 w projekcie badawczym w ramach VII PR UE pt.: \u201eADVOCATE \u2013 Advancing In Situ Remediation for Contaminated Land and Groundwater (no. 265063) \u2013 FP7-PEOPLE-ITN-2008.\u00a0\u2014 <a href=\"www.theadvocateproject.eu\">www.theadvocateproject.eu<\/a><\/p>\n<p><strong>3.\u00a02010-2014<\/strong><\/p>\n<p>Udzia\u0142 w projekt badawczym w ramach VII PR UE pt.: \u201eHOMBRE \u2013 HOlistic Management of Brownfield Regeneration\u201d. FP7 ENV.2010.3.1.5-2. Environmental technologies for brownfield regeneration, Collaborative Project, GA no.: 265097.\u00a0<strong>\u2014\u00a0<\/strong><a href=\"www.zerobrownfields.eu\">www.zerobrownfields.eu<\/a><\/p>\n<p><strong>4. 2009-2014<\/strong><\/p>\n<p>Udzia\u0142 w\u00a0VII Ramowym Programie Unii Europejskiej Groundwater and dependent ecosystems: new scientific basis on climate change and land-use impacts for the update of the EU Groundwater Directive. VII PR UE. Contract\u00a0<strong>GENESIS<\/strong>\u00a0No: 226536.\u00a0\u2014 <a href=\"www.thegesesisproject.eu\">www.thegesesisproject.eu<\/a><\/p>\n<p><strong>5. 2007-2010<\/strong><\/p>\n<p>Udzia\u0142 w\u00a0pracach European Cooperation in Science and Technology\u00a0<strong>COST Akcja 637<\/strong>\u00a0\u2014 Metals and Related Substances in Drinking Water (Metale i\u00a0substancje towarzysz\u0105ce w\u00a0wodach przeznaczonych do spo\u017cycia). \u2014\u00a0<a href=\"http:\/\/www.meteau.org\/\">www.meteau.org<\/a><\/p>\n<p><strong>6. 2003-2006<\/strong><\/p>\n<p>Udzia\u0142 w\u00a0VI Ramowym Programie Unii Europejskiej \u2014 program\u00a0<strong>BRIDGE<\/strong>\u00a0\u2014 Naturalne t\u0142o hydrogeochemiczne jako kryterium wyznaczania warto\u015bci granicznych dla w\u00f3d podziemnych. Background cRiteria for the IDentification of\u00a0Groundwater thresholds. \u2014\u00a0<a href=\"http:\/\/nfp-at.eionet.eu.int:8980\/irc\/eionet-circle\/bridge\/info\/data\/en\/index.htm\">nfp-at.eionet.eu<\/a><\/p>\n<p><strong>7. 2001-2003<\/strong><\/p>\n<p>Udzia\u0142 w\u00a0V Ramowym Programie Unii Europejskiej \u2014 mi\u0119dzynarodowy projekt\u00a0<strong>BASELINE<\/strong>\u201eNaturalne standardy jako\u015bci europejskich w\u00f3d podziemnych \u2014 podstawa gospodarowania zasobami zbiornik\u00f3w w\u00f3d podziemnych\u201d (Natural Baseline Quality in European Aquifers: A\u00a0Basis for Aquifer Management). \u2014\u00a0<a href=\"http:\/\/www.bgs.ac.uk\/hydrogeology\/baseline\">http:\/\/www.bgs.ac.uk\/hydrogeology\/baseline<\/a><\/p>\n<p><strong>8. 1991\u20131994<\/strong><\/p>\n<p><strong>PHARE<\/strong>\u00a0Regional Environmental Sector Programme 1991. Contract: P-UV\/2. The Groundwater Quality Monitoring of the Upper Vistula River Basin (Monitoring jako\u015bci w\u00f3d Podziemnych w\u00a0zlewni G\u00f3rnej Wis\u0142y.<\/p>\n<p>&nbsp;<\/p>\n","protected":false},"excerpt":{"rendered":"<p>1.\u00a02014-2017 Udzia\u0142 w projekcie badawczym pt.: \u201eSoils2Sea \u2013 Reducing nutrient loadings from agricultural soils to the Baltic Sea via groundwater and streams. BONUS call 2012: Viable ecosystem.\u00a0\u2014 www.soils2sea.eu 2. 2011-2015 Udzia\u0142 w projekcie badawczym w ramach VII PR UE pt.: \u201eADVOCATE \u2013 Advancing In Situ Remediation for Contaminated Land and Groundwater (no. 265063) \u2013 FP7-PEOPLE-ITN-2008.\u00a0\u2014 [&hellip;]<\/p>\n","protected":false},"author":1,"featured_media":0,"parent":0,"menu_order":0,"comment_status":"open","ping_status":"open","template":"","meta":{"footnotes":""},"class_list":["post-93","page","type-page","status-publish","hentry"],"_links":{"self":[{"href":"https:\/\/www.khgi.agh.edu.pl\/index.php?rest_route=\/wp\/v2\/pages\/93","targetHints":{"allow":["GET"]}}],"collection":[{"href":"https:\/\/www.khgi.agh.edu.pl\/index.php?rest_route=\/wp\/v2\/pages"}],"about":[{"href":"https:\/\/www.khgi.agh.edu.pl\/index.php?rest_route=\/wp\/v2\/types\/page"}],"author":[{"embeddable":true,"href":"https:\/\/www.khgi.agh.edu.pl\/index.php?rest_route=\/wp\/v2\/users\/1"}],"replies":[{"embeddable":true,"href":"https:\/\/www.khgi.agh.edu.pl\/index.php?rest_route=%2Fwp%2Fv2%2Fcomments&post=93"}],"version-history":[{"count":7,"href":"https:\/\/www.khgi.agh.edu.pl\/index.php?rest_route=\/wp\/v2\/pages\/93\/revisions"}],"predecessor-version":[{"id":1498,"href":"https:\/\/www.khgi.agh.edu.pl\/index.php?rest_route=\/wp\/v2\/pages\/93\/revisions\/1498"}],"wp:attachment":[{"href":"https:\/\/www.khgi.agh.edu.pl\/index.php?rest_route=%2Fwp%2Fv2%2Fmedia&parent=93"}],"curies":[{"name":"wp","href":"https:\/\/api.w.org\/{rel}","templated":true}]}}